{"id":2135,"date":"2023-03-30T13:13:03","date_gmt":"2023-03-30T13:13:03","guid":{"rendered":"https:\/\/glasmuseum.pixeltypen.de\/?page_id=2135"},"modified":"2023-04-06T09:06:18","modified_gmt":"2023-04-06T09:06:18","slug":"downloads","status":"publish","type":"page","link":"https:\/\/glasmuseum-frauenau.de\/en\/downloads\/","title":{"rendered":"Downloads"},"content":{"rendered":"<div data-elementor-type=\"wp-page\" data-elementor-id=\"2135\" class=\"elementor elementor-2135\" data-elementor-post-type=\"page\">\n\t\t\t\t\t\t<section class=\"elementor-section elementor-top-section elementor-element elementor-element-35ce5c5 elementor-section-full_width main-header elementor-section-height-default elementor-section-height-default\" data-id=\"35ce5c5\" data-element_type=\"section\" data-e-type=\"section\">\n\t\t\t\t\t\t<div class=\"elementor-container elementor-column-gap-default\">\n\t\t\t\t\t<div class=\"elementor-column elementor-col-100 elementor-top-column elementor-element elementor-element-70192aa\" data-id=\"70192aa\" data-element_type=\"column\" data-e-type=\"column\">\n\t\t\t<div class=\"elementor-widget-wrap elementor-element-populated\">\n\t\t\t\t\t\t<div class=\"elementor-element elementor-element-7623cc6 elementor--h-position-center elementor--v-position-middle elementor-arrows-position-inside elementor-widget elementor-widget-slides\" data-id=\"7623cc6\" data-element_type=\"widget\" data-e-type=\"widget\" data-settings=\"{&quot;navigation&quot;:&quot;arrows&quot;,&quot;autoplay&quot;:&quot;yes&quot;,&quot;pause_on_hover&quot;:&quot;yes&quot;,&quot;pause_on_interaction&quot;:&quot;yes&quot;,&quot;autoplay_speed&quot;:5000,&quot;infinite&quot;:&quot;yes&quot;,&quot;transition&quot;:&quot;slide&quot;,&quot;transition_speed&quot;:500}\" data-widget_type=\"slides.default\">\n\t\t\t\t<div class=\"elementor-widget-container\">\n\t\t\t\t\t\t\t\t\t<div class=\"elementor-swiper\">\n\t\t\t\t\t<div class=\"elementor-slides-wrapper elementor-main-swiper swiper\" role=\"region\" aria-roledescription=\"carousel\" aria-label=\"Slider\" dir=\"ltr\" data-animation=\"fadeInUp\">\n\t\t\t\t<div class=\"swiper-wrapper elementor-slides\">\n\t\t\t\t\t\t\t\t\t\t<div class=\"elementor-repeater-item-3973127 swiper-slide\" role=\"group\" aria-roledescription=\"slide\"><div class=\"swiper-slide-bg\" role=\"img\" aria-label=\"_LW_0536-1\"><\/div><div class=\"elementor-background-overlay\"><\/div><div class=\"swiper-slide-inner\" ><div class=\"swiper-slide-contents\"><div class=\"elementor-slide-heading\">Downloads<\/div><\/div><\/div><\/div>\t\t\t\t<\/div>\n\t\t\t\t\t\t\t<\/div>\n\t\t\t\t<\/div>\n\t\t\t\t\t\t\t\t<\/div>\n\t\t\t\t<\/div>\n\t\t\t\t\t<\/div>\n\t\t<\/div>\n\t\t\t\t\t<\/div>\n\t\t<\/section>\n\t\t\t\t<section class=\"elementor-section elementor-top-section elementor-element elementor-element-592229a elementor-section-full_width elementor-section-height-default elementor-section-height-default\" data-id=\"592229a\" data-element_type=\"section\" data-e-type=\"section\">\n\t\t\t\t\t\t<div class=\"elementor-container elementor-column-gap-default\">\n\t\t\t\t\t<div class=\"elementor-column elementor-col-100 elementor-top-column elementor-element elementor-element-8582998\" data-id=\"8582998\" data-element_type=\"column\" data-e-type=\"column\">\n\t\t\t<div class=\"elementor-widget-wrap elementor-element-populated\">\n\t\t\t\t\t\t<section class=\"elementor-section elementor-inner-section elementor-element elementor-element-e698d87 elementor-section-boxed elementor-section-height-default elementor-section-height-default\" data-id=\"e698d87\" data-element_type=\"section\" data-e-type=\"section\">\n\t\t\t\t\t\t<div class=\"elementor-container elementor-column-gap-default\">\n\t\t\t\t\t<div class=\"elementor-column elementor-col-50 elementor-inner-column elementor-element elementor-element-8da283d\" data-id=\"8da283d\" data-element_type=\"column\" data-e-type=\"column\">\n\t\t\t<div class=\"elementor-widget-wrap elementor-element-populated\">\n\t\t\t\t\t\t<div class=\"elementor-element elementor-element-6d300e0 elementor-widget elementor-widget-heading\" data-id=\"6d300e0\" data-element_type=\"widget\" data-e-type=\"widget\" data-widget_type=\"heading.default\">\n\t\t\t\t<div class=\"elementor-widget-container\">\n\t\t\t\t\t<h3 class=\"elementor-heading-title elementor-size-default\">Texts on the <br>Exhibition<\/h3>\t\t\t\t<\/div>\n\t\t\t\t<\/div>\n\t\t\t\t\t<\/div>\n\t\t<\/div>\n\t\t\t\t<div class=\"elementor-column elementor-col-50 elementor-inner-column elementor-element elementor-element-69ac4f1\" data-id=\"69ac4f1\" data-element_type=\"column\" data-e-type=\"column\">\n\t\t\t<div class=\"elementor-widget-wrap elementor-element-populated\">\n\t\t\t\t\t\t<div class=\"elementor-element elementor-element-81a3ac1 elementor-widget elementor-widget-heading\" data-id=\"81a3ac1\" data-element_type=\"widget\" data-e-type=\"widget\" data-widget_type=\"heading.default\">\n\t\t\t\t<div class=\"elementor-widget-container\">\n\t\t\t\t\t<h4 class=\"elementor-heading-title elementor-size-default\">Exhibition text Art Nouveau Bramenkamp<\/h4>\t\t\t\t<\/div>\n\t\t\t\t<\/div>\n\t\t\t\t<div class=\"elementor-element elementor-element-4ba5d18 elementor-widget-divider--view-line elementor-widget elementor-widget-divider\" data-id=\"4ba5d18\" data-element_type=\"widget\" data-e-type=\"widget\" data-widget_type=\"divider.default\">\n\t\t\t\t<div class=\"elementor-widget-container\">\n\t\t\t\t\t\t\t<div class=\"elementor-divider\">\n\t\t\t<span class=\"elementor-divider-separator\">\n\t\t\t\t\t\t<\/span>\n\t\t<\/div>\n\t\t\t\t\t\t<\/div>\n\t\t\t\t<\/div>\n\t\t\t\t<div class=\"elementor-element elementor-element-f3215c0 elementor-icon-list--layout-inline elementor-list-item-link-full_width elementor-widget elementor-widget-icon-list\" data-id=\"f3215c0\" data-element_type=\"widget\" data-e-type=\"widget\" data-widget_type=\"icon-list.default\">\n\t\t\t\t<div class=\"elementor-widget-container\">\n\t\t\t\t\t\t\t<ul class=\"elementor-icon-list-items elementor-inline-items\">\n\t\t\t\t\t\t\t<li class=\"elementor-icon-list-item elementor-inline-item\">\n\t\t\t\t\t\t\t\t\t\t\t<a href=\"https:\/\/glasmuseum-frauenau.de\/wp-content\/uploads\/2023\/03\/Ausstellungstext-Jugendstil-Bramenkamp.pdf\" target=\"_blank\">\n\n\t\t\t\t\t\t\t\t\t\t\t\t<span class=\"elementor-icon-list-icon\">\n\t\t\t\t\t\t\t<i aria-hidden=\"true\" class=\"far fa-file-pdf\"><\/i>\t\t\t\t\t\t<\/span>\n\t\t\t\t\t\t\t\t\t\t<span class=\"elementor-icon-list-text\">Download as PDF<\/span>\n\t\t\t\t\t\t\t\t\t\t\t<\/a>\n\t\t\t\t\t\t\t\t\t<\/li>\n\t\t\t\t\t\t\t\t<li class=\"elementor-icon-list-item elementor-inline-item\">\n\t\t\t\t\t\t\t\t\t\t\t<a href=\"https:\/\/glasmuseum-frauenau.de\/wp-content\/uploads\/2023\/03\/Ausstellungstext-Jugendstil-Bramenkamp.docx\" target=\"_blank\">\n\n\t\t\t\t\t\t\t\t\t\t\t\t<span class=\"elementor-icon-list-icon\">\n\t\t\t\t\t\t\t<i aria-hidden=\"true\" class=\"far fa-file-word\"><\/i>\t\t\t\t\t\t<\/span>\n\t\t\t\t\t\t\t\t\t\t<span class=\"elementor-icon-list-text\">Download as Word<\/span>\n\t\t\t\t\t\t\t\t\t\t\t<\/a>\n\t\t\t\t\t\t\t\t\t<\/li>\n\t\t\t\t\t\t<\/ul>\n\t\t\t\t\t\t<\/div>\n\t\t\t\t<\/div>\n\t\t\t\t\t<\/div>\n\t\t<\/div>\n\t\t\t\t\t<\/div>\n\t\t<\/section>\n\t\t\t\t<section class=\"elementor-section elementor-inner-section elementor-element elementor-element-22f38d0 elementor-section-boxed elementor-section-height-default elementor-section-height-default\" data-id=\"22f38d0\" data-element_type=\"section\" data-e-type=\"section\">\n\t\t\t\t\t\t<div class=\"elementor-container elementor-column-gap-default\">\n\t\t\t\t\t<div class=\"elementor-column elementor-col-100 elementor-inner-column elementor-element elementor-element-45dd377\" data-id=\"45dd377\" data-element_type=\"column\" data-e-type=\"column\">\n\t\t\t<div class=\"elementor-widget-wrap\">\n\t\t\t\t\t\t\t<\/div>\n\t\t<\/div>\n\t\t\t\t\t<\/div>\n\t\t<\/section>\n\t\t\t\t\t<\/div>\n\t\t<\/div>\n\t\t\t\t\t<\/div>\n\t\t<\/section>\n\t\t\t\t<section class=\"elementor-section elementor-top-section elementor-element elementor-element-87bebdf elementor-section-full_width elementor-section-height-default elementor-section-height-default\" data-id=\"87bebdf\" data-element_type=\"section\" data-e-type=\"section\">\n\t\t\t\t\t\t<div class=\"elementor-container elementor-column-gap-default\">\n\t\t\t\t\t<div class=\"elementor-column elementor-col-100 elementor-top-column elementor-element elementor-element-6632a50\" data-id=\"6632a50\" data-element_type=\"column\" data-e-type=\"column\">\n\t\t\t<div class=\"elementor-widget-wrap elementor-element-populated\">\n\t\t\t\t\t\t<section class=\"elementor-section elementor-inner-section elementor-element elementor-element-e1a04e0 elementor-section-boxed elementor-section-height-default elementor-section-height-default\" data-id=\"e1a04e0\" data-element_type=\"section\" data-e-type=\"section\">\n\t\t\t\t\t\t<div class=\"elementor-container elementor-column-gap-default\">\n\t\t\t\t\t<div class=\"elementor-column elementor-col-50 elementor-inner-column elementor-element elementor-element-3a13b17\" data-id=\"3a13b17\" data-element_type=\"column\" data-e-type=\"column\">\n\t\t\t<div class=\"elementor-widget-wrap elementor-element-populated\">\n\t\t\t\t\t\t<div class=\"elementor-element elementor-element-cb91f02 elementor-widget elementor-widget-heading\" data-id=\"cb91f02\" data-element_type=\"widget\" data-e-type=\"widget\" data-widget_type=\"heading.default\">\n\t\t\t\t<div class=\"elementor-widget-container\">\n\t\t\t\t\t<h3 class=\"elementor-heading-title elementor-size-default\">MUSEUMS-<br>\nP\u00c4DAGOKIK<\/h3>\t\t\t\t<\/div>\n\t\t\t\t<\/div>\n\t\t\t\t\t<\/div>\n\t\t<\/div>\n\t\t\t\t<div class=\"elementor-column elementor-col-50 elementor-inner-column elementor-element elementor-element-b174968\" data-id=\"b174968\" data-element_type=\"column\" data-e-type=\"column\">\n\t\t\t<div class=\"elementor-widget-wrap elementor-element-populated\">\n\t\t\t\t\t\t<div class=\"elementor-element elementor-element-d4ff3b5 elementor-widget elementor-widget-heading\" data-id=\"d4ff3b5\" data-element_type=\"widget\" data-e-type=\"widget\" data-widget_type=\"heading.default\">\n\t\t\t\t<div class=\"elementor-widget-container\">\n\t\t\t\t\t<h4 class=\"elementor-heading-title elementor-size-default\">Museum education brochure<\/h4>\t\t\t\t<\/div>\n\t\t\t\t<\/div>\n\t\t\t\t<div class=\"elementor-element elementor-element-26fbbc8 elementor-widget-divider--view-line elementor-widget elementor-widget-divider\" data-id=\"26fbbc8\" data-element_type=\"widget\" data-e-type=\"widget\" data-widget_type=\"divider.default\">\n\t\t\t\t<div class=\"elementor-widget-container\">\n\t\t\t\t\t\t\t<div class=\"elementor-divider\">\n\t\t\t<span class=\"elementor-divider-separator\">\n\t\t\t\t\t\t<\/span>\n\t\t<\/div>\n\t\t\t\t\t\t<\/div>\n\t\t\t\t<\/div>\n\t\t\t\t<div class=\"elementor-element elementor-element-f4127e0 elementor-icon-list--layout-inline elementor-list-item-link-full_width elementor-widget elementor-widget-icon-list\" data-id=\"f4127e0\" data-element_type=\"widget\" data-e-type=\"widget\" data-widget_type=\"icon-list.default\">\n\t\t\t\t<div class=\"elementor-widget-container\">\n\t\t\t\t\t\t\t<ul class=\"elementor-icon-list-items elementor-inline-items\">\n\t\t\t\t\t\t\t<li class=\"elementor-icon-list-item elementor-inline-item\">\n\t\t\t\t\t\t\t\t\t\t\t<a href=\"https:\/\/glasmuseum-frauenau.de\/wp-content\/uploads\/2023\/03\/Broschuere_Muspaed_FIN_Nov_22_DS_Web.pdf\" target=\"_blank\">\n\n\t\t\t\t\t\t\t\t\t\t\t\t<span class=\"elementor-icon-list-icon\">\n\t\t\t\t\t\t\t<i aria-hidden=\"true\" class=\"far fa-file-pdf\"><\/i>\t\t\t\t\t\t<\/span>\n\t\t\t\t\t\t\t\t\t\t<span class=\"elementor-icon-list-text\">Download as PDF<\/span>\n\t\t\t\t\t\t\t\t\t\t\t<\/a>\n\t\t\t\t\t\t\t\t\t<\/li>\n\t\t\t\t\t\t<\/ul>\n\t\t\t\t\t\t<\/div>\n\t\t\t\t<\/div>\n\t\t\t\t\t<\/div>\n\t\t<\/div>\n\t\t\t\t\t<\/div>\n\t\t<\/section>\n\t\t\t\t\t<\/div>\n\t\t<\/div>\n\t\t\t\t\t<\/div>\n\t\t<\/section>\n\t\t\t\t<\/div>","protected":false},"excerpt":{"rendered":"<p>Downloads Exhibition texts Exhibition text Art Nouveau Bramenkamp Download as PDF Download as Word MUSEUMS- P\u00c4DAGOKIK Brochure Museum education Download as PDF<\/p>","protected":false},"author":3,"featured_media":0,"parent":0,"menu_order":0,"comment_status":"closed","ping_status":"closed","template":"","meta":{"_acf_changed":false,"footnotes":""},"categories":[],"class_list":["post-2135","page","type-page","status-publish","hentry","entry"],"acf":[],"yoast_head":"<!-- This site is optimized with the Yoast SEO plugin v27.3 - https:\/\/yoast.com\/product\/yoast-seo-wordpress\/ -->\n<title>Downloads - Glasmuseum Frauenau<\/title>\n<meta name=\"robots\" content=\"index, follow, max-snippet:-1, max-image-preview:large, max-video-preview:-1\" \/>\n<link rel=\"canonical\" href=\"https:\/\/glasmuseum-frauenau.de\/en\/downloads\/\" \/>\n<meta property=\"og:locale\" content=\"en_GB\" \/>\n<meta property=\"og:type\" content=\"article\" \/>\n<meta property=\"og:title\" content=\"Downloads - Glasmuseum Frauenau\" \/>\n<meta property=\"og:description\" content=\"Downloads Texte zur Ausstellung Ausstellungstext\u00a0Jugendstil Bramenkamp Download als PDF Download als Word MUSEUMS- P\u00c4DAGOKIK Brosch\u00fcre Museumsp\u00e4dagogik Download als PDF\" \/>\n<meta property=\"og:url\" content=\"https:\/\/glasmuseum-frauenau.de\/en\/downloads\/\" \/>\n<meta property=\"og:site_name\" content=\"Glasmuseum Frauenau\" \/>\n<meta property=\"article:publisher\" content=\"https:\/\/www.facebook.com\/people\/Glasmuseum-Frauenau-Staatliches-Museum-zur-Geschichte-der-Glaskultur\/100057480098957\/\" \/>\n<meta property=\"article:modified_time\" content=\"2023-04-06T09:06:18+00:00\" \/>\n<meta name=\"twitter:card\" content=\"summary_large_image\" \/>\n<script type=\"application\/ld+json\" class=\"yoast-schema-graph\">{\"@context\":\"https:\\\/\\\/schema.org\",\"@graph\":[{\"@type\":\"WebPage\",\"@id\":\"https:\\\/\\\/glasmuseum-frauenau.de\\\/downloads\\\/\",\"url\":\"https:\\\/\\\/glasmuseum-frauenau.de\\\/downloads\\\/\",\"name\":\"Downloads - Glasmuseum Frauenau\",\"isPartOf\":{\"@id\":\"https:\\\/\\\/glasmuseum-frauenau.de\\\/#website\"},\"datePublished\":\"2023-03-30T13:13:03+00:00\",\"dateModified\":\"2023-04-06T09:06:18+00:00\",\"breadcrumb\":{\"@id\":\"https:\\\/\\\/glasmuseum-frauenau.de\\\/downloads\\\/#breadcrumb\"},\"inLanguage\":\"en-GB\",\"potentialAction\":[{\"@type\":\"ReadAction\",\"target\":[\"https:\\\/\\\/glasmuseum-frauenau.de\\\/downloads\\\/\"]}]},{\"@type\":\"BreadcrumbList\",\"@id\":\"https:\\\/\\\/glasmuseum-frauenau.de\\\/downloads\\\/#breadcrumb\",\"itemListElement\":[{\"@type\":\"ListItem\",\"position\":1,\"name\":\"Startseite\",\"item\":\"https:\\\/\\\/glasmuseum-frauenau.de\\\/\"},{\"@type\":\"ListItem\",\"position\":2,\"name\":\"Downloads\"}]},{\"@type\":\"WebSite\",\"@id\":\"https:\\\/\\\/glasmuseum-frauenau.de\\\/#website\",\"url\":\"https:\\\/\\\/glasmuseum-frauenau.de\\\/\",\"name\":\"Glasmuseum Frauenau\",\"description\":\"Entdecke - Erkunde - Erschaffe\",\"publisher\":{\"@id\":\"https:\\\/\\\/glasmuseum-frauenau.de\\\/#organization\"},\"potentialAction\":[{\"@type\":\"SearchAction\",\"target\":{\"@type\":\"EntryPoint\",\"urlTemplate\":\"https:\\\/\\\/glasmuseum-frauenau.de\\\/?s={search_term_string}\"},\"query-input\":{\"@type\":\"PropertyValueSpecification\",\"valueRequired\":true,\"valueName\":\"search_term_string\"}}],\"inLanguage\":\"en-GB\"},{\"@type\":\"Organization\",\"@id\":\"https:\\\/\\\/glasmuseum-frauenau.de\\\/#organization\",\"name\":\"Glasmuseum Frauenau\",\"url\":\"https:\\\/\\\/glasmuseum-frauenau.de\\\/\",\"logo\":{\"@type\":\"ImageObject\",\"inLanguage\":\"en-GB\",\"@id\":\"https:\\\/\\\/glasmuseum-frauenau.de\\\/#\\\/schema\\\/logo\\\/image\\\/\",\"url\":\"https:\\\/\\\/glasmuseum-frauenau.de\\\/wp-content\\\/uploads\\\/2022\\\/08\\\/glasmuseum-logo.svg\",\"contentUrl\":\"https:\\\/\\\/glasmuseum-frauenau.de\\\/wp-content\\\/uploads\\\/2022\\\/08\\\/glasmuseum-logo.svg\",\"width\":171,\"height\":91,\"caption\":\"Glasmuseum Frauenau\"},\"image\":{\"@id\":\"https:\\\/\\\/glasmuseum-frauenau.de\\\/#\\\/schema\\\/logo\\\/image\\\/\"},\"sameAs\":[\"https:\\\/\\\/www.facebook.com\\\/people\\\/Glasmuseum-Frauenau-Staatliches-Museum-zur-Geschichte-der-Glaskultur\\\/100057480098957\\\/\",\"https:\\\/\\\/www.instagram.com\\\/glasmuseum.frauenau\\\/?hl=de\"]}]}<\/script>\n<!-- \/ Yoast SEO plugin. -->","yoast_head_json":{"title":"Downloads - Frauenau Glass Museum","robots":{"index":"index","follow":"follow","max-snippet":"max-snippet:-1","max-image-preview":"max-image-preview:large","max-video-preview":"max-video-preview:-1"},"canonical":"https:\/\/glasmuseum-frauenau.de\/en\/downloads\/","og_locale":"en_GB","og_type":"article","og_title":"Downloads - Glasmuseum Frauenau","og_description":"Downloads Texte zur Ausstellung Ausstellungstext\u00a0Jugendstil Bramenkamp Download als PDF Download als Word MUSEUMS- P\u00c4DAGOKIK Brosch\u00fcre Museumsp\u00e4dagogik Download als PDF","og_url":"https:\/\/glasmuseum-frauenau.de\/en\/downloads\/","og_site_name":"Glasmuseum Frauenau","article_publisher":"https:\/\/www.facebook.com\/people\/Glasmuseum-Frauenau-Staatliches-Museum-zur-Geschichte-der-Glaskultur\/100057480098957\/","article_modified_time":"2023-04-06T09:06:18+00:00","twitter_card":"summary_large_image","schema":{"@context":"https:\/\/schema.org","@graph":[{"@type":"WebPage","@id":"https:\/\/glasmuseum-frauenau.de\/downloads\/","url":"https:\/\/glasmuseum-frauenau.de\/downloads\/","name":"Downloads - Frauenau Glass Museum","isPartOf":{"@id":"https:\/\/glasmuseum-frauenau.de\/#website"},"datePublished":"2023-03-30T13:13:03+00:00","dateModified":"2023-04-06T09:06:18+00:00","breadcrumb":{"@id":"https:\/\/glasmuseum-frauenau.de\/downloads\/#breadcrumb"},"inLanguage":"en-GB","potentialAction":[{"@type":"ReadAction","target":["https:\/\/glasmuseum-frauenau.de\/downloads\/"]}]},{"@type":"BreadcrumbList","@id":"https:\/\/glasmuseum-frauenau.de\/downloads\/#breadcrumb","itemListElement":[{"@type":"ListItem","position":1,"name":"Startseite","item":"https:\/\/glasmuseum-frauenau.de\/"},{"@type":"ListItem","position":2,"name":"Downloads"}]},{"@type":"WebSite","@id":"https:\/\/glasmuseum-frauenau.de\/#website","url":"https:\/\/glasmuseum-frauenau.de\/","name":"Frauenau Glass Museum","description":"Discover - Explore - Create","publisher":{"@id":"https:\/\/glasmuseum-frauenau.de\/#organization"},"potentialAction":[{"@type":"SearchAction","target":{"@type":"EntryPoint","urlTemplate":"https:\/\/glasmuseum-frauenau.de\/?s={search_term_string}"},"query-input":{"@type":"PropertyValueSpecification","valueRequired":true,"valueName":"search_term_string"}}],"inLanguage":"en-GB"},{"@type":"Organization","@id":"https:\/\/glasmuseum-frauenau.de\/#organization","name":"Frauenau Glass Museum","url":"https:\/\/glasmuseum-frauenau.de\/","logo":{"@type":"ImageObject","inLanguage":"en-GB","@id":"https:\/\/glasmuseum-frauenau.de\/#\/schema\/logo\/image\/","url":"https:\/\/glasmuseum-frauenau.de\/wp-content\/uploads\/2022\/08\/glasmuseum-logo.svg","contentUrl":"https:\/\/glasmuseum-frauenau.de\/wp-content\/uploads\/2022\/08\/glasmuseum-logo.svg","width":171,"height":91,"caption":"Glasmuseum Frauenau"},"image":{"@id":"https:\/\/glasmuseum-frauenau.de\/#\/schema\/logo\/image\/"},"sameAs":["https:\/\/www.facebook.com\/people\/Glasmuseum-Frauenau-Staatliches-Museum-zur-Geschichte-der-Glaskultur\/100057480098957\/","https:\/\/www.instagram.com\/glasmuseum.frauenau\/?hl=de"]}]}},"_links":{"self":[{"href":"https:\/\/glasmuseum-frauenau.de\/en\/wp-json\/wp\/v2\/pages\/2135","targetHints":{"allow":["GET"]}}],"collection":[{"href":"https:\/\/glasmuseum-frauenau.de\/en\/wp-json\/wp\/v2\/pages"}],"about":[{"href":"https:\/\/glasmuseum-frauenau.de\/en\/wp-json\/wp\/v2\/types\/page"}],"author":[{"embeddable":true,"href":"https:\/\/glasmuseum-frauenau.de\/en\/wp-json\/wp\/v2\/users\/3"}],"replies":[{"embeddable":true,"href":"https:\/\/glasmuseum-frauenau.de\/en\/wp-json\/wp\/v2\/comments?post=2135"}],"version-history":[{"count":46,"href":"https:\/\/glasmuseum-frauenau.de\/en\/wp-json\/wp\/v2\/pages\/2135\/revisions"}],"predecessor-version":[{"id":2595,"href":"https:\/\/glasmuseum-frauenau.de\/en\/wp-json\/wp\/v2\/pages\/2135\/revisions\/2595"}],"wp:attachment":[{"href":"https:\/\/glasmuseum-frauenau.de\/en\/wp-json\/wp\/v2\/media?parent=2135"}],"wp:term":[{"taxonomy":"category","embeddable":true,"href":"https:\/\/glasmuseum-frauenau.de\/en\/wp-json\/wp\/v2\/categories?post=2135"}],"curies":[{"name":"wp","href":"https:\/\/api.w.org\/{rel}","templated":true}]}}