{"id":1648,"date":"2023-03-14T17:40:33","date_gmt":"2023-03-14T17:40:33","guid":{"rendered":"https:\/\/glasmuseum.pixeltypen.de\/?page_id=1648"},"modified":"2024-08-21T07:12:38","modified_gmt":"2024-08-21T07:12:38","slug":"virtuelles-museum","status":"publish","type":"page","link":"https:\/\/glasmuseum-frauenau.de\/en\/virtuelles-museum\/","title":{"rendered":"Virtual museum"},"content":{"rendered":"<div data-elementor-type=\"wp-page\" data-elementor-id=\"1648\" class=\"elementor elementor-1648\" data-elementor-post-type=\"page\">\n\t\t\t\t\t\t<section class=\"elementor-section elementor-top-section elementor-element elementor-element-094f258 elementor-section-boxed elementor-section-height-default elementor-section-height-default\" data-id=\"094f258\" data-element_type=\"section\" data-e-type=\"section\" data-settings=\"{&quot;background_background&quot;:&quot;classic&quot;}\">\n\t\t\t\t\t\t\t<div class=\"elementor-background-overlay\"><\/div>\n\t\t\t\t\t\t\t<div class=\"elementor-container elementor-column-gap-default\">\n\t\t\t\t\t<div class=\"elementor-column elementor-col-100 elementor-top-column elementor-element elementor-element-47b4cc7\" data-id=\"47b4cc7\" data-element_type=\"column\" data-e-type=\"column\">\n\t\t\t<div class=\"elementor-widget-wrap elementor-element-populated\">\n\t\t\t\t\t\t<div class=\"elementor-element elementor-element-385c14e elementor-widget elementor-widget-heading\" data-id=\"385c14e\" data-element_type=\"widget\" data-e-type=\"widget\" data-widget_type=\"heading.default\">\n\t\t\t\t<div class=\"elementor-widget-container\">\n\t\t\t\t\t<h2 class=\"elementor-heading-title elementor-size-default\">Virtual <br \/>\nExhibition<\/h2>\t\t\t\t<\/div>\n\t\t\t\t<\/div>\n\t\t\t\t\t<\/div>\n\t\t<\/div>\n\t\t\t\t\t<\/div>\n\t\t<\/section>\n\t\t\t\t<section class=\"elementor-section elementor-top-section elementor-element elementor-element-546bb61 elementor-section-boxed elementor-section-height-default elementor-section-height-default\" data-id=\"546bb61\" data-element_type=\"section\" data-e-type=\"section\">\n\t\t\t\t\t\t<div class=\"elementor-container elementor-column-gap-default\">\n\t\t\t\t\t<div class=\"elementor-column elementor-col-100 elementor-top-column elementor-element elementor-element-e75b65a\" data-id=\"e75b65a\" data-element_type=\"column\" data-e-type=\"column\">\n\t\t\t<div class=\"elementor-widget-wrap elementor-element-populated\">\n\t\t\t\t\t\t<section class=\"elementor-section elementor-inner-section elementor-element elementor-element-bd14e61 elementor-section-boxed elementor-section-height-default elementor-section-height-default\" data-id=\"bd14e61\" data-element_type=\"section\" data-e-type=\"section\">\n\t\t\t\t\t\t<div class=\"elementor-container elementor-column-gap-default\">\n\t\t\t\t\t<div class=\"elementor-column elementor-col-50 elementor-inner-column elementor-element elementor-element-e4d0377\" data-id=\"e4d0377\" data-element_type=\"column\" data-e-type=\"column\">\n\t\t\t<div class=\"elementor-widget-wrap elementor-element-populated\">\n\t\t\t\t\t\t<div class=\"elementor-element elementor-element-545ea01 elementor-widget elementor-widget-heading\" data-id=\"545ea01\" data-element_type=\"widget\" data-e-type=\"widget\" data-widget_type=\"heading.default\">\n\t\t\t\t<div class=\"elementor-widget-container\">\n\t\t\t\t\t<h5 class=\"elementor-heading-title elementor-size-default\">All click points<\/h5>\t\t\t\t<\/div>\n\t\t\t\t<\/div>\n\t\t\t\t<div class=\"elementor-element elementor-element-95e9524 elementor-widget elementor-widget-heading\" data-id=\"95e9524\" data-element_type=\"widget\" data-e-type=\"widget\" data-widget_type=\"heading.default\">\n\t\t\t\t<div class=\"elementor-widget-container\">\n\t\t\t\t\t<h2 class=\"elementor-heading-title elementor-size-default\">The<br> Virtual\nGlass Museum<\/h2>\t\t\t\t<\/div>\n\t\t\t\t<\/div>\n\t\t\t\t<div class=\"elementor-element elementor-element-5477c4f elementor-widget elementor-widget-text-editor\" data-id=\"5477c4f\" data-element_type=\"widget\" data-e-type=\"widget\" data-widget_type=\"text-editor.default\">\n\t\t\t\t<div class=\"elementor-widget-container\">\n\t\t\t\t\t\t\t\t\t<p>This is where our virtual museum is created. Our digital exhibits are developed specifically for the digital presentation based on existing themes and objects in the museum. The exhibition in our virtual museum is growing gradually.<\/p>\n<p>Click through our virtual building. <strong>Have fun!<\/strong><\/p>\t\t\t\t\t\t\t\t<\/div>\n\t\t\t\t<\/div>\n\t\t\t\t\t<\/div>\n\t\t<\/div>\n\t\t\t\t<div class=\"elementor-column elementor-col-50 elementor-inner-column elementor-element elementor-element-3471d3e\" data-id=\"3471d3e\" data-element_type=\"column\" data-e-type=\"column\">\n\t\t\t<div class=\"elementor-widget-wrap\">\n\t\t\t\t\t\t\t<\/div>\n\t\t<\/div>\n\t\t\t\t\t<\/div>\n\t\t<\/section>\n\t\t\t\t<section class=\"elementor-section elementor-inner-section elementor-element elementor-element-34ec6f2 elementor-section-boxed elementor-section-height-default elementor-section-height-default\" data-id=\"34ec6f2\" data-element_type=\"section\" data-e-type=\"section\">\n\t\t\t\t\t\t<div class=\"elementor-container elementor-column-gap-default\">\n\t\t\t\t\t<div class=\"elementor-column elementor-col-100 elementor-inner-column elementor-element elementor-element-646aeec\" data-id=\"646aeec\" data-element_type=\"column\" data-e-type=\"column\">\n\t\t\t<div class=\"elementor-widget-wrap elementor-element-populated\">\n\t\t\t\t\t\t<div class=\"elementor-element elementor-element-4953763 elementor-widget elementor-widget-shortcode\" data-id=\"4953763\" data-element_type=\"widget\" data-e-type=\"widget\" data-widget_type=\"shortcode.default\">\n\t\t\t\t<div class=\"elementor-widget-container\">\n\t\t\t\t\t\t\t<div class=\"elementor-shortcode\">    <div class=\"klickpunkt-feed current\">\n        \n<div class=\"klickpunkt-item\">\n            <a href=\"https:\/\/glasmuseum-frauenau.de\/en\/klickpunkte\/glashandel\/\">\n            <div class=\"klickpunkt-image\">\n                <img decoding=\"async\" src=\"https:\/\/glasmuseum-frauenau.de\/wp-content\/uploads\/2023\/03\/glashandel_teaser-png-300x206.png\" srcset=\"https:\/\/glasmuseum-frauenau.de\/wp-content\/uploads\/2023\/03\/glashandel_teaser-png-300x206.png 300w, https:\/\/glasmuseum-frauenau.de\/wp-content\/uploads\/2023\/03\/glashandel_teaser-png-1024x705.png 1024w, https:\/\/glasmuseum-frauenau.de\/wp-content\/uploads\/2023\/03\/glashandel_teaser-png-768x529.png 768w, https:\/\/glasmuseum-frauenau.de\/wp-content\/uploads\/2023\/03\/glashandel_teaser-png-1536x1057.png 1536w, https:\/\/glasmuseum-frauenau.de\/wp-content\/uploads\/2023\/03\/glashandel_teaser-png.png 2048w\" \/>\n            <\/div>\n        <\/a>\n        <div class=\"klickpunkt-content\">\n        <a href=\"https:\/\/glasmuseum-frauenau.de\/en\/klickpunkte\/glashandel\/\">\n            <h3>Glass trade<\/h3>\n        <\/a>\n        <div class=\"klickpunkt-button-wrapper elementor-widget-button arrow-button\">\n            <a href=\"https:\/\/glasmuseum-frauenau.de\/en\/klickpunkte\/glashandel\/\" class=\"klickpunkt-button elementor-button-link elementor-button elementor-size-sm\" role=\"button\"><\/a>\n        <\/div>\n    <\/div>\n<\/div>\n<div class=\"klickpunkt-item\">\n            <a href=\"https:\/\/glasmuseum-frauenau.de\/en\/klickpunkte\/glasofen\/\">\n            <div class=\"klickpunkt-image\">\n                <img decoding=\"async\" src=\"https:\/\/glasmuseum-frauenau.de\/wp-content\/uploads\/2023\/03\/LW_1747-HDR-1-300x200.jpg\" srcset=\"https:\/\/glasmuseum-frauenau.de\/wp-content\/uploads\/2023\/03\/LW_1747-HDR-1-300x200.jpg 300w, https:\/\/glasmuseum-frauenau.de\/wp-content\/uploads\/2023\/03\/LW_1747-HDR-1-1024x682.jpg 1024w, https:\/\/glasmuseum-frauenau.de\/wp-content\/uploads\/2023\/03\/LW_1747-HDR-1-768x512.jpg 768w, https:\/\/glasmuseum-frauenau.de\/wp-content\/uploads\/2023\/03\/LW_1747-HDR-1-1536x1024.jpg 1536w, https:\/\/glasmuseum-frauenau.de\/wp-content\/uploads\/2023\/03\/LW_1747-HDR-1.jpg 2000w\" \/>\n            <\/div>\n        <\/a>\n        <div class=\"klickpunkt-content\">\n        <a href=\"https:\/\/glasmuseum-frauenau.de\/en\/klickpunkte\/glasofen\/\">\n            <h3>Glassmakers<\/h3>\n        <\/a>\n        <div class=\"klickpunkt-button-wrapper elementor-widget-button arrow-button\">\n            <a href=\"https:\/\/glasmuseum-frauenau.de\/en\/klickpunkte\/glasofen\/\" class=\"klickpunkt-button elementor-button-link elementor-button elementor-size-sm\" role=\"button\"><\/a>\n        <\/div>\n    <\/div>\n<\/div>\n<div class=\"klickpunkt-item\">\n            <a href=\"https:\/\/glasmuseum-frauenau.de\/en\/klickpunkte\/nuppenbecher\/\">\n            <div class=\"klickpunkt-image\">\n                <img decoding=\"async\" src=\"https:\/\/glasmuseum-frauenau.de\/wp-content\/uploads\/2023\/04\/DSC_0816_web-300x200.jpg\" srcset=\"https:\/\/glasmuseum-frauenau.de\/wp-content\/uploads\/2023\/04\/DSC_0816_web-300x200.jpg 300w, https:\/\/glasmuseum-frauenau.de\/wp-content\/uploads\/2023\/04\/DSC_0816_web-1024x683.jpg 1024w, https:\/\/glasmuseum-frauenau.de\/wp-content\/uploads\/2023\/04\/DSC_0816_web-768x512.jpg 768w, https:\/\/glasmuseum-frauenau.de\/wp-content\/uploads\/2023\/04\/DSC_0816_web-1536x1025.jpg 1536w, https:\/\/glasmuseum-frauenau.de\/wp-content\/uploads\/2023\/04\/DSC_0816_web.jpg 1920w\" \/>\n            <\/div>\n        <\/a>\n        <div class=\"klickpunkt-content\">\n        <a href=\"https:\/\/glasmuseum-frauenau.de\/en\/klickpunkte\/nuppenbecher\/\">\n            <h3>Nuppen cup<\/h3>\n        <\/a>\n        <div class=\"klickpunkt-button-wrapper elementor-widget-button arrow-button\">\n            <a href=\"https:\/\/glasmuseum-frauenau.de\/en\/klickpunkte\/nuppenbecher\/\" class=\"klickpunkt-button elementor-button-link elementor-button elementor-size-sm\" role=\"button\"><\/a>\n        <\/div>\n    <\/div>\n<\/div>    <\/div>\n<\/div>\n\t\t\t\t\t\t<\/div>\n\t\t\t\t<\/div>\n\t\t\t\t\t<\/div>\n\t\t<\/div>\n\t\t\t\t\t<\/div>\n\t\t<\/section>\n\t\t\t\t\t<\/div>\n\t\t<\/div>\n\t\t\t\t\t<\/div>\n\t\t<\/section>\n\t\t\t\t<\/div>","protected":false},"excerpt":{"rendered":"<p>Virtual exhibition All click points The virtual glass museum Our virtual museum is being created here. Our digital exhibits are developed specifically for the digital presentation based on existing themes and objects in the museum. The exhibition in our virtual museum is growing step by step. Click your way through our virtual building. Have fun!<\/p>","protected":false},"author":1,"featured_media":0,"parent":0,"menu_order":0,"comment_status":"closed","ping_status":"closed","template":"","meta":{"_acf_changed":false,"footnotes":""},"categories":[],"class_list":["post-1648","page","type-page","status-publish","hentry","entry","has-media"],"acf":[],"yoast_head":"<!-- This site is optimized with the Yoast SEO plugin v27.3 - https:\/\/yoast.com\/product\/yoast-seo-wordpress\/ -->\n<title>Virtuelles Museum - Glasmuseum Frauenau<\/title>\n<meta name=\"robots\" content=\"index, follow, max-snippet:-1, max-image-preview:large, max-video-preview:-1\" \/>\n<link rel=\"canonical\" href=\"https:\/\/glasmuseum-frauenau.de\/en\/virtuelles-museum\/\" \/>\n<meta property=\"og:locale\" content=\"en_GB\" \/>\n<meta property=\"og:type\" content=\"article\" \/>\n<meta property=\"og:title\" content=\"Virtuelles Museum - Glasmuseum Frauenau\" \/>\n<meta property=\"og:description\" content=\"Virtuelle Ausstellung Alle Klickpunkte Das Virtuelle Glasmusuem Hier entsteht unser virtuelles Museum. Unsere digitalen Ausstellungsst\u00fccke werden ausgehend von vorhandenen Themen und Objekten im Museum speziell f\u00fcr den digitalen Auftritt entwickelt. Die Ausstellung in unserem virtuellen Museum w\u00e4chst sukzessive. Klicken Sie sich durch unser virtuelles Geb\u00e4ude. Viel Vergn\u00fcgen!\" \/>\n<meta property=\"og:url\" content=\"https:\/\/glasmuseum-frauenau.de\/en\/virtuelles-museum\/\" \/>\n<meta property=\"og:site_name\" content=\"Glasmuseum Frauenau\" \/>\n<meta property=\"article:publisher\" content=\"https:\/\/www.facebook.com\/people\/Glasmuseum-Frauenau-Staatliches-Museum-zur-Geschichte-der-Glaskultur\/100057480098957\/\" \/>\n<meta property=\"article:modified_time\" content=\"2024-08-21T07:12:38+00:00\" \/>\n<meta name=\"twitter:card\" content=\"summary_large_image\" \/>\n<meta name=\"twitter:label1\" content=\"Estimated reading time\" \/>\n\t<meta name=\"twitter:data1\" content=\"1 minute\" \/>\n<script type=\"application\/ld+json\" class=\"yoast-schema-graph\">{\"@context\":\"https:\\\/\\\/schema.org\",\"@graph\":[{\"@type\":\"WebPage\",\"@id\":\"https:\\\/\\\/glasmuseum-frauenau.de\\\/virtuelles-museum\\\/\",\"url\":\"https:\\\/\\\/glasmuseum-frauenau.de\\\/virtuelles-museum\\\/\",\"name\":\"Virtuelles Museum - Glasmuseum Frauenau\",\"isPartOf\":{\"@id\":\"https:\\\/\\\/glasmuseum-frauenau.de\\\/#website\"},\"datePublished\":\"2023-03-14T17:40:33+00:00\",\"dateModified\":\"2024-08-21T07:12:38+00:00\",\"breadcrumb\":{\"@id\":\"https:\\\/\\\/glasmuseum-frauenau.de\\\/virtuelles-museum\\\/#breadcrumb\"},\"inLanguage\":\"en-GB\",\"potentialAction\":[{\"@type\":\"ReadAction\",\"target\":[\"https:\\\/\\\/glasmuseum-frauenau.de\\\/virtuelles-museum\\\/\"]}]},{\"@type\":\"BreadcrumbList\",\"@id\":\"https:\\\/\\\/glasmuseum-frauenau.de\\\/virtuelles-museum\\\/#breadcrumb\",\"itemListElement\":[{\"@type\":\"ListItem\",\"position\":1,\"name\":\"Startseite\",\"item\":\"https:\\\/\\\/glasmuseum-frauenau.de\\\/\"},{\"@type\":\"ListItem\",\"position\":2,\"name\":\"Virtuelles Museum\"}]},{\"@type\":\"WebSite\",\"@id\":\"https:\\\/\\\/glasmuseum-frauenau.de\\\/#website\",\"url\":\"https:\\\/\\\/glasmuseum-frauenau.de\\\/\",\"name\":\"Glasmuseum Frauenau\",\"description\":\"Entdecke - Erkunde - Erschaffe\",\"publisher\":{\"@id\":\"https:\\\/\\\/glasmuseum-frauenau.de\\\/#organization\"},\"potentialAction\":[{\"@type\":\"SearchAction\",\"target\":{\"@type\":\"EntryPoint\",\"urlTemplate\":\"https:\\\/\\\/glasmuseum-frauenau.de\\\/?s={search_term_string}\"},\"query-input\":{\"@type\":\"PropertyValueSpecification\",\"valueRequired\":true,\"valueName\":\"search_term_string\"}}],\"inLanguage\":\"en-GB\"},{\"@type\":\"Organization\",\"@id\":\"https:\\\/\\\/glasmuseum-frauenau.de\\\/#organization\",\"name\":\"Glasmuseum Frauenau\",\"url\":\"https:\\\/\\\/glasmuseum-frauenau.de\\\/\",\"logo\":{\"@type\":\"ImageObject\",\"inLanguage\":\"en-GB\",\"@id\":\"https:\\\/\\\/glasmuseum-frauenau.de\\\/#\\\/schema\\\/logo\\\/image\\\/\",\"url\":\"https:\\\/\\\/glasmuseum-frauenau.de\\\/wp-content\\\/uploads\\\/2022\\\/08\\\/glasmuseum-logo.svg\",\"contentUrl\":\"https:\\\/\\\/glasmuseum-frauenau.de\\\/wp-content\\\/uploads\\\/2022\\\/08\\\/glasmuseum-logo.svg\",\"width\":171,\"height\":91,\"caption\":\"Glasmuseum Frauenau\"},\"image\":{\"@id\":\"https:\\\/\\\/glasmuseum-frauenau.de\\\/#\\\/schema\\\/logo\\\/image\\\/\"},\"sameAs\":[\"https:\\\/\\\/www.facebook.com\\\/people\\\/Glasmuseum-Frauenau-Staatliches-Museum-zur-Geschichte-der-Glaskultur\\\/100057480098957\\\/\",\"https:\\\/\\\/www.instagram.com\\\/glasmuseum.frauenau\\\/?hl=de\"]}]}<\/script>\n<!-- \/ Yoast SEO plugin. -->","yoast_head_json":{"title":"Virtual Museum - Frauenau Glass Museum","robots":{"index":"index","follow":"follow","max-snippet":"max-snippet:-1","max-image-preview":"max-image-preview:large","max-video-preview":"max-video-preview:-1"},"canonical":"https:\/\/glasmuseum-frauenau.de\/en\/virtuelles-museum\/","og_locale":"en_GB","og_type":"article","og_title":"Virtuelles Museum - Glasmuseum Frauenau","og_description":"Virtuelle Ausstellung Alle Klickpunkte Das Virtuelle Glasmusuem Hier entsteht unser virtuelles Museum. Unsere digitalen Ausstellungsst\u00fccke werden ausgehend von vorhandenen Themen und Objekten im Museum speziell f\u00fcr den digitalen Auftritt entwickelt. Die Ausstellung in unserem virtuellen Museum w\u00e4chst sukzessive. Klicken Sie sich durch unser virtuelles Geb\u00e4ude. Viel Vergn\u00fcgen!","og_url":"https:\/\/glasmuseum-frauenau.de\/en\/virtuelles-museum\/","og_site_name":"Glasmuseum Frauenau","article_publisher":"https:\/\/www.facebook.com\/people\/Glasmuseum-Frauenau-Staatliches-Museum-zur-Geschichte-der-Glaskultur\/100057480098957\/","article_modified_time":"2024-08-21T07:12:38+00:00","twitter_card":"summary_large_image","twitter_misc":{"Estimated reading time":"1 minute"},"schema":{"@context":"https:\/\/schema.org","@graph":[{"@type":"WebPage","@id":"https:\/\/glasmuseum-frauenau.de\/virtuelles-museum\/","url":"https:\/\/glasmuseum-frauenau.de\/virtuelles-museum\/","name":"Virtual Museum - Frauenau Glass Museum","isPartOf":{"@id":"https:\/\/glasmuseum-frauenau.de\/#website"},"datePublished":"2023-03-14T17:40:33+00:00","dateModified":"2024-08-21T07:12:38+00:00","breadcrumb":{"@id":"https:\/\/glasmuseum-frauenau.de\/virtuelles-museum\/#breadcrumb"},"inLanguage":"en-GB","potentialAction":[{"@type":"ReadAction","target":["https:\/\/glasmuseum-frauenau.de\/virtuelles-museum\/"]}]},{"@type":"BreadcrumbList","@id":"https:\/\/glasmuseum-frauenau.de\/virtuelles-museum\/#breadcrumb","itemListElement":[{"@type":"ListItem","position":1,"name":"Startseite","item":"https:\/\/glasmuseum-frauenau.de\/"},{"@type":"ListItem","position":2,"name":"Virtuelles Museum"}]},{"@type":"WebSite","@id":"https:\/\/glasmuseum-frauenau.de\/#website","url":"https:\/\/glasmuseum-frauenau.de\/","name":"Frauenau Glass Museum","description":"Discover - Explore - Create","publisher":{"@id":"https:\/\/glasmuseum-frauenau.de\/#organization"},"potentialAction":[{"@type":"SearchAction","target":{"@type":"EntryPoint","urlTemplate":"https:\/\/glasmuseum-frauenau.de\/?s={search_term_string}"},"query-input":{"@type":"PropertyValueSpecification","valueRequired":true,"valueName":"search_term_string"}}],"inLanguage":"en-GB"},{"@type":"Organization","@id":"https:\/\/glasmuseum-frauenau.de\/#organization","name":"Frauenau Glass Museum","url":"https:\/\/glasmuseum-frauenau.de\/","logo":{"@type":"ImageObject","inLanguage":"en-GB","@id":"https:\/\/glasmuseum-frauenau.de\/#\/schema\/logo\/image\/","url":"https:\/\/glasmuseum-frauenau.de\/wp-content\/uploads\/2022\/08\/glasmuseum-logo.svg","contentUrl":"https:\/\/glasmuseum-frauenau.de\/wp-content\/uploads\/2022\/08\/glasmuseum-logo.svg","width":171,"height":91,"caption":"Glasmuseum Frauenau"},"image":{"@id":"https:\/\/glasmuseum-frauenau.de\/#\/schema\/logo\/image\/"},"sameAs":["https:\/\/www.facebook.com\/people\/Glasmuseum-Frauenau-Staatliches-Museum-zur-Geschichte-der-Glaskultur\/100057480098957\/","https:\/\/www.instagram.com\/glasmuseum.frauenau\/?hl=de"]}]}},"_links":{"self":[{"href":"https:\/\/glasmuseum-frauenau.de\/en\/wp-json\/wp\/v2\/pages\/1648","targetHints":{"allow":["GET"]}}],"collection":[{"href":"https:\/\/glasmuseum-frauenau.de\/en\/wp-json\/wp\/v2\/pages"}],"about":[{"href":"https:\/\/glasmuseum-frauenau.de\/en\/wp-json\/wp\/v2\/types\/page"}],"author":[{"embeddable":true,"href":"https:\/\/glasmuseum-frauenau.de\/en\/wp-json\/wp\/v2\/users\/1"}],"replies":[{"embeddable":true,"href":"https:\/\/glasmuseum-frauenau.de\/en\/wp-json\/wp\/v2\/comments?post=1648"}],"version-history":[{"count":34,"href":"https:\/\/glasmuseum-frauenau.de\/en\/wp-json\/wp\/v2\/pages\/1648\/revisions"}],"predecessor-version":[{"id":3712,"href":"https:\/\/glasmuseum-frauenau.de\/en\/wp-json\/wp\/v2\/pages\/1648\/revisions\/3712"}],"wp:attachment":[{"href":"https:\/\/glasmuseum-frauenau.de\/en\/wp-json\/wp\/v2\/media?parent=1648"}],"wp:term":[{"taxonomy":"category","embeddable":true,"href":"https:\/\/glasmuseum-frauenau.de\/en\/wp-json\/wp\/v2\/categories?post=1648"}],"curies":[{"name":"wp","href":"https:\/\/api.w.org\/{rel}","templated":true}]}}