{"id":904,"date":"2023-02-24T14:01:59","date_gmt":"2023-02-24T14:01:59","guid":{"rendered":"https:\/\/glasmuseum.pixeltypen.de\/?page_id=904"},"modified":"2024-04-10T13:05:57","modified_gmt":"2024-04-10T13:05:57","slug":"ausblick","status":"publish","type":"page","link":"https:\/\/glasmuseum-frauenau.de\/cz\/ausblick\/","title":{"rendered":"Outlook"},"content":{"rendered":"<div data-elementor-type=\"wp-page\" data-elementor-id=\"904\" class=\"elementor elementor-904\" data-elementor-post-type=\"page\">\n\t\t\t\t\t\t<section class=\"elementor-section elementor-top-section elementor-element elementor-element-7a4e5b2 elementor-section-full_width main-header elementor-section-height-default elementor-section-height-default\" data-id=\"7a4e5b2\" data-element_type=\"section\" data-e-type=\"section\">\n\t\t\t\t\t\t<div class=\"elementor-container elementor-column-gap-default\">\n\t\t\t\t\t<div class=\"elementor-column elementor-col-100 elementor-top-column elementor-element elementor-element-29e41e4\" data-id=\"29e41e4\" data-element_type=\"column\" data-e-type=\"column\">\n\t\t\t<div class=\"elementor-widget-wrap elementor-element-populated\">\n\t\t\t\t\t\t<div class=\"elementor-element elementor-element-6096426 elementor--h-position-center elementor--v-position-middle elementor-arrows-position-inside elementor-widget elementor-widget-slides\" data-id=\"6096426\" data-element_type=\"widget\" data-e-type=\"widget\" data-settings=\"{&quot;navigation&quot;:&quot;arrows&quot;,&quot;autoplay&quot;:&quot;yes&quot;,&quot;pause_on_hover&quot;:&quot;yes&quot;,&quot;pause_on_interaction&quot;:&quot;yes&quot;,&quot;autoplay_speed&quot;:5000,&quot;infinite&quot;:&quot;yes&quot;,&quot;transition&quot;:&quot;slide&quot;,&quot;transition_speed&quot;:500}\" data-widget_type=\"slides.default\">\n\t\t\t\t<div class=\"elementor-widget-container\">\n\t\t\t\t\t\t\t\t\t<div class=\"elementor-swiper\">\n\t\t\t\t\t<div class=\"elementor-slides-wrapper elementor-main-swiper swiper\" role=\"region\" aria-roledescription=\"carousel\" aria-label=\"Slides\" dir=\"ltr\" data-animation=\"fadeInUp\" data-no-translation-aria-label=\"\">\n\t\t\t\t<div class=\"swiper-wrapper elementor-slides\">\n\t\t\t\t\t\t\t\t\t\t<div class=\"elementor-repeater-item-3973127 swiper-slide\" role=\"group\" aria-roledescription=\"slide\"><div class=\"swiper-slide-bg\" role=\"img\" aria-label=\"_LW_0506_SocialMedia\"><\/div><div class=\"elementor-background-overlay\"><\/div><a class=\"swiper-slide-inner\" href=\"#\"><div class=\"swiper-slide-contents\"><div class=\"elementor-slide-heading\">Nadch\u00e1zej\u00edc\u00ed <br>V\u00fdstavy<\/div><div class=\"elementor-slide-description\">Ve skl\u00e1\u0159sk\u00e9m muzeu Frauenau<\/div><\/div><\/a><\/div>\t\t\t\t<\/div>\n\t\t\t\t\t\t\t<\/div>\n\t\t\t\t<\/div>\n\t\t\t\t\t\t\t\t<\/div>\n\t\t\t\t<\/div>\n\t\t\t\t\t<\/div>\n\t\t<\/div>\n\t\t\t\t\t<\/div>\n\t\t<\/section>\n\t\t\t\t<section class=\"elementor-section elementor-top-section elementor-element elementor-element-7589ed4 elementor-section-boxed elementor-section-height-default elementor-section-height-default\" data-id=\"7589ed4\" data-element_type=\"section\" data-e-type=\"section\">\n\t\t\t\t\t\t<div class=\"elementor-container elementor-column-gap-default\">\n\t\t\t\t\t<div class=\"elementor-column elementor-col-100 elementor-top-column elementor-element elementor-element-e207e44\" data-id=\"e207e44\" data-element_type=\"column\" data-e-type=\"column\">\n\t\t\t<div class=\"elementor-widget-wrap elementor-element-populated\">\n\t\t\t\t\t\t<div class=\"elementor-element elementor-element-b04f6c4 elementor-widget elementor-widget-shortcode\" data-id=\"b04f6c4\" data-element_type=\"widget\" data-e-type=\"widget\" data-widget_type=\"shortcode.default\">\n\t\t\t\t<div class=\"elementor-widget-container\">\n\t\t\t\t\t\t\t<div class=\"elementor-shortcode\"><div class=\"exhibition-feed no-results\">\n    <h3>Kvalita vy\u017eaduje \u010das<\/h3>\n\n    <p>\n        V sou\u010dasn\u00e9 dob\u011b zde nejsou uvedeny \u017e\u00e1dn\u00e9 nadch\u00e1zej\u00edc\u00ed v\u00fdstavy. Nebu\u010fte pros\u00edm p\u0159ekvapeni - pl\u00e1nov\u00e1n\u00ed nov\u00fdch speci\u00e1ln\u00edch v\u00fdstav \u010dasto vy\u017eaduje dlouhou dobu p\u0159\u00edpravy, rozs\u00e1hlou organiza\u010dn\u00ed koordinaci a pe\u010dliv\u00fd v\u00fdb\u011br a p\u0159\u00edpravu expon\u00e1t\u016f a obsahu.\n    <\/p>\n\n    <p>\n        Nov\u00e9 v\u00fdstavy budeme na na\u0161e webov\u00e9 str\u00e1nky p\u0159id\u00e1vat a\u017e po dokon\u010den\u00ed v\u0161ech p\u0159\u00edslu\u0161n\u00fdch term\u00edn\u016f, kdy bude mo\u017en\u00e9 zajistit jejich spolehlivou prezentaci. Pros\u00edme v\u00e1s o pochopen\u00ed a t\u011b\u0161\u00edme se na pozd\u011bj\u0161\u00ed setk\u00e1n\u00ed - stoj\u00ed to za to.\n    <\/p>\n\n    <p>\n        Prozat\u00edm si prohl\u00e9dn\u011bte na\u0161e aktu\u00e1ln\u00ed v\u00fdstavy.\n    <\/p>\n\n    <div class=\"elementor-element elementor-widget elementor-widget-button\" data-element_type=\"widget\" data-widget_type=\"button.default\">\n        <div class=\"elementor-widget-container\">\n            <div class=\"elementor-button-wrapper\">\n                <a href=\"\/cz\/aktuell\/\" class=\"elementor-button elementor-button-link elementor-size-sm\">\n                    <span class=\"elementor-button-content-wrapper\">\n                        <span class=\"elementor-button-text\">na aktu\u00e1ln\u00ed v\u00fdstavy<\/span>\n                    <\/span>\n                <\/a>\n            <\/div>\n        <\/div>\n    <\/div>\n<\/div><\/div>\n\t\t\t\t\t\t<\/div>\n\t\t\t\t<\/div>\n\t\t\t\t\t<\/div>\n\t\t<\/div>\n\t\t\t\t\t<\/div>\n\t\t<\/section>\n\t\t\t\t<\/div>","protected":false},"excerpt":{"rendered":"<p>Nadch\u00e1zej\u00edc\u00ed v\u00fdstavyVe skl\u00e1\u0159sk\u00e9m muzeu Frauenau<\/p>","protected":false},"author":1,"featured_media":0,"parent":0,"menu_order":0,"comment_status":"closed","ping_status":"closed","template":"","meta":{"_acf_changed":false,"footnotes":""},"categories":[],"class_list":["post-904","page","type-page","status-publish","hentry","entry"],"acf":[],"yoast_head":"<!-- This site is optimized with the Yoast SEO plugin v27.4 - https:\/\/yoast.com\/product\/yoast-seo-wordpress\/ -->\n<title>Ausblick - Glasmuseum Frauenau<\/title>\n<meta name=\"robots\" content=\"index, follow, max-snippet:-1, max-image-preview:large, max-video-preview:-1\" \/>\n<link rel=\"canonical\" href=\"https:\/\/glasmuseum-frauenau.de\/cz\/ausblick\/\" \/>\n<meta property=\"og:locale\" content=\"cs_CZ\" \/>\n<meta property=\"og:type\" content=\"article\" \/>\n<meta property=\"og:title\" content=\"Ausblick - Glasmuseum Frauenau\" \/>\n<meta property=\"og:description\" content=\"Anstehende AusstellungenIm Glasmuseum Frauenau\" \/>\n<meta property=\"og:url\" content=\"https:\/\/glasmuseum-frauenau.de\/cz\/ausblick\/\" \/>\n<meta property=\"og:site_name\" content=\"Glasmuseum Frauenau\" \/>\n<meta property=\"article:publisher\" content=\"https:\/\/www.facebook.com\/people\/Glasmuseum-Frauenau-Staatliches-Museum-zur-Geschichte-der-Glaskultur\/100057480098957\/\" \/>\n<meta property=\"article:modified_time\" content=\"2024-04-10T13:05:57+00:00\" \/>\n<meta name=\"twitter:card\" content=\"summary_large_image\" \/>\n<meta name=\"twitter:label1\" content=\"Odhadovan\u00e1 doba \u010dten\u00ed\" \/>\n\t<meta name=\"twitter:data1\" content=\"1 minuta\" \/>\n<script type=\"application\/ld+json\" class=\"yoast-schema-graph\">{\"@context\":\"https:\\\/\\\/schema.org\",\"@graph\":[{\"@type\":\"WebPage\",\"@id\":\"https:\\\/\\\/glasmuseum-frauenau.de\\\/ausblick\\\/\",\"url\":\"https:\\\/\\\/glasmuseum-frauenau.de\\\/ausblick\\\/\",\"name\":\"Ausblick - Glasmuseum Frauenau\",\"isPartOf\":{\"@id\":\"https:\\\/\\\/glasmuseum-frauenau.de\\\/#website\"},\"datePublished\":\"2023-02-24T14:01:59+00:00\",\"dateModified\":\"2024-04-10T13:05:57+00:00\",\"breadcrumb\":{\"@id\":\"https:\\\/\\\/glasmuseum-frauenau.de\\\/ausblick\\\/#breadcrumb\"},\"inLanguage\":\"cs\",\"potentialAction\":[{\"@type\":\"ReadAction\",\"target\":[\"https:\\\/\\\/glasmuseum-frauenau.de\\\/ausblick\\\/\"]}]},{\"@type\":\"BreadcrumbList\",\"@id\":\"https:\\\/\\\/glasmuseum-frauenau.de\\\/ausblick\\\/#breadcrumb\",\"itemListElement\":[{\"@type\":\"ListItem\",\"position\":1,\"name\":\"Startseite\",\"item\":\"https:\\\/\\\/glasmuseum-frauenau.de\\\/\"},{\"@type\":\"ListItem\",\"position\":2,\"name\":\"Ausblick\"}]},{\"@type\":\"WebSite\",\"@id\":\"https:\\\/\\\/glasmuseum-frauenau.de\\\/#website\",\"url\":\"https:\\\/\\\/glasmuseum-frauenau.de\\\/\",\"name\":\"Glasmuseum Frauenau\",\"description\":\"Entdecke - Erkunde - Erschaffe\",\"publisher\":{\"@id\":\"https:\\\/\\\/glasmuseum-frauenau.de\\\/#organization\"},\"potentialAction\":[{\"@type\":\"SearchAction\",\"target\":{\"@type\":\"EntryPoint\",\"urlTemplate\":\"https:\\\/\\\/glasmuseum-frauenau.de\\\/?s={search_term_string}\"},\"query-input\":{\"@type\":\"PropertyValueSpecification\",\"valueRequired\":true,\"valueName\":\"search_term_string\"}}],\"inLanguage\":\"cs\"},{\"@type\":\"Organization\",\"@id\":\"https:\\\/\\\/glasmuseum-frauenau.de\\\/#organization\",\"name\":\"Glasmuseum Frauenau\",\"url\":\"https:\\\/\\\/glasmuseum-frauenau.de\\\/\",\"logo\":{\"@type\":\"ImageObject\",\"inLanguage\":\"cs\",\"@id\":\"https:\\\/\\\/glasmuseum-frauenau.de\\\/#\\\/schema\\\/logo\\\/image\\\/\",\"url\":\"https:\\\/\\\/glasmuseum-frauenau.de\\\/wp-content\\\/uploads\\\/2022\\\/08\\\/glasmuseum-logo.svg\",\"contentUrl\":\"https:\\\/\\\/glasmuseum-frauenau.de\\\/wp-content\\\/uploads\\\/2022\\\/08\\\/glasmuseum-logo.svg\",\"width\":171,\"height\":91,\"caption\":\"Glasmuseum Frauenau\"},\"image\":{\"@id\":\"https:\\\/\\\/glasmuseum-frauenau.de\\\/#\\\/schema\\\/logo\\\/image\\\/\"},\"sameAs\":[\"https:\\\/\\\/www.facebook.com\\\/people\\\/Glasmuseum-Frauenau-Staatliches-Museum-zur-Geschichte-der-Glaskultur\\\/100057480098957\\\/\",\"https:\\\/\\\/www.instagram.com\\\/glasmuseum.frauenau\\\/?hl=de\"]}]}<\/script>\n<!-- \/ Yoast SEO plugin. -->","yoast_head_json":{"title":"V\u00fdhled - Frauenau Glass Museum","robots":{"index":"index","follow":"follow","max-snippet":"max-snippet:-1","max-image-preview":"max-image-preview:large","max-video-preview":"max-video-preview:-1"},"canonical":"https:\/\/glasmuseum-frauenau.de\/cz\/ausblick\/","og_locale":"cs_CZ","og_type":"article","og_title":"Ausblick - Glasmuseum Frauenau","og_description":"Anstehende AusstellungenIm Glasmuseum Frauenau","og_url":"https:\/\/glasmuseum-frauenau.de\/cz\/ausblick\/","og_site_name":"Glasmuseum Frauenau","article_publisher":"https:\/\/www.facebook.com\/people\/Glasmuseum-Frauenau-Staatliches-Museum-zur-Geschichte-der-Glaskultur\/100057480098957\/","article_modified_time":"2024-04-10T13:05:57+00:00","twitter_card":"summary_large_image","twitter_misc":{"Odhadovan\u00e1 doba \u010dten\u00ed":"1 minuta"},"schema":{"@context":"https:\/\/schema.org","@graph":[{"@type":"WebPage","@id":"https:\/\/glasmuseum-frauenau.de\/ausblick\/","url":"https:\/\/glasmuseum-frauenau.de\/ausblick\/","name":"V\u00fdhled - Frauenau Glass Museum","isPartOf":{"@id":"https:\/\/glasmuseum-frauenau.de\/#website"},"datePublished":"2023-02-24T14:01:59+00:00","dateModified":"2024-04-10T13:05:57+00:00","breadcrumb":{"@id":"https:\/\/glasmuseum-frauenau.de\/ausblick\/#breadcrumb"},"inLanguage":"cs","potentialAction":[{"@type":"ReadAction","target":["https:\/\/glasmuseum-frauenau.de\/ausblick\/"]}]},{"@type":"BreadcrumbList","@id":"https:\/\/glasmuseum-frauenau.de\/ausblick\/#breadcrumb","itemListElement":[{"@type":"ListItem","position":1,"name":"Startseite","item":"https:\/\/glasmuseum-frauenau.de\/"},{"@type":"ListItem","position":2,"name":"Ausblick"}]},{"@type":"WebSite","@id":"https:\/\/glasmuseum-frauenau.de\/#website","url":"https:\/\/glasmuseum-frauenau.de\/","name":"Muzeum skla Frauenau","description":"Objevovat - zkoumat - tvo\u0159it","publisher":{"@id":"https:\/\/glasmuseum-frauenau.de\/#organization"},"potentialAction":[{"@type":"SearchAction","target":{"@type":"EntryPoint","urlTemplate":"https:\/\/glasmuseum-frauenau.de\/?s={search_term_string}"},"query-input":{"@type":"PropertyValueSpecification","valueRequired":true,"valueName":"search_term_string"}}],"inLanguage":"cs"},{"@type":"Organization","@id":"https:\/\/glasmuseum-frauenau.de\/#organization","name":"Muzeum skla Frauenau","url":"https:\/\/glasmuseum-frauenau.de\/","logo":{"@type":"ImageObject","inLanguage":"cs","@id":"https:\/\/glasmuseum-frauenau.de\/#\/schema\/logo\/image\/","url":"https:\/\/glasmuseum-frauenau.de\/wp-content\/uploads\/2022\/08\/glasmuseum-logo.svg","contentUrl":"https:\/\/glasmuseum-frauenau.de\/wp-content\/uploads\/2022\/08\/glasmuseum-logo.svg","width":171,"height":91,"caption":"Glasmuseum Frauenau"},"image":{"@id":"https:\/\/glasmuseum-frauenau.de\/#\/schema\/logo\/image\/"},"sameAs":["https:\/\/www.facebook.com\/people\/Glasmuseum-Frauenau-Staatliches-Museum-zur-Geschichte-der-Glaskultur\/100057480098957\/","https:\/\/www.instagram.com\/glasmuseum.frauenau\/?hl=de"]}]}},"_links":{"self":[{"href":"https:\/\/glasmuseum-frauenau.de\/cz\/wp-json\/wp\/v2\/pages\/904","targetHints":{"allow":["GET"]}}],"collection":[{"href":"https:\/\/glasmuseum-frauenau.de\/cz\/wp-json\/wp\/v2\/pages"}],"about":[{"href":"https:\/\/glasmuseum-frauenau.de\/cz\/wp-json\/wp\/v2\/types\/page"}],"author":[{"embeddable":true,"href":"https:\/\/glasmuseum-frauenau.de\/cz\/wp-json\/wp\/v2\/users\/1"}],"replies":[{"embeddable":true,"href":"https:\/\/glasmuseum-frauenau.de\/cz\/wp-json\/wp\/v2\/comments?post=904"}],"version-history":[{"count":45,"href":"https:\/\/glasmuseum-frauenau.de\/cz\/wp-json\/wp\/v2\/pages\/904\/revisions"}],"predecessor-version":[{"id":3459,"href":"https:\/\/glasmuseum-frauenau.de\/cz\/wp-json\/wp\/v2\/pages\/904\/revisions\/3459"}],"wp:attachment":[{"href":"https:\/\/glasmuseum-frauenau.de\/cz\/wp-json\/wp\/v2\/media?parent=904"}],"wp:term":[{"taxonomy":"category","embeddable":true,"href":"https:\/\/glasmuseum-frauenau.de\/cz\/wp-json\/wp\/v2\/categories?post=904"}],"curies":[{"name":"wp","href":"https:\/\/api.w.org\/{rel}","templated":true}]}}