{"id":4260,"date":"2025-07-28T10:48:08","date_gmt":"2025-07-28T10:48:08","guid":{"rendered":"https:\/\/glasmuseum-frauenau.de\/?page_id=4260"},"modified":"2026-02-02T14:18:30","modified_gmt":"2026-02-02T14:18:30","slug":"cafe-shop","status":"publish","type":"page","link":"https:\/\/glasmuseum-frauenau.de\/cz\/besuch\/cafe-shop\/","title":{"rendered":"Kav\u00e1rna a obchod"},"content":{"rendered":"<div data-elementor-type=\"wp-page\" data-elementor-id=\"4260\" class=\"elementor elementor-4260\" data-elementor-post-type=\"page\">\n\t\t\t\t\t\t<section class=\"elementor-section elementor-top-section elementor-element elementor-element-abb5aaf elementor-section-full_width main-header elementor-section-height-default elementor-section-height-default\" data-id=\"abb5aaf\" data-element_type=\"section\" data-e-type=\"section\">\n\t\t\t\t\t\t<div class=\"elementor-container elementor-column-gap-default\">\n\t\t\t\t\t<div class=\"elementor-column elementor-col-100 elementor-top-column elementor-element elementor-element-b834a04\" data-id=\"b834a04\" data-element_type=\"column\" data-e-type=\"column\">\n\t\t\t<div class=\"elementor-widget-wrap elementor-element-populated\">\n\t\t\t\t\t\t<div class=\"elementor-element elementor-element-1336340 elementor--h-position-center elementor--v-position-middle elementor-arrows-position-inside elementor-widget elementor-widget-slides\" data-id=\"1336340\" data-element_type=\"widget\" data-e-type=\"widget\" data-settings=\"{&quot;navigation&quot;:&quot;arrows&quot;,&quot;autoplay&quot;:&quot;yes&quot;,&quot;pause_on_hover&quot;:&quot;yes&quot;,&quot;pause_on_interaction&quot;:&quot;yes&quot;,&quot;autoplay_speed&quot;:5000,&quot;infinite&quot;:&quot;yes&quot;,&quot;transition&quot;:&quot;slide&quot;,&quot;transition_speed&quot;:500}\" data-widget_type=\"slides.default\">\n\t\t\t\t<div class=\"elementor-widget-container\">\n\t\t\t\t\t\t\t\t\t<div class=\"elementor-swiper\">\n\t\t\t\t\t<div class=\"elementor-slides-wrapper elementor-main-swiper swiper\" role=\"region\" aria-roledescription=\"carousel\" aria-label=\"Posuvn\u00edk\" dir=\"ltr\" data-animation=\"fadeInUp\">\n\t\t\t\t<div class=\"swiper-wrapper elementor-slides\">\n\t\t\t\t\t\t\t\t\t\t<div class=\"elementor-repeater-item-3973127 swiper-slide\" role=\"group\" aria-roledescription=\"slide\"><div class=\"swiper-slide-bg\" role=\"img\" aria-label=\"pixeltypen_glasmuseum-frauenau_22-06-15_contentday_9350\"><\/div><div class=\"elementor-background-overlay\"><\/div><div class=\"swiper-slide-inner\" ><div class=\"swiper-slide-contents\"><div class=\"elementor-slide-heading\">Kav\u00e1rna a obchod<\/div><\/div><\/div><\/div>\t\t\t\t<\/div>\n\t\t\t\t\t\t\t<\/div>\n\t\t\t\t<\/div>\n\t\t\t\t\t\t\t\t<\/div>\n\t\t\t\t<\/div>\n\t\t\t\t\t<\/div>\n\t\t<\/div>\n\t\t\t\t\t<\/div>\n\t\t<\/section>\n\t\t\t\t<section class=\"elementor-section elementor-top-section elementor-element elementor-element-0818129 elementor-section-boxed elementor-section-height-default elementor-section-height-default\" data-id=\"0818129\" data-element_type=\"section\" data-e-type=\"section\">\n\t\t\t\t\t\t<div class=\"elementor-container elementor-column-gap-default\">\n\t\t\t\t\t<div class=\"elementor-column elementor-col-100 elementor-top-column elementor-element elementor-element-92e2c39\" data-id=\"92e2c39\" data-element_type=\"column\" data-e-type=\"column\">\n\t\t\t<div class=\"elementor-widget-wrap elementor-element-populated\">\n\t\t\t\t\t\t<section class=\"elementor-section elementor-inner-section elementor-element elementor-element-b3d0675 elementor-section-boxed elementor-section-height-default elementor-section-height-default\" data-id=\"b3d0675\" data-element_type=\"section\" data-e-type=\"section\">\n\t\t\t\t\t\t<div class=\"elementor-container elementor-column-gap-default\">\n\t\t\t\t\t<div class=\"elementor-column elementor-col-50 elementor-inner-column elementor-element elementor-element-abcbdd4\" data-id=\"abcbdd4\" data-element_type=\"column\" data-e-type=\"column\">\n\t\t\t<div class=\"elementor-widget-wrap elementor-element-populated\">\n\t\t\t\t\t\t<div class=\"elementor-element elementor-element-704510d elementor-widget elementor-widget-heading\" data-id=\"704510d\" data-element_type=\"widget\" data-e-type=\"widget\" data-widget_type=\"heading.default\">\n\t\t\t\t<div class=\"elementor-widget-container\">\n\t\t\t\t\t<h3 class=\"elementor-heading-title elementor-size-default\">Obchod<\/h3>\t\t\t\t<\/div>\n\t\t\t\t<\/div>\n\t\t\t\t\t<\/div>\n\t\t<\/div>\n\t\t\t\t<div class=\"elementor-column elementor-col-50 elementor-inner-column elementor-element elementor-element-3ee0a3c\" data-id=\"3ee0a3c\" data-element_type=\"column\" data-e-type=\"column\">\n\t\t\t<div class=\"elementor-widget-wrap elementor-element-populated\">\n\t\t\t\t\t\t<div class=\"elementor-element elementor-element-0124f49 elementor-widget elementor-widget-text-editor\" data-id=\"0124f49\" data-element_type=\"widget\" data-e-type=\"widget\" data-widget_type=\"text-editor.default\">\n\t\t\t\t<div class=\"elementor-widget-container\">\n\t\t\t\t\t\t\t\t\t<p>Mal\u00fd, ale p\u011bkn\u00fd je muzejn\u00ed obchod. V nab\u00eddce jsou repliky st\u0159edov\u011bk\u00e9ho skla, dekorativn\u00ed p\u0159edm\u011bty ru\u010dn\u011b vyr\u00e1b\u011bn\u00e9 v regionu, drobn\u00e9 suven\u00fdry ze skla, pohlednice, literatura o skle a muzejn\u00ed publikace a mnoho dal\u0161\u00edho.<\/p><p><strong>St\u00e1hnout:<\/strong> <a href=\"https:\/\/glasmuseum-frauenau.de\/wp-content\/uploads\/2023\/04\/Verzeichnis_Buecher_Shop.pdf\" target=\"_blank\" rel=\"noopener\">Seznam knih v obchod\u011b<\/a><\/p>\t\t\t\t\t\t\t\t<\/div>\n\t\t\t\t<\/div>\n\t\t\t\t\t<\/div>\n\t\t<\/div>\n\t\t\t\t\t<\/div>\n\t\t<\/section>\n\t\t\t\t<section class=\"elementor-section elementor-inner-section elementor-element elementor-element-457aec1 elementor-section-boxed elementor-section-height-default elementor-section-height-default\" data-id=\"457aec1\" data-element_type=\"section\" data-e-type=\"section\">\n\t\t\t\t\t\t<div class=\"elementor-container elementor-column-gap-default\">\n\t\t\t\t\t<div class=\"elementor-column elementor-col-50 elementor-inner-column elementor-element elementor-element-d3905ce\" data-id=\"d3905ce\" data-element_type=\"column\" data-e-type=\"column\">\n\t\t\t<div class=\"elementor-widget-wrap elementor-element-populated\">\n\t\t\t\t\t\t<div class=\"elementor-element elementor-element-266a796 elementor-widget elementor-widget-heading\" data-id=\"266a796\" data-element_type=\"widget\" data-e-type=\"widget\" data-widget_type=\"heading.default\">\n\t\t\t\t<div class=\"elementor-widget-container\">\n\t\t\t\t\t<h3 class=\"elementor-heading-title elementor-size-default\">Kav\u00e1rna<\/h3>\t\t\t\t<\/div>\n\t\t\t\t<\/div>\n\t\t\t\t\t<\/div>\n\t\t<\/div>\n\t\t\t\t<div class=\"elementor-column elementor-col-50 elementor-inner-column elementor-element elementor-element-050b35e\" data-id=\"050b35e\" data-element_type=\"column\" data-e-type=\"column\">\n\t\t\t<div class=\"elementor-widget-wrap elementor-element-populated\">\n\t\t\t\t\t\t<div class=\"elementor-element elementor-element-e03f1f8 elementor-widget elementor-widget-text-editor\" data-id=\"e03f1f8\" data-element_type=\"widget\" data-e-type=\"widget\" data-widget_type=\"text-editor.default\">\n\t\t\t\t<div class=\"elementor-widget-container\">\n\t\t\t\t\t\t\t\t\t<p>Kav\u00e1rna ve Sklen\u011bn\u00fdch zahrad\u00e1ch, kter\u00e1 je integrovan\u00e1 ve foyer muzea, zve k p\u0159est\u00e1vce b\u011bhem n\u00e1v\u0161t\u011bvy muzea a nab\u00edz\u00ed z\u00e1kusky a k\u00e1vov\u00e9 speciality s k\u00e1vou, ob\u010derstven\u00edm, studen\u00fdmi n\u00e1poji a zmrzlinou. Za p\u011bkn\u00e9ho po\u010das\u00ed si to v\u0161e m\u016f\u017eete vychutnat tak\u00e9 na terase.<\/p><p>Zahradni\u010den\u00ed v l\u00e9t\u011b<\/p><p><strong>Otev\u00edrac\u00ed doba:\u00a0 <\/strong>V sou\u010dasn\u00e9 dob\u011b je bohu\u017eel j\u00eddelna uzav\u0159ena z d\u016fvodu bl\u00ed\u017e\u00edc\u00ed se zm\u011bny n\u00e1jemce.<br \/><strong>N\u00e1jemce:<\/strong>\u00a0<br \/><strong>Kontakt:<\/strong>\u00a0<\/p>\t\t\t\t\t\t\t\t<\/div>\n\t\t\t\t<\/div>\n\t\t\t\t\t<\/div>\n\t\t<\/div>\n\t\t\t\t\t<\/div>\n\t\t<\/section>\n\t\t\t\t\t<\/div>\n\t\t<\/div>\n\t\t\t\t\t<\/div>\n\t\t<\/section>\n\t\t\t\t<section class=\"elementor-section elementor-top-section elementor-element elementor-element-10da637 elementor-section-full_width elementor-section-height-default elementor-section-height-default\" data-id=\"10da637\" data-element_type=\"section\" data-e-type=\"section\">\n\t\t\t\t\t\t<div class=\"elementor-container elementor-column-gap-no\">\n\t\t\t\t\t<div class=\"elementor-column elementor-col-66 elementor-top-column elementor-element elementor-element-9983f19\" data-id=\"9983f19\" data-element_type=\"column\" data-e-type=\"column\">\n\t\t\t<div class=\"elementor-widget-wrap elementor-element-populated\">\n\t\t\t\t\t\t<div class=\"elementor-element elementor-element-375b53d elementor-widget elementor-widget-image\" data-id=\"375b53d\" data-element_type=\"widget\" data-e-type=\"widget\" data-widget_type=\"image.default\">\n\t\t\t\t<div class=\"elementor-widget-container\">\n\t\t\t\t\t\t\t\t\t\t\t\t\t\t\t\t<a href=\"https:\/\/glasmuseum-frauenau.de\/wp-content\/uploads\/2023\/03\/pixeltypen_glasmuseum-frauenau_22-06-15_contentday_9338-scaled.jpg\" data-elementor-open-lightbox=\"yes\" data-elementor-lightbox-title=\"pixeltypen_glasmuseum-frauenau_22-06-15_contentday_9338\" data-e-action-hash=\"#elementor-action%3Aaction%3Dlightbox%26settings%3DeyJpZCI6MTU3OSwidXJsIjoiaHR0cHM6XC9cL2dsYXNtdXNldW0tZnJhdWVuYXUuZGVcL3dwLWNvbnRlbnRcL3VwbG9hZHNcLzIwMjNcLzAzXC9waXhlbHR5cGVuX2dsYXNtdXNldW0tZnJhdWVuYXVfMjItMDYtMTVfY29udGVudGRheV85MzM4LXNjYWxlZC5qcGcifQ%3D%3D\">\n\t\t\t\t\t\t\t<img fetchpriority=\"high\" decoding=\"async\" width=\"2048\" height=\"1366\" src=\"https:\/\/glasmuseum-frauenau.de\/wp-content\/uploads\/2023\/03\/pixeltypen_glasmuseum-frauenau_22-06-15_contentday_9338-scaled.jpg\" class=\"attachment-full size-full wp-image-1579\" alt=\"\" srcset=\"https:\/\/glasmuseum-frauenau.de\/wp-content\/uploads\/2023\/03\/pixeltypen_glasmuseum-frauenau_22-06-15_contentday_9338-scaled.jpg 2048w, https:\/\/glasmuseum-frauenau.de\/wp-content\/uploads\/2023\/03\/pixeltypen_glasmuseum-frauenau_22-06-15_contentday_9338-300x200.jpg 300w, https:\/\/glasmuseum-frauenau.de\/wp-content\/uploads\/2023\/03\/pixeltypen_glasmuseum-frauenau_22-06-15_contentday_9338-1024x683.jpg 1024w, https:\/\/glasmuseum-frauenau.de\/wp-content\/uploads\/2023\/03\/pixeltypen_glasmuseum-frauenau_22-06-15_contentday_9338-768x512.jpg 768w, https:\/\/glasmuseum-frauenau.de\/wp-content\/uploads\/2023\/03\/pixeltypen_glasmuseum-frauenau_22-06-15_contentday_9338-1536x1024.jpg 1536w\" sizes=\"(max-width: 2048px) 100vw, 2048px\" \/>\t\t\t\t\t\t\t\t<\/a>\n\t\t\t\t\t\t\t\t\t\t\t\t\t\t\t<\/div>\n\t\t\t\t<\/div>\n\t\t\t\t\t<\/div>\n\t\t<\/div>\n\t\t\t\t<div class=\"elementor-column elementor-col-33 elementor-top-column elementor-element elementor-element-44cafd8\" data-id=\"44cafd8\" data-element_type=\"column\" data-e-type=\"column\">\n\t\t\t<div class=\"elementor-widget-wrap\">\n\t\t\t\t\t\t\t<\/div>\n\t\t<\/div>\n\t\t\t\t\t<\/div>\n\t\t<\/section>\n\t\t\t\t<section class=\"elementor-section elementor-top-section elementor-element elementor-element-fbbcad3 elementor-section-full_width elementor-section-height-default elementor-section-height-default\" data-id=\"fbbcad3\" data-element_type=\"section\" data-e-type=\"section\">\n\t\t\t\t\t\t<div class=\"elementor-container elementor-column-gap-no\">\n\t\t\t\t\t<div class=\"elementor-column elementor-col-33 elementor-top-column elementor-element elementor-element-13402a5\" data-id=\"13402a5\" data-element_type=\"column\" data-e-type=\"column\">\n\t\t\t<div class=\"elementor-widget-wrap\">\n\t\t\t\t\t\t\t<\/div>\n\t\t<\/div>\n\t\t\t\t<div class=\"elementor-column elementor-col-66 elementor-top-column elementor-element elementor-element-c5ff825\" data-id=\"c5ff825\" data-element_type=\"column\" data-e-type=\"column\">\n\t\t\t<div class=\"elementor-widget-wrap elementor-element-populated\">\n\t\t\t\t\t\t<div class=\"elementor-element elementor-element-950d8e8 elementor-widget elementor-widget-image\" data-id=\"950d8e8\" data-element_type=\"widget\" data-e-type=\"widget\" data-widget_type=\"image.default\">\n\t\t\t\t<div class=\"elementor-widget-container\">\n\t\t\t\t\t\t\t\t\t\t\t\t\t\t\t\t<a href=\"https:\/\/glasmuseum-frauenau.de\/wp-content\/uploads\/2023\/03\/pixeltypen_glasmuseum-frauenau_22-06-15_contentday_9350-1-scaled.jpg\" data-elementor-open-lightbox=\"yes\" data-elementor-lightbox-title=\"pixeltypen_glasmuseum-frauenau_22-06-15_contentday_9350\" data-e-action-hash=\"#elementor-action%3Aaction%3Dlightbox%26settings%3DeyJpZCI6MTU4MiwidXJsIjoiaHR0cHM6XC9cL2dsYXNtdXNldW0tZnJhdWVuYXUuZGVcL3dwLWNvbnRlbnRcL3VwbG9hZHNcLzIwMjNcLzAzXC9waXhlbHR5cGVuX2dsYXNtdXNldW0tZnJhdWVuYXVfMjItMDYtMTVfY29udGVudGRheV85MzUwLTEtc2NhbGVkLmpwZyJ9\">\n\t\t\t\t\t\t\t<img decoding=\"async\" width=\"2048\" height=\"1366\" src=\"https:\/\/glasmuseum-frauenau.de\/wp-content\/uploads\/2023\/03\/pixeltypen_glasmuseum-frauenau_22-06-15_contentday_9350-1-scaled.jpg\" class=\"attachment-full size-full wp-image-1582\" alt=\"\" srcset=\"https:\/\/glasmuseum-frauenau.de\/wp-content\/uploads\/2023\/03\/pixeltypen_glasmuseum-frauenau_22-06-15_contentday_9350-1-scaled.jpg 2048w, https:\/\/glasmuseum-frauenau.de\/wp-content\/uploads\/2023\/03\/pixeltypen_glasmuseum-frauenau_22-06-15_contentday_9350-1-300x200.jpg 300w, https:\/\/glasmuseum-frauenau.de\/wp-content\/uploads\/2023\/03\/pixeltypen_glasmuseum-frauenau_22-06-15_contentday_9350-1-1024x683.jpg 1024w, https:\/\/glasmuseum-frauenau.de\/wp-content\/uploads\/2023\/03\/pixeltypen_glasmuseum-frauenau_22-06-15_contentday_9350-1-768x512.jpg 768w, https:\/\/glasmuseum-frauenau.de\/wp-content\/uploads\/2023\/03\/pixeltypen_glasmuseum-frauenau_22-06-15_contentday_9350-1-1536x1024.jpg 1536w\" sizes=\"(max-width: 2048px) 100vw, 2048px\" \/>\t\t\t\t\t\t\t\t<\/a>\n\t\t\t\t\t\t\t\t\t\t\t\t\t\t\t<\/div>\n\t\t\t\t<\/div>\n\t\t\t\t\t<\/div>\n\t\t<\/div>\n\t\t\t\t\t<\/div>\n\t\t<\/section>\n\t\t\t\t<\/div>","protected":false},"excerpt":{"rendered":"<p>Caf\u00e9 &#038; Shop Shop Klein, aber fein pr\u00e4sentiert sich der Museumsshop. Repliken mittelalterlicher Gl\u00e4ser, in der Region von Hand gefertigte Dekoartikel, kleine Souvenirs aus Glas, Ansichtskarten, Literatur zu Glas und Museumsschriften und einiges mehr ist hier im Angebot. Download: Liste der B\u00fccher im Shop Cafeteria Die Cafeteria an den Gl\u00e4sernen G\u00e4rten, im Foyer des Museums [&hellip;]<\/p>\n","protected":false},"author":6,"featured_media":0,"parent":110,"menu_order":0,"comment_status":"closed","ping_status":"closed","template":"","meta":{"_acf_changed":false,"footnotes":""},"categories":[],"class_list":["post-4260","page","type-page","status-publish","hentry","entry"],"acf":[],"yoast_head":"<!-- This site is optimized with the Yoast SEO plugin v27.3 - https:\/\/yoast.com\/product\/yoast-seo-wordpress\/ -->\n<title>Cafe &amp; Shop - Glasmuseum Frauenau<\/title>\n<meta name=\"robots\" content=\"index, follow, max-snippet:-1, max-image-preview:large, max-video-preview:-1\" \/>\n<link rel=\"canonical\" href=\"https:\/\/glasmuseum-frauenau.de\/cz\/besuch\/cafe-shop\/\" \/>\n<meta property=\"og:locale\" content=\"cs_CZ\" \/>\n<meta property=\"og:type\" content=\"article\" \/>\n<meta property=\"og:title\" content=\"Cafe &amp; Shop - Glasmuseum Frauenau\" \/>\n<meta property=\"og:description\" content=\"Caf\u00e9 &#038; Shop Shop Klein, aber fein pr\u00e4sentiert sich der Museumsshop. Repliken mittelalterlicher Gl\u00e4ser, in der Region von Hand gefertigte Dekoartikel, kleine Souvenirs aus Glas, Ansichtskarten, Literatur zu Glas und Museumsschriften und einiges mehr ist hier im Angebot. Download: Liste der B\u00fccher im Shop Cafeteria Die Cafeteria an den Gl\u00e4sernen G\u00e4rten, im Foyer des Museums [&hellip;]\" \/>\n<meta property=\"og:url\" content=\"https:\/\/glasmuseum-frauenau.de\/cz\/besuch\/cafe-shop\/\" \/>\n<meta property=\"og:site_name\" content=\"Glasmuseum Frauenau\" \/>\n<meta property=\"article:publisher\" content=\"https:\/\/www.facebook.com\/people\/Glasmuseum-Frauenau-Staatliches-Museum-zur-Geschichte-der-Glaskultur\/100057480098957\/\" \/>\n<meta property=\"article:modified_time\" content=\"2026-02-02T14:18:30+00:00\" \/>\n<meta property=\"og:image\" content=\"https:\/\/glasmuseum-frauenau.de\/wp-content\/uploads\/2023\/03\/pixeltypen_glasmuseum-frauenau_22-06-15_contentday_9338-scaled.jpg\" \/>\n\t<meta property=\"og:image:width\" content=\"2048\" \/>\n\t<meta property=\"og:image:height\" content=\"1366\" \/>\n\t<meta property=\"og:image:type\" content=\"image\/jpeg\" \/>\n<meta name=\"twitter:card\" content=\"summary_large_image\" \/>\n<meta name=\"twitter:label1\" content=\"Odhadovan\u00e1 doba \u010dten\u00ed\" \/>\n\t<meta name=\"twitter:data1\" content=\"1 minuta\" \/>\n<script type=\"application\/ld+json\" class=\"yoast-schema-graph\">{\"@context\":\"https:\\\/\\\/schema.org\",\"@graph\":[{\"@type\":\"WebPage\",\"@id\":\"https:\\\/\\\/glasmuseum-frauenau.de\\\/besuch\\\/cafe-shop\\\/\",\"url\":\"https:\\\/\\\/glasmuseum-frauenau.de\\\/besuch\\\/cafe-shop\\\/\",\"name\":\"Cafe & Shop - Glasmuseum Frauenau\",\"isPartOf\":{\"@id\":\"https:\\\/\\\/glasmuseum-frauenau.de\\\/#website\"},\"primaryImageOfPage\":{\"@id\":\"https:\\\/\\\/glasmuseum-frauenau.de\\\/besuch\\\/cafe-shop\\\/#primaryimage\"},\"image\":{\"@id\":\"https:\\\/\\\/glasmuseum-frauenau.de\\\/besuch\\\/cafe-shop\\\/#primaryimage\"},\"thumbnailUrl\":\"https:\\\/\\\/glasmuseum-frauenau.de\\\/wp-content\\\/uploads\\\/2023\\\/03\\\/pixeltypen_glasmuseum-frauenau_22-06-15_contentday_9338-scaled.jpg\",\"datePublished\":\"2025-07-28T10:48:08+00:00\",\"dateModified\":\"2026-02-02T14:18:30+00:00\",\"breadcrumb\":{\"@id\":\"https:\\\/\\\/glasmuseum-frauenau.de\\\/besuch\\\/cafe-shop\\\/#breadcrumb\"},\"inLanguage\":\"cs\",\"potentialAction\":[{\"@type\":\"ReadAction\",\"target\":[\"https:\\\/\\\/glasmuseum-frauenau.de\\\/besuch\\\/cafe-shop\\\/\"]}]},{\"@type\":\"ImageObject\",\"inLanguage\":\"cs\",\"@id\":\"https:\\\/\\\/glasmuseum-frauenau.de\\\/besuch\\\/cafe-shop\\\/#primaryimage\",\"url\":\"https:\\\/\\\/glasmuseum-frauenau.de\\\/wp-content\\\/uploads\\\/2023\\\/03\\\/pixeltypen_glasmuseum-frauenau_22-06-15_contentday_9338-scaled.jpg\",\"contentUrl\":\"https:\\\/\\\/glasmuseum-frauenau.de\\\/wp-content\\\/uploads\\\/2023\\\/03\\\/pixeltypen_glasmuseum-frauenau_22-06-15_contentday_9338-scaled.jpg\"},{\"@type\":\"BreadcrumbList\",\"@id\":\"https:\\\/\\\/glasmuseum-frauenau.de\\\/besuch\\\/cafe-shop\\\/#breadcrumb\",\"itemListElement\":[{\"@type\":\"ListItem\",\"position\":1,\"name\":\"Startseite\",\"item\":\"https:\\\/\\\/glasmuseum-frauenau.de\\\/\"},{\"@type\":\"ListItem\",\"position\":2,\"name\":\"Besuch\",\"item\":\"https:\\\/\\\/glasmuseum-frauenau.de\\\/besuch\\\/\"},{\"@type\":\"ListItem\",\"position\":3,\"name\":\"Cafe &#038; Shop\"}]},{\"@type\":\"WebSite\",\"@id\":\"https:\\\/\\\/glasmuseum-frauenau.de\\\/#website\",\"url\":\"https:\\\/\\\/glasmuseum-frauenau.de\\\/\",\"name\":\"Glasmuseum Frauenau\",\"description\":\"Entdecke - Erkunde - Erschaffe\",\"publisher\":{\"@id\":\"https:\\\/\\\/glasmuseum-frauenau.de\\\/#organization\"},\"potentialAction\":[{\"@type\":\"SearchAction\",\"target\":{\"@type\":\"EntryPoint\",\"urlTemplate\":\"https:\\\/\\\/glasmuseum-frauenau.de\\\/?s={search_term_string}\"},\"query-input\":{\"@type\":\"PropertyValueSpecification\",\"valueRequired\":true,\"valueName\":\"search_term_string\"}}],\"inLanguage\":\"cs\"},{\"@type\":\"Organization\",\"@id\":\"https:\\\/\\\/glasmuseum-frauenau.de\\\/#organization\",\"name\":\"Glasmuseum Frauenau\",\"url\":\"https:\\\/\\\/glasmuseum-frauenau.de\\\/\",\"logo\":{\"@type\":\"ImageObject\",\"inLanguage\":\"cs\",\"@id\":\"https:\\\/\\\/glasmuseum-frauenau.de\\\/#\\\/schema\\\/logo\\\/image\\\/\",\"url\":\"https:\\\/\\\/glasmuseum-frauenau.de\\\/wp-content\\\/uploads\\\/2022\\\/08\\\/glasmuseum-logo.svg\",\"contentUrl\":\"https:\\\/\\\/glasmuseum-frauenau.de\\\/wp-content\\\/uploads\\\/2022\\\/08\\\/glasmuseum-logo.svg\",\"width\":171,\"height\":91,\"caption\":\"Glasmuseum Frauenau\"},\"image\":{\"@id\":\"https:\\\/\\\/glasmuseum-frauenau.de\\\/#\\\/schema\\\/logo\\\/image\\\/\"},\"sameAs\":[\"https:\\\/\\\/www.facebook.com\\\/people\\\/Glasmuseum-Frauenau-Staatliches-Museum-zur-Geschichte-der-Glaskultur\\\/100057480098957\\\/\",\"https:\\\/\\\/www.instagram.com\\\/glasmuseum.frauenau\\\/?hl=de\"]}]}<\/script>\n<!-- \/ Yoast SEO plugin. -->","yoast_head_json":{"title":"Kav\u00e1rna a obchod - Muzeum skla Frauenau","robots":{"index":"index","follow":"follow","max-snippet":"max-snippet:-1","max-image-preview":"max-image-preview:large","max-video-preview":"max-video-preview:-1"},"canonical":"https:\/\/glasmuseum-frauenau.de\/cz\/besuch\/cafe-shop\/","og_locale":"cs_CZ","og_type":"article","og_title":"Cafe & Shop - Glasmuseum Frauenau","og_description":"Caf\u00e9 &#038; Shop Shop Klein, aber fein pr\u00e4sentiert sich der Museumsshop. Repliken mittelalterlicher Gl\u00e4ser, in der Region von Hand gefertigte Dekoartikel, kleine Souvenirs aus Glas, Ansichtskarten, Literatur zu Glas und Museumsschriften und einiges mehr ist hier im Angebot. Download: Liste der B\u00fccher im Shop Cafeteria Die Cafeteria an den Gl\u00e4sernen G\u00e4rten, im Foyer des Museums [&hellip;]","og_url":"https:\/\/glasmuseum-frauenau.de\/cz\/besuch\/cafe-shop\/","og_site_name":"Glasmuseum Frauenau","article_publisher":"https:\/\/www.facebook.com\/people\/Glasmuseum-Frauenau-Staatliches-Museum-zur-Geschichte-der-Glaskultur\/100057480098957\/","article_modified_time":"2026-02-02T14:18:30+00:00","og_image":[{"width":2048,"height":1366,"url":"https:\/\/glasmuseum-frauenau.de\/wp-content\/uploads\/2023\/03\/pixeltypen_glasmuseum-frauenau_22-06-15_contentday_9338-scaled.jpg","type":"image\/jpeg"}],"twitter_card":"summary_large_image","twitter_misc":{"Odhadovan\u00e1 doba \u010dten\u00ed":"1 minuta"},"schema":{"@context":"https:\/\/schema.org","@graph":[{"@type":"WebPage","@id":"https:\/\/glasmuseum-frauenau.de\/besuch\/cafe-shop\/","url":"https:\/\/glasmuseum-frauenau.de\/besuch\/cafe-shop\/","name":"Kav\u00e1rna a obchod - Muzeum skla Frauenau","isPartOf":{"@id":"https:\/\/glasmuseum-frauenau.de\/#website"},"primaryImageOfPage":{"@id":"https:\/\/glasmuseum-frauenau.de\/besuch\/cafe-shop\/#primaryimage"},"image":{"@id":"https:\/\/glasmuseum-frauenau.de\/besuch\/cafe-shop\/#primaryimage"},"thumbnailUrl":"https:\/\/glasmuseum-frauenau.de\/wp-content\/uploads\/2023\/03\/pixeltypen_glasmuseum-frauenau_22-06-15_contentday_9338-scaled.jpg","datePublished":"2025-07-28T10:48:08+00:00","dateModified":"2026-02-02T14:18:30+00:00","breadcrumb":{"@id":"https:\/\/glasmuseum-frauenau.de\/besuch\/cafe-shop\/#breadcrumb"},"inLanguage":"cs","potentialAction":[{"@type":"ReadAction","target":["https:\/\/glasmuseum-frauenau.de\/besuch\/cafe-shop\/"]}]},{"@type":"ImageObject","inLanguage":"cs","@id":"https:\/\/glasmuseum-frauenau.de\/besuch\/cafe-shop\/#primaryimage","url":"https:\/\/glasmuseum-frauenau.de\/wp-content\/uploads\/2023\/03\/pixeltypen_glasmuseum-frauenau_22-06-15_contentday_9338-scaled.jpg","contentUrl":"https:\/\/glasmuseum-frauenau.de\/wp-content\/uploads\/2023\/03\/pixeltypen_glasmuseum-frauenau_22-06-15_contentday_9338-scaled.jpg"},{"@type":"BreadcrumbList","@id":"https:\/\/glasmuseum-frauenau.de\/besuch\/cafe-shop\/#breadcrumb","itemListElement":[{"@type":"ListItem","position":1,"name":"Startseite","item":"https:\/\/glasmuseum-frauenau.de\/"},{"@type":"ListItem","position":2,"name":"Besuch","item":"https:\/\/glasmuseum-frauenau.de\/besuch\/"},{"@type":"ListItem","position":3,"name":"Cafe &#038; Shop"}]},{"@type":"WebSite","@id":"https:\/\/glasmuseum-frauenau.de\/#website","url":"https:\/\/glasmuseum-frauenau.de\/","name":"Muzeum skla Frauenau","description":"Objevovat - zkoumat - tvo\u0159it","publisher":{"@id":"https:\/\/glasmuseum-frauenau.de\/#organization"},"potentialAction":[{"@type":"SearchAction","target":{"@type":"EntryPoint","urlTemplate":"https:\/\/glasmuseum-frauenau.de\/?s={search_term_string}"},"query-input":{"@type":"PropertyValueSpecification","valueRequired":true,"valueName":"search_term_string"}}],"inLanguage":"cs"},{"@type":"Organization","@id":"https:\/\/glasmuseum-frauenau.de\/#organization","name":"Muzeum skla Frauenau","url":"https:\/\/glasmuseum-frauenau.de\/","logo":{"@type":"ImageObject","inLanguage":"cs","@id":"https:\/\/glasmuseum-frauenau.de\/#\/schema\/logo\/image\/","url":"https:\/\/glasmuseum-frauenau.de\/wp-content\/uploads\/2022\/08\/glasmuseum-logo.svg","contentUrl":"https:\/\/glasmuseum-frauenau.de\/wp-content\/uploads\/2022\/08\/glasmuseum-logo.svg","width":171,"height":91,"caption":"Glasmuseum Frauenau"},"image":{"@id":"https:\/\/glasmuseum-frauenau.de\/#\/schema\/logo\/image\/"},"sameAs":["https:\/\/www.facebook.com\/people\/Glasmuseum-Frauenau-Staatliches-Museum-zur-Geschichte-der-Glaskultur\/100057480098957\/","https:\/\/www.instagram.com\/glasmuseum.frauenau\/?hl=de"]}]}},"_links":{"self":[{"href":"https:\/\/glasmuseum-frauenau.de\/cz\/wp-json\/wp\/v2\/pages\/4260","targetHints":{"allow":["GET"]}}],"collection":[{"href":"https:\/\/glasmuseum-frauenau.de\/cz\/wp-json\/wp\/v2\/pages"}],"about":[{"href":"https:\/\/glasmuseum-frauenau.de\/cz\/wp-json\/wp\/v2\/types\/page"}],"author":[{"embeddable":true,"href":"https:\/\/glasmuseum-frauenau.de\/cz\/wp-json\/wp\/v2\/users\/6"}],"replies":[{"embeddable":true,"href":"https:\/\/glasmuseum-frauenau.de\/cz\/wp-json\/wp\/v2\/comments?post=4260"}],"version-history":[{"count":13,"href":"https:\/\/glasmuseum-frauenau.de\/cz\/wp-json\/wp\/v2\/pages\/4260\/revisions"}],"predecessor-version":[{"id":4562,"href":"https:\/\/glasmuseum-frauenau.de\/cz\/wp-json\/wp\/v2\/pages\/4260\/revisions\/4562"}],"up":[{"embeddable":true,"href":"https:\/\/glasmuseum-frauenau.de\/cz\/wp-json\/wp\/v2\/pages\/110"}],"wp:attachment":[{"href":"https:\/\/glasmuseum-frauenau.de\/cz\/wp-json\/wp\/v2\/media?parent=4260"}],"wp:term":[{"taxonomy":"category","embeddable":true,"href":"https:\/\/glasmuseum-frauenau.de\/cz\/wp-json\/wp\/v2\/categories?post=4260"}],"curies":[{"name":"wp","href":"https:\/\/api.w.org\/{rel}","templated":true}]}}