{"id":1439,"date":"2023-03-13T15:10:31","date_gmt":"2023-03-13T15:10:31","guid":{"rendered":"https:\/\/glasmuseum.pixeltypen.de\/?page_id=1439"},"modified":"2023-04-06T10:45:23","modified_gmt":"2023-04-06T10:45:23","slug":"museumsarchiv","status":"publish","type":"page","link":"https:\/\/glasmuseum-frauenau.de\/cz\/museumsarchiv\/","title":{"rendered":"Archiv muzea"},"content":{"rendered":"<div data-elementor-type=\"wp-page\" data-elementor-id=\"1439\" class=\"elementor elementor-1439\" data-elementor-post-type=\"page\">\n\t\t\t\t\t\t<section class=\"elementor-section elementor-top-section elementor-element elementor-element-0fb8d75 elementor-section-full_width main-header elementor-section-height-default elementor-section-height-default\" data-id=\"0fb8d75\" data-element_type=\"section\" data-e-type=\"section\">\n\t\t\t\t\t\t<div class=\"elementor-container elementor-column-gap-default\">\n\t\t\t\t\t<div class=\"elementor-column elementor-col-100 elementor-top-column elementor-element elementor-element-e5e8ae8\" data-id=\"e5e8ae8\" data-element_type=\"column\" data-e-type=\"column\">\n\t\t\t<div class=\"elementor-widget-wrap elementor-element-populated\">\n\t\t\t\t\t\t<div class=\"elementor-element elementor-element-63d6cf1 elementor--h-position-center elementor--v-position-middle elementor-arrows-position-inside elementor-widget elementor-widget-slides\" data-id=\"63d6cf1\" data-element_type=\"widget\" data-e-type=\"widget\" data-settings=\"{&quot;navigation&quot;:&quot;arrows&quot;,&quot;autoplay&quot;:&quot;yes&quot;,&quot;pause_on_hover&quot;:&quot;yes&quot;,&quot;pause_on_interaction&quot;:&quot;yes&quot;,&quot;autoplay_speed&quot;:5000,&quot;infinite&quot;:&quot;yes&quot;,&quot;transition&quot;:&quot;slide&quot;,&quot;transition_speed&quot;:500}\" data-widget_type=\"slides.default\">\n\t\t\t\t<div class=\"elementor-widget-container\">\n\t\t\t\t\t\t\t\t\t<div class=\"elementor-swiper\">\n\t\t\t\t\t<div class=\"elementor-slides-wrapper elementor-main-swiper swiper\" role=\"region\" aria-roledescription=\"carousel\" aria-label=\"Posuvn\u00edk\" dir=\"ltr\" data-animation=\"fadeInUp\">\n\t\t\t\t<div class=\"swiper-wrapper elementor-slides\">\n\t\t\t\t\t\t\t\t\t\t<div class=\"elementor-repeater-item-3973127 swiper-slide\" role=\"group\" aria-roledescription=\"slide\"><div class=\"swiper-slide-bg\" role=\"img\" aria-label=\"_LW_1243_SocialMedia\"><\/div><div class=\"elementor-background-overlay\"><\/div><div class=\"swiper-slide-inner\" ><div class=\"swiper-slide-contents\"><div class=\"elementor-slide-heading\">Archiv muzea<\/div><\/div><\/div><\/div>\t\t\t\t<\/div>\n\t\t\t\t\t\t\t<\/div>\n\t\t\t\t<\/div>\n\t\t\t\t\t\t\t\t<\/div>\n\t\t\t\t<\/div>\n\t\t\t\t\t<\/div>\n\t\t<\/div>\n\t\t\t\t\t<\/div>\n\t\t<\/section>\n\t\t\t\t<section class=\"elementor-section elementor-top-section elementor-element elementor-element-4f9e7c3 elementor-section-full_width offset-left elementor-section-height-default elementor-section-height-default\" data-id=\"4f9e7c3\" data-element_type=\"section\" data-e-type=\"section\" data-settings=\"{&quot;background_background&quot;:&quot;classic&quot;}\">\n\t\t\t\t\t\t<div class=\"elementor-container elementor-column-gap-default\">\n\t\t\t\t\t<div class=\"elementor-column elementor-col-50 elementor-top-column elementor-element elementor-element-021f0ca\" data-id=\"021f0ca\" data-element_type=\"column\" data-e-type=\"column\">\n\t\t\t<div class=\"elementor-widget-wrap elementor-element-populated\">\n\t\t\t\t\t\t<div class=\"elementor-element elementor-element-18fbe8a elementor-widget elementor-widget-heading\" data-id=\"18fbe8a\" data-element_type=\"widget\" data-e-type=\"widget\" data-widget_type=\"heading.default\">\n\t\t\t\t<div class=\"elementor-widget-container\">\n\t\t\t\t\t<h2 class=\"elementor-heading-title elementor-size-default\">Historie skla<\/h2>\t\t\t\t<\/div>\n\t\t\t\t<\/div>\n\t\t\t\t<div class=\"elementor-element elementor-element-e69d2bf elementor-widget elementor-widget-text-editor\" data-id=\"e69d2bf\" data-element_type=\"widget\" data-e-type=\"widget\" data-widget_type=\"text-editor.default\">\n\t\t\t\t<div class=\"elementor-widget-container\">\n\t\t\t\t\t\t\t\t\t<p>Archiv Skl\u00e1\u0159sk\u00e9ho muzea je d\u016fle\u017eit\u00fdm kontaktn\u00edm m\u00edstem pro v\u0161echny z\u00e1jemce o skl\u00e1\u0159skou a region\u00e1ln\u00ed historii a jej\u00ed zkoum\u00e1n\u00ed. Obsahuje poz\u016fstalosti a (obrazov\u00e9) archivy badatelsk\u00fdch osobnost\u00ed, jako jsou Josef Blau, Ingeborg Seyfertov\u00e1, Alfons Hannes a Ulrich Winkler. Josef Blau se zab\u00fdval folkl\u00f3rem a m\u00edstn\u00ed histori\u00ed \u0160umavy. Poz\u016fstalost Alfonse Hannese zahrnuje v\u0161echny oblasti skl\u00e1\u0159stv\u00ed s dokumenty a fotografiemi. Ingeborg Seyfertov\u00e1 se intenzivn\u011b v\u011bnovala d\u011bjin\u00e1m skla, les\u016f a lesnictv\u00ed v regionu a mnoha dal\u0161\u00edm historick\u00fdm t\u00e9mat\u016fm. Ulrich Winkler se zab\u00fdval p\u0159edev\u0161\u00edm histori\u00ed Lamer Winkel.<\/p>\t\t\t\t\t\t\t\t<\/div>\n\t\t\t\t<\/div>\n\t\t\t\t<div class=\"elementor-element elementor-element-d34b70b elementor-widget elementor-widget-text-editor\" data-id=\"d34b70b\" data-element_type=\"widget\" data-e-type=\"widget\" data-widget_type=\"text-editor.default\">\n\t\t\t\t<div class=\"elementor-widget-container\">\n\t\t\t\t\t\t\t\t\t<p><strong>Dal\u0161\u00ed informace z\u00edsk\u00e1te u kur\u00e1tora Svena Bauera na adrese:<br \/><a href=\"mailto:sven.bauer@glasmuseum-frauenau.de\">sven.bauer@glasmuseum-frauenau.de<\/a><\/strong><\/p>\t\t\t\t\t\t\t\t<\/div>\n\t\t\t\t<\/div>\n\t\t\t\t\t<\/div>\n\t\t<\/div>\n\t\t\t\t<div class=\"elementor-column elementor-col-50 elementor-top-column elementor-element elementor-element-49a3b36\" data-id=\"49a3b36\" data-element_type=\"column\" data-e-type=\"column\" data-settings=\"{&quot;background_background&quot;:&quot;classic&quot;}\">\n\t\t\t<div class=\"elementor-widget-wrap\">\n\t\t\t\t\t\t\t<\/div>\n\t\t<\/div>\n\t\t\t\t\t<\/div>\n\t\t<\/section>\n\t\t\t\t<section class=\"elementor-section elementor-top-section elementor-element elementor-element-911c998 offset-right info-box inset elementor-section-boxed elementor-section-height-default elementor-section-height-default\" data-id=\"911c998\" data-element_type=\"section\" data-e-type=\"section\" data-settings=\"{&quot;background_background&quot;:&quot;classic&quot;}\">\n\t\t\t\t\t\t<div class=\"elementor-container elementor-column-gap-default\">\n\t\t\t\t\t<div class=\"elementor-column elementor-col-100 elementor-top-column elementor-element elementor-element-2bd3466\" data-id=\"2bd3466\" data-element_type=\"column\" data-e-type=\"column\" data-settings=\"{&quot;background_background&quot;:&quot;classic&quot;}\">\n\t\t\t<div class=\"elementor-widget-wrap elementor-element-populated\">\n\t\t\t\t\t\t<div class=\"elementor-element elementor-element-39943b0 elementor-widget elementor-widget-image\" data-id=\"39943b0\" data-element_type=\"widget\" data-e-type=\"widget\" data-widget_type=\"image.default\">\n\t\t\t\t<div class=\"elementor-widget-container\">\n\t\t\t\t\t\t\t\t\t\t\t\t\t\t\t<img fetchpriority=\"high\" decoding=\"async\" width=\"1024\" height=\"683\" src=\"https:\/\/glasmuseum-frauenau.de\/wp-content\/uploads\/2023\/04\/LW_1259_SocialMedia-1024x683.jpg\" class=\"attachment-large size-large wp-image-2687\" alt=\"\" srcset=\"https:\/\/glasmuseum-frauenau.de\/wp-content\/uploads\/2023\/04\/LW_1259_SocialMedia-1024x683.jpg 1024w, https:\/\/glasmuseum-frauenau.de\/wp-content\/uploads\/2023\/04\/LW_1259_SocialMedia-300x200.jpg 300w, https:\/\/glasmuseum-frauenau.de\/wp-content\/uploads\/2023\/04\/LW_1259_SocialMedia-768x512.jpg 768w, https:\/\/glasmuseum-frauenau.de\/wp-content\/uploads\/2023\/04\/LW_1259_SocialMedia-1536x1024.jpg 1536w, https:\/\/glasmuseum-frauenau.de\/wp-content\/uploads\/2023\/04\/LW_1259_SocialMedia.jpg 1920w\" sizes=\"(max-width: 1024px) 100vw, 1024px\" \/>\t\t\t\t\t\t\t\t\t\t\t\t\t\t\t<\/div>\n\t\t\t\t<\/div>\n\t\t\t\t\t<\/div>\n\t\t<\/div>\n\t\t\t\t\t<\/div>\n\t\t<\/section>\n\t\t\t\t<section class=\"elementor-section elementor-top-section elementor-element elementor-element-7864a30 elementor-section-full_width elementor-section-height-default elementor-section-height-default\" data-id=\"7864a30\" data-element_type=\"section\" data-e-type=\"section\">\n\t\t\t\t\t\t<div class=\"elementor-container elementor-column-gap-no\">\n\t\t\t\t\t<div class=\"elementor-column elementor-col-33 elementor-top-column elementor-element elementor-element-55deae5\" data-id=\"55deae5\" data-element_type=\"column\" data-e-type=\"column\">\n\t\t\t<div class=\"elementor-widget-wrap\">\n\t\t\t\t\t\t\t<\/div>\n\t\t<\/div>\n\t\t\t\t<div class=\"elementor-column elementor-col-66 elementor-top-column elementor-element elementor-element-5e6826e\" data-id=\"5e6826e\" data-element_type=\"column\" data-e-type=\"column\">\n\t\t\t<div class=\"elementor-widget-wrap elementor-element-populated\">\n\t\t\t\t\t\t<div class=\"elementor-element elementor-element-f5e3d9f elementor-widget elementor-widget-image\" data-id=\"f5e3d9f\" data-element_type=\"widget\" data-e-type=\"widget\" data-widget_type=\"image.default\">\n\t\t\t\t<div class=\"elementor-widget-container\">\n\t\t\t\t\t\t\t\t\t\t\t\t\t\t\t\t<a href=\"https:\/\/glasmuseum-frauenau.de\/wp-content\/uploads\/2023\/03\/LW_1191-1.jpg\" data-elementor-open-lightbox=\"yes\" data-elementor-lightbox-title=\"_LW_1191-1\" data-e-action-hash=\"#elementor-action%3Aaction%3Dlightbox%26settings%3DeyJpZCI6MTQ1MiwidXJsIjoiaHR0cHM6XC9cL2dsYXNtdXNldW0tZnJhdWVuYXUuZGVcL3dwLWNvbnRlbnRcL3VwbG9hZHNcLzIwMjNcLzAzXC9MV18xMTkxLTEuanBnIn0%3D\">\n\t\t\t\t\t\t\t<img decoding=\"async\" width=\"2000\" height=\"1333\" src=\"https:\/\/glasmuseum-frauenau.de\/wp-content\/uploads\/2023\/03\/LW_1191-1.jpg\" class=\"attachment-full size-full wp-image-1452\" alt=\"\" srcset=\"https:\/\/glasmuseum-frauenau.de\/wp-content\/uploads\/2023\/03\/LW_1191-1.jpg 2000w, https:\/\/glasmuseum-frauenau.de\/wp-content\/uploads\/2023\/03\/LW_1191-1-300x200.jpg 300w, https:\/\/glasmuseum-frauenau.de\/wp-content\/uploads\/2023\/03\/LW_1191-1-1024x682.jpg 1024w, https:\/\/glasmuseum-frauenau.de\/wp-content\/uploads\/2023\/03\/LW_1191-1-768x512.jpg 768w, https:\/\/glasmuseum-frauenau.de\/wp-content\/uploads\/2023\/03\/LW_1191-1-1536x1024.jpg 1536w\" sizes=\"(max-width: 2000px) 100vw, 2000px\" \/>\t\t\t\t\t\t\t\t<\/a>\n\t\t\t\t\t\t\t\t\t\t\t\t\t\t\t<\/div>\n\t\t\t\t<\/div>\n\t\t\t\t\t<\/div>\n\t\t<\/div>\n\t\t\t\t\t<\/div>\n\t\t<\/section>\n\t\t\t\t<\/div>","protected":false},"excerpt":{"rendered":"<p>Museumsarchiv Gl\u00e4serne Geschichte Das Archiv des Glasmuseums ist eine wichtige Anlaufstelle f\u00fcr alle Interessierten und Forscher zur Glas- und Regionalgeschichte. Es enth\u00e4lt die Nachl\u00e4sse und (Bild-) Archive von Forscherpers\u00f6nlichkeiten wie Josef Blau, Ingeborg Seyfert, Alfons Hannes und Ulrich Winkler. Josef Blau besch\u00e4ftigte sich mit der Volks- und Heimatkunde des B\u00f6hmerwaldes. Der Nachlass von Alfons Hannes [&hellip;]<\/p>\n","protected":false},"author":3,"featured_media":0,"parent":0,"menu_order":0,"comment_status":"closed","ping_status":"closed","template":"","meta":{"_acf_changed":false,"footnotes":""},"categories":[],"class_list":["post-1439","page","type-page","status-publish","hentry","entry"],"acf":[],"yoast_head":"<!-- This site is optimized with the Yoast SEO plugin v27.5 - https:\/\/yoast.com\/product\/yoast-seo-wordpress\/ -->\n<title>Museumsarchiv - Glasmuseum Frauenau<\/title>\n<meta name=\"robots\" content=\"index, follow, max-snippet:-1, max-image-preview:large, max-video-preview:-1\" \/>\n<link rel=\"canonical\" href=\"https:\/\/glasmuseum-frauenau.de\/cz\/museumsarchiv\/\" \/>\n<meta property=\"og:locale\" content=\"cs_CZ\" \/>\n<meta property=\"og:type\" content=\"article\" \/>\n<meta property=\"og:title\" content=\"Museumsarchiv - Glasmuseum Frauenau\" \/>\n<meta property=\"og:description\" content=\"Museumsarchiv Gl\u00e4serne Geschichte Das Archiv des Glasmuseums ist eine wichtige Anlaufstelle f\u00fcr alle Interessierten und Forscher zur Glas- und Regionalgeschichte. Es enth\u00e4lt die Nachl\u00e4sse und (Bild-) Archive von Forscherpers\u00f6nlichkeiten wie Josef Blau, Ingeborg Seyfert, Alfons Hannes und Ulrich Winkler. Josef Blau besch\u00e4ftigte sich mit der Volks- und Heimatkunde des B\u00f6hmerwaldes. Der Nachlass von Alfons Hannes [&hellip;]\" \/>\n<meta property=\"og:url\" content=\"https:\/\/glasmuseum-frauenau.de\/cz\/museumsarchiv\/\" \/>\n<meta property=\"og:site_name\" content=\"Glasmuseum Frauenau\" \/>\n<meta property=\"article:publisher\" content=\"https:\/\/www.facebook.com\/people\/Glasmuseum-Frauenau-Staatliches-Museum-zur-Geschichte-der-Glaskultur\/100057480098957\/\" \/>\n<meta property=\"article:modified_time\" content=\"2023-04-06T10:45:23+00:00\" \/>\n<meta property=\"og:image\" content=\"https:\/\/glasmuseum-frauenau.de\/wp-content\/uploads\/2023\/04\/LW_1259_SocialMedia-1024x683.jpg\" \/>\n<meta name=\"twitter:card\" content=\"summary_large_image\" \/>\n<meta name=\"twitter:label1\" content=\"Odhadovan\u00e1 doba \u010dten\u00ed\" \/>\n\t<meta name=\"twitter:data1\" content=\"1 minuta\" \/>\n<script type=\"application\/ld+json\" class=\"yoast-schema-graph\">{\"@context\":\"https:\\\/\\\/schema.org\",\"@graph\":[{\"@type\":\"WebPage\",\"@id\":\"https:\\\/\\\/glasmuseum-frauenau.de\\\/museumsarchiv\\\/\",\"url\":\"https:\\\/\\\/glasmuseum-frauenau.de\\\/museumsarchiv\\\/\",\"name\":\"Museumsarchiv - Glasmuseum Frauenau\",\"isPartOf\":{\"@id\":\"https:\\\/\\\/glasmuseum-frauenau.de\\\/#website\"},\"primaryImageOfPage\":{\"@id\":\"https:\\\/\\\/glasmuseum-frauenau.de\\\/museumsarchiv\\\/#primaryimage\"},\"image\":{\"@id\":\"https:\\\/\\\/glasmuseum-frauenau.de\\\/museumsarchiv\\\/#primaryimage\"},\"thumbnailUrl\":\"https:\\\/\\\/glasmuseum-frauenau.de\\\/wp-content\\\/uploads\\\/2023\\\/04\\\/LW_1259_SocialMedia-1024x683.jpg\",\"datePublished\":\"2023-03-13T15:10:31+00:00\",\"dateModified\":\"2023-04-06T10:45:23+00:00\",\"breadcrumb\":{\"@id\":\"https:\\\/\\\/glasmuseum-frauenau.de\\\/museumsarchiv\\\/#breadcrumb\"},\"inLanguage\":\"cs\",\"potentialAction\":[{\"@type\":\"ReadAction\",\"target\":[\"https:\\\/\\\/glasmuseum-frauenau.de\\\/museumsarchiv\\\/\"]}]},{\"@type\":\"ImageObject\",\"inLanguage\":\"cs\",\"@id\":\"https:\\\/\\\/glasmuseum-frauenau.de\\\/museumsarchiv\\\/#primaryimage\",\"url\":\"https:\\\/\\\/glasmuseum-frauenau.de\\\/wp-content\\\/uploads\\\/2023\\\/04\\\/LW_1259_SocialMedia-1024x683.jpg\",\"contentUrl\":\"https:\\\/\\\/glasmuseum-frauenau.de\\\/wp-content\\\/uploads\\\/2023\\\/04\\\/LW_1259_SocialMedia-1024x683.jpg\"},{\"@type\":\"BreadcrumbList\",\"@id\":\"https:\\\/\\\/glasmuseum-frauenau.de\\\/museumsarchiv\\\/#breadcrumb\",\"itemListElement\":[{\"@type\":\"ListItem\",\"position\":1,\"name\":\"Startseite\",\"item\":\"https:\\\/\\\/glasmuseum-frauenau.de\\\/\"},{\"@type\":\"ListItem\",\"position\":2,\"name\":\"Museumsarchiv\"}]},{\"@type\":\"WebSite\",\"@id\":\"https:\\\/\\\/glasmuseum-frauenau.de\\\/#website\",\"url\":\"https:\\\/\\\/glasmuseum-frauenau.de\\\/\",\"name\":\"Glasmuseum Frauenau\",\"description\":\"Entdecke - Erkunde - Erschaffe\",\"publisher\":{\"@id\":\"https:\\\/\\\/glasmuseum-frauenau.de\\\/#organization\"},\"potentialAction\":[{\"@type\":\"SearchAction\",\"target\":{\"@type\":\"EntryPoint\",\"urlTemplate\":\"https:\\\/\\\/glasmuseum-frauenau.de\\\/?s={search_term_string}\"},\"query-input\":{\"@type\":\"PropertyValueSpecification\",\"valueRequired\":true,\"valueName\":\"search_term_string\"}}],\"inLanguage\":\"cs\"},{\"@type\":\"Organization\",\"@id\":\"https:\\\/\\\/glasmuseum-frauenau.de\\\/#organization\",\"name\":\"Glasmuseum Frauenau\",\"url\":\"https:\\\/\\\/glasmuseum-frauenau.de\\\/\",\"logo\":{\"@type\":\"ImageObject\",\"inLanguage\":\"cs\",\"@id\":\"https:\\\/\\\/glasmuseum-frauenau.de\\\/#\\\/schema\\\/logo\\\/image\\\/\",\"url\":\"https:\\\/\\\/glasmuseum-frauenau.de\\\/wp-content\\\/uploads\\\/2022\\\/08\\\/glasmuseum-logo.svg\",\"contentUrl\":\"https:\\\/\\\/glasmuseum-frauenau.de\\\/wp-content\\\/uploads\\\/2022\\\/08\\\/glasmuseum-logo.svg\",\"width\":171,\"height\":91,\"caption\":\"Glasmuseum Frauenau\"},\"image\":{\"@id\":\"https:\\\/\\\/glasmuseum-frauenau.de\\\/#\\\/schema\\\/logo\\\/image\\\/\"},\"sameAs\":[\"https:\\\/\\\/www.facebook.com\\\/people\\\/Glasmuseum-Frauenau-Staatliches-Museum-zur-Geschichte-der-Glaskultur\\\/100057480098957\\\/\",\"https:\\\/\\\/www.instagram.com\\\/glasmuseum.frauenau\\\/?hl=de\"]}]}<\/script>\n<!-- \/ Yoast SEO plugin. -->","yoast_head_json":{"title":"Archiv muzea - Skl\u00e1\u0159sk\u00e9 muzeum Frauenau","robots":{"index":"index","follow":"follow","max-snippet":"max-snippet:-1","max-image-preview":"max-image-preview:large","max-video-preview":"max-video-preview:-1"},"canonical":"https:\/\/glasmuseum-frauenau.de\/cz\/museumsarchiv\/","og_locale":"cs_CZ","og_type":"article","og_title":"Museumsarchiv - Glasmuseum Frauenau","og_description":"Museumsarchiv Gl\u00e4serne Geschichte Das Archiv des Glasmuseums ist eine wichtige Anlaufstelle f\u00fcr alle Interessierten und Forscher zur Glas- und Regionalgeschichte. Es enth\u00e4lt die Nachl\u00e4sse und (Bild-) Archive von Forscherpers\u00f6nlichkeiten wie Josef Blau, Ingeborg Seyfert, Alfons Hannes und Ulrich Winkler. Josef Blau besch\u00e4ftigte sich mit der Volks- und Heimatkunde des B\u00f6hmerwaldes. Der Nachlass von Alfons Hannes [&hellip;]","og_url":"https:\/\/glasmuseum-frauenau.de\/cz\/museumsarchiv\/","og_site_name":"Glasmuseum Frauenau","article_publisher":"https:\/\/www.facebook.com\/people\/Glasmuseum-Frauenau-Staatliches-Museum-zur-Geschichte-der-Glaskultur\/100057480098957\/","article_modified_time":"2023-04-06T10:45:23+00:00","og_image":[{"url":"https:\/\/glasmuseum-frauenau.de\/wp-content\/uploads\/2023\/04\/LW_1259_SocialMedia-1024x683.jpg","type":"","width":"","height":""}],"twitter_card":"summary_large_image","twitter_misc":{"Odhadovan\u00e1 doba \u010dten\u00ed":"1 minuta"},"schema":{"@context":"https:\/\/schema.org","@graph":[{"@type":"WebPage","@id":"https:\/\/glasmuseum-frauenau.de\/museumsarchiv\/","url":"https:\/\/glasmuseum-frauenau.de\/museumsarchiv\/","name":"Archiv muzea - Skl\u00e1\u0159sk\u00e9 muzeum Frauenau","isPartOf":{"@id":"https:\/\/glasmuseum-frauenau.de\/#website"},"primaryImageOfPage":{"@id":"https:\/\/glasmuseum-frauenau.de\/museumsarchiv\/#primaryimage"},"image":{"@id":"https:\/\/glasmuseum-frauenau.de\/museumsarchiv\/#primaryimage"},"thumbnailUrl":"https:\/\/glasmuseum-frauenau.de\/wp-content\/uploads\/2023\/04\/LW_1259_SocialMedia-1024x683.jpg","datePublished":"2023-03-13T15:10:31+00:00","dateModified":"2023-04-06T10:45:23+00:00","breadcrumb":{"@id":"https:\/\/glasmuseum-frauenau.de\/museumsarchiv\/#breadcrumb"},"inLanguage":"cs","potentialAction":[{"@type":"ReadAction","target":["https:\/\/glasmuseum-frauenau.de\/museumsarchiv\/"]}]},{"@type":"ImageObject","inLanguage":"cs","@id":"https:\/\/glasmuseum-frauenau.de\/museumsarchiv\/#primaryimage","url":"https:\/\/glasmuseum-frauenau.de\/wp-content\/uploads\/2023\/04\/LW_1259_SocialMedia-1024x683.jpg","contentUrl":"https:\/\/glasmuseum-frauenau.de\/wp-content\/uploads\/2023\/04\/LW_1259_SocialMedia-1024x683.jpg"},{"@type":"BreadcrumbList","@id":"https:\/\/glasmuseum-frauenau.de\/museumsarchiv\/#breadcrumb","itemListElement":[{"@type":"ListItem","position":1,"name":"Startseite","item":"https:\/\/glasmuseum-frauenau.de\/"},{"@type":"ListItem","position":2,"name":"Museumsarchiv"}]},{"@type":"WebSite","@id":"https:\/\/glasmuseum-frauenau.de\/#website","url":"https:\/\/glasmuseum-frauenau.de\/","name":"Muzeum skla Frauenau","description":"Objevovat - zkoumat - tvo\u0159it","publisher":{"@id":"https:\/\/glasmuseum-frauenau.de\/#organization"},"potentialAction":[{"@type":"SearchAction","target":{"@type":"EntryPoint","urlTemplate":"https:\/\/glasmuseum-frauenau.de\/?s={search_term_string}"},"query-input":{"@type":"PropertyValueSpecification","valueRequired":true,"valueName":"search_term_string"}}],"inLanguage":"cs"},{"@type":"Organization","@id":"https:\/\/glasmuseum-frauenau.de\/#organization","name":"Muzeum skla Frauenau","url":"https:\/\/glasmuseum-frauenau.de\/","logo":{"@type":"ImageObject","inLanguage":"cs","@id":"https:\/\/glasmuseum-frauenau.de\/#\/schema\/logo\/image\/","url":"https:\/\/glasmuseum-frauenau.de\/wp-content\/uploads\/2022\/08\/glasmuseum-logo.svg","contentUrl":"https:\/\/glasmuseum-frauenau.de\/wp-content\/uploads\/2022\/08\/glasmuseum-logo.svg","width":171,"height":91,"caption":"Glasmuseum Frauenau"},"image":{"@id":"https:\/\/glasmuseum-frauenau.de\/#\/schema\/logo\/image\/"},"sameAs":["https:\/\/www.facebook.com\/people\/Glasmuseum-Frauenau-Staatliches-Museum-zur-Geschichte-der-Glaskultur\/100057480098957\/","https:\/\/www.instagram.com\/glasmuseum.frauenau\/?hl=de"]}]}},"_links":{"self":[{"href":"https:\/\/glasmuseum-frauenau.de\/cz\/wp-json\/wp\/v2\/pages\/1439","targetHints":{"allow":["GET"]}}],"collection":[{"href":"https:\/\/glasmuseum-frauenau.de\/cz\/wp-json\/wp\/v2\/pages"}],"about":[{"href":"https:\/\/glasmuseum-frauenau.de\/cz\/wp-json\/wp\/v2\/types\/page"}],"author":[{"embeddable":true,"href":"https:\/\/glasmuseum-frauenau.de\/cz\/wp-json\/wp\/v2\/users\/3"}],"replies":[{"embeddable":true,"href":"https:\/\/glasmuseum-frauenau.de\/cz\/wp-json\/wp\/v2\/comments?post=1439"}],"version-history":[{"count":17,"href":"https:\/\/glasmuseum-frauenau.de\/cz\/wp-json\/wp\/v2\/pages\/1439\/revisions"}],"predecessor-version":[{"id":2695,"href":"https:\/\/glasmuseum-frauenau.de\/cz\/wp-json\/wp\/v2\/pages\/1439\/revisions\/2695"}],"wp:attachment":[{"href":"https:\/\/glasmuseum-frauenau.de\/cz\/wp-json\/wp\/v2\/media?parent=1439"}],"wp:term":[{"taxonomy":"category","embeddable":true,"href":"https:\/\/glasmuseum-frauenau.de\/cz\/wp-json\/wp\/v2\/categories?post=1439"}],"curies":[{"name":"wp","href":"https:\/\/api.w.org\/{rel}","templated":true}]}}