{"id":1404,"date":"2023-03-13T14:41:37","date_gmt":"2023-03-13T14:41:37","guid":{"rendered":"https:\/\/glasmuseum.pixeltypen.de\/?page_id=1404"},"modified":"2025-07-28T14:05:43","modified_gmt":"2025-07-28T14:05:43","slug":"bibliothek","status":"publish","type":"page","link":"https:\/\/glasmuseum-frauenau.de\/cz\/forschung\/bibliothek\/","title":{"rendered":"Knihovna"},"content":{"rendered":"<div data-elementor-type=\"wp-page\" data-elementor-id=\"1404\" class=\"elementor elementor-1404\" data-elementor-post-type=\"page\">\n\t\t\t\t\t\t<section class=\"elementor-section elementor-top-section elementor-element elementor-element-2da952a elementor-section-full_width main-header elementor-section-height-default elementor-section-height-default\" data-id=\"2da952a\" data-element_type=\"section\" data-e-type=\"section\">\n\t\t\t\t\t\t<div class=\"elementor-container elementor-column-gap-default\">\n\t\t\t\t\t<div class=\"elementor-column elementor-col-100 elementor-top-column elementor-element elementor-element-cbee808\" data-id=\"cbee808\" data-element_type=\"column\" data-e-type=\"column\">\n\t\t\t<div class=\"elementor-widget-wrap elementor-element-populated\">\n\t\t\t\t\t\t<div class=\"elementor-element elementor-element-71cbff2 elementor--h-position-center elementor--v-position-middle elementor-arrows-position-inside elementor-widget elementor-widget-slides\" data-id=\"71cbff2\" data-element_type=\"widget\" data-e-type=\"widget\" data-settings=\"{&quot;navigation&quot;:&quot;arrows&quot;,&quot;autoplay&quot;:&quot;yes&quot;,&quot;pause_on_hover&quot;:&quot;yes&quot;,&quot;pause_on_interaction&quot;:&quot;yes&quot;,&quot;autoplay_speed&quot;:5000,&quot;infinite&quot;:&quot;yes&quot;,&quot;transition&quot;:&quot;slide&quot;,&quot;transition_speed&quot;:500}\" data-widget_type=\"slides.default\">\n\t\t\t\t<div class=\"elementor-widget-container\">\n\t\t\t\t\t\t\t\t\t<div class=\"elementor-swiper\">\n\t\t\t\t\t<div class=\"elementor-slides-wrapper elementor-main-swiper swiper\" role=\"region\" aria-roledescription=\"carousel\" aria-label=\"Posuvn\u00edk\" dir=\"ltr\" data-animation=\"fadeInUp\">\n\t\t\t\t<div class=\"swiper-wrapper elementor-slides\">\n\t\t\t\t\t\t\t\t\t\t<div class=\"elementor-repeater-item-3973127 swiper-slide\" role=\"group\" aria-roledescription=\"slide\"><div class=\"swiper-slide-bg\" role=\"img\" aria-label=\"_LW_1860-HDR-1\"><\/div><div class=\"elementor-background-overlay\"><\/div><div class=\"swiper-slide-inner\" ><div class=\"swiper-slide-contents\"><div class=\"elementor-slide-heading\">Knihovna<\/div><\/div><\/div><\/div>\t\t\t\t<\/div>\n\t\t\t\t\t\t\t<\/div>\n\t\t\t\t<\/div>\n\t\t\t\t\t\t\t\t<\/div>\n\t\t\t\t<\/div>\n\t\t\t\t\t<\/div>\n\t\t<\/div>\n\t\t\t\t\t<\/div>\n\t\t<\/section>\n\t\t\t\t<section class=\"elementor-section elementor-top-section elementor-element elementor-element-e0d8a04 elementor-section-boxed elementor-section-height-default elementor-section-height-default\" data-id=\"e0d8a04\" data-element_type=\"section\" data-e-type=\"section\">\n\t\t\t\t\t\t<div class=\"elementor-container elementor-column-gap-default\">\n\t\t\t\t\t<div class=\"elementor-column elementor-col-100 elementor-top-column elementor-element elementor-element-f0682f4\" data-id=\"f0682f4\" data-element_type=\"column\" data-e-type=\"column\">\n\t\t\t<div class=\"elementor-widget-wrap elementor-element-populated\">\n\t\t\t\t\t\t<section class=\"elementor-section elementor-inner-section elementor-element elementor-element-cebc83b elementor-section-boxed elementor-section-height-default elementor-section-height-default\" data-id=\"cebc83b\" data-element_type=\"section\" data-e-type=\"section\">\n\t\t\t\t\t\t<div class=\"elementor-container elementor-column-gap-default\">\n\t\t\t\t\t<div class=\"elementor-column elementor-col-50 elementor-inner-column elementor-element elementor-element-8a98f36\" data-id=\"8a98f36\" data-element_type=\"column\" data-e-type=\"column\">\n\t\t\t<div class=\"elementor-widget-wrap elementor-element-populated\">\n\t\t\t\t\t\t<div class=\"elementor-element elementor-element-897c719 elementor-widget elementor-widget-heading\" data-id=\"897c719\" data-element_type=\"widget\" data-e-type=\"widget\" data-widget_type=\"heading.default\">\n\t\t\t\t<div class=\"elementor-widget-container\">\n\t\t\t\t\t<h5 class=\"elementor-heading-title elementor-size-default\">Sklen\u011bn\u00e9 znalosti v knih\u00e1ch<\/h5>\t\t\t\t<\/div>\n\t\t\t\t<\/div>\n\t\t\t\t<div class=\"elementor-element elementor-element-176fe62 elementor-widget elementor-widget-heading\" data-id=\"176fe62\" data-element_type=\"widget\" data-e-type=\"widget\" data-widget_type=\"heading.default\">\n\t\t\t\t<div class=\"elementor-widget-container\">\n\t\t\t\t\t<h2 class=\"elementor-heading-title elementor-size-default\">Fach-<br>knihovna<\/h2>\t\t\t\t<\/div>\n\t\t\t\t<\/div>\n\t\t\t\t<div class=\"elementor-element elementor-element-6ba0cde elementor-widget elementor-widget-text-editor\" data-id=\"6ba0cde\" data-element_type=\"widget\" data-e-type=\"widget\" data-widget_type=\"text-editor.default\">\n\t\t\t\t<div class=\"elementor-widget-container\">\n\t\t\t\t\t\t\t\t\t<p>Ve skl\u00e1\u0159sk\u00e9m muzeu Frauenau se nach\u00e1z\u00ed rozs\u00e1hl\u00e1 odborn\u00e1 knihovna o skle. Obsahov\u00e9 oblasti pokr\u00fdvaj\u00ed \u0161irokou \u0161k\u00e1lu t\u00e9mat od skl\u00e1\u0159sk\u00e9ho um\u011bn\u00ed a skl\u00e1\u0159sk\u00e9 technologie a\u017e po sklo z r\u016fzn\u00fdch zem\u00ed. Ta je zastoupena p\u0159ibli\u017en\u011b 4 000 knihami a 200 \u010dasopisy. Zvl\u00e1\u0161tn\u00ed raritou je nap\u0159\u00edklad t\u00e9m\u011b\u0159 kompletn\u00ed vyd\u00e1n\u00ed \u010dasopisu Bayerische Wald-Zeitung ze dne&nbsp;<span style=\"font-family: 'Myriad Pro', sans-serif; font-size: 18px; font-style: normal; font-variant-ligatures: normal; font-variant-caps: normal; font-weight: 400; color: var( --e-global-color-text );\">1887 a\u017e 1968.<\/span><\/p>\n<p>Skl\u00e1\u0159sk\u00e1 knihovna je neust\u00e1le roz\u0161i\u0159ov\u00e1na o nov\u00e9 p\u0159\u00edr\u016fstky a je napojena na s\u00ed\u0165 bavorsk\u00fdch knihoven (BVB). Je mo\u017en\u00e9 prov\u00e1d\u011bt meziknihovn\u00ed v\u00fdp\u016fj\u010dky. N\u00ed\u017ee naleznete p\u0159\u00edstup k <b>Online katalog<\/b>. <br><\/p>\t\t\t\t\t\t\t\t<\/div>\n\t\t\t\t<\/div>\n\t\t\t\t<div class=\"elementor-element elementor-element-ae1dcf3 elementor-widget elementor-widget-text-editor\" data-id=\"ae1dcf3\" data-element_type=\"widget\" data-e-type=\"widget\" data-widget_type=\"text-editor.default\">\n\t\t\t\t<div class=\"elementor-widget-container\">\n\t\t\t\t\t\t\t\t\t<p><strong>Dal\u0161\u00ed informace z\u00edsk\u00e1te u kur\u00e1tora Svena Bauera na adrese:<br \/><a href=\"mailto:sven.bauer@glasmuseum-frauenau.de\">sven.bauer@glasmuseum-frauenau.de<\/a><\/strong><\/p>\t\t\t\t\t\t\t\t<\/div>\n\t\t\t\t<\/div>\n\t\t\t\t\t<\/div>\n\t\t<\/div>\n\t\t\t\t<div class=\"elementor-column elementor-col-50 elementor-inner-column elementor-element elementor-element-b05a139\" data-id=\"b05a139\" data-element_type=\"column\" data-e-type=\"column\">\n\t\t\t<div class=\"elementor-widget-wrap\">\n\t\t\t\t\t\t\t<\/div>\n\t\t<\/div>\n\t\t\t\t\t<\/div>\n\t\t<\/section>\n\t\t\t\t\t<\/div>\n\t\t<\/div>\n\t\t\t\t\t<\/div>\n\t\t<\/section>\n\t\t\t\t<section class=\"elementor-section elementor-top-section elementor-element elementor-element-b9b1983 elementor-section-boxed elementor-section-height-default elementor-section-height-default\" data-id=\"b9b1983\" data-element_type=\"section\" data-e-type=\"section\" data-settings=\"{&quot;background_background&quot;:&quot;classic&quot;}\">\n\t\t\t\t\t\t<div class=\"elementor-container elementor-column-gap-default\">\n\t\t\t\t\t<div class=\"elementor-column elementor-col-100 elementor-top-column elementor-element elementor-element-5fcf4ed\" data-id=\"5fcf4ed\" data-element_type=\"column\" data-e-type=\"column\">\n\t\t\t<div class=\"elementor-widget-wrap elementor-element-populated\">\n\t\t\t\t\t\t<section class=\"elementor-section elementor-inner-section elementor-element elementor-element-07c609c elementor-section-boxed elementor-section-height-default elementor-section-height-default\" data-id=\"07c609c\" data-element_type=\"section\" data-e-type=\"section\">\n\t\t\t\t\t\t<div class=\"elementor-container elementor-column-gap-default\">\n\t\t\t\t\t<div class=\"elementor-column elementor-col-50 elementor-inner-column elementor-element elementor-element-846273b\" data-id=\"846273b\" data-element_type=\"column\" data-e-type=\"column\">\n\t\t\t<div class=\"elementor-widget-wrap elementor-element-populated\">\n\t\t\t\t\t\t<div class=\"elementor-element elementor-element-3d28237 elementor-widget elementor-widget-heading\" data-id=\"3d28237\" data-element_type=\"widget\" data-e-type=\"widget\" data-widget_type=\"heading.default\">\n\t\t\t\t<div class=\"elementor-widget-container\">\n\t\t\t\t\t<h2 class=\"elementor-heading-title elementor-size-default\">4 000 knih. <br>\n200 \u010dasopis\u016f.<br>\nJedno kliknut\u00ed.<\/h2>\t\t\t\t<\/div>\n\t\t\t\t<\/div>\n\t\t\t\t\t<\/div>\n\t\t<\/div>\n\t\t\t\t<div class=\"elementor-column elementor-col-50 elementor-inner-column elementor-element elementor-element-65d753b\" data-id=\"65d753b\" data-element_type=\"column\" data-e-type=\"column\">\n\t\t\t<div class=\"elementor-widget-wrap\">\n\t\t\t\t\t\t\t<\/div>\n\t\t<\/div>\n\t\t\t\t\t<\/div>\n\t\t<\/section>\n\t\t\t\t<section class=\"elementor-section elementor-inner-section elementor-element elementor-element-fcb0594 elementor-section-boxed elementor-section-height-default elementor-section-height-default\" data-id=\"fcb0594\" data-element_type=\"section\" data-e-type=\"section\">\n\t\t\t\t\t\t<div class=\"elementor-container elementor-column-gap-default\">\n\t\t\t\t\t<div class=\"elementor-column elementor-col-50 elementor-inner-column elementor-element elementor-element-db90895\" data-id=\"db90895\" data-element_type=\"column\" data-e-type=\"column\">\n\t\t\t<div class=\"elementor-widget-wrap elementor-element-populated\">\n\t\t\t\t\t\t<div class=\"elementor-element elementor-element-db93d37 elementor-align-right elementor-widget elementor-widget-button\" data-id=\"db93d37\" data-element_type=\"widget\" data-e-type=\"widget\" data-widget_type=\"button.default\">\n\t\t\t\t<div class=\"elementor-widget-container\">\n\t\t\t\t\t\t\t\t\t<div class=\"elementor-button-wrapper\">\n\t\t\t\t\t<a class=\"elementor-button elementor-button-link elementor-size-sm\" href=\"https:\/\/bybtp20.bib-bvb.de\/TouchPoint\/start.do?View=gmf&#038;SearchType=2&#038;BaseURL=this\" target=\"_blank\">\n\t\t\t\t\t\t<span class=\"elementor-button-content-wrapper\">\n\t\t\t\t\t\t\t\t\t<span class=\"elementor-button-text\">do online katalogu<\/span>\n\t\t\t\t\t<\/span>\n\t\t\t\t\t<\/a>\n\t\t\t\t<\/div>\n\t\t\t\t\t\t\t\t<\/div>\n\t\t\t\t<\/div>\n\t\t\t\t\t<\/div>\n\t\t<\/div>\n\t\t\t\t<div class=\"elementor-column elementor-col-50 elementor-inner-column elementor-element elementor-element-8867082\" data-id=\"8867082\" data-element_type=\"column\" data-e-type=\"column\">\n\t\t\t<div class=\"elementor-widget-wrap\">\n\t\t\t\t\t\t\t<\/div>\n\t\t<\/div>\n\t\t\t\t\t<\/div>\n\t\t<\/section>\n\t\t\t\t\t<\/div>\n\t\t<\/div>\n\t\t\t\t\t<\/div>\n\t\t<\/section>\n\t\t\t\t<\/div>","protected":false},"excerpt":{"rendered":"<p>Bibliothek Gl\u00e4sernes Wissen in B\u00fcchern Fach-bibliothek Das Glasmuseum Frauenau beherbergt eine umfangreiche Fachbibliothek zum Thema Glas. Die inhaltlichen Bereiche umfassen verschiedenste Themen von Glaskunst \u00fcber Glastechnik bis hin zu Glas aus verschiedenen L\u00e4ndern. Dargestellt ist dies in etwa 4.000 B\u00fcchern und 200 Zeitschriften. Eine besondere Rarit\u00e4t ist zum Beispiel die fast vollst\u00e4ndige Ausgabe der Bayerischen [&hellip;]<\/p>\n","protected":false},"author":3,"featured_media":0,"parent":118,"menu_order":0,"comment_status":"closed","ping_status":"closed","template":"","meta":{"_acf_changed":false,"footnotes":""},"categories":[],"class_list":["post-1404","page","type-page","status-publish","hentry","entry"],"acf":[],"yoast_head":"<!-- This site is optimized with the Yoast SEO plugin v27.3 - https:\/\/yoast.com\/product\/yoast-seo-wordpress\/ -->\n<title>Bibliothek - Glasmuseum Frauenau<\/title>\n<meta name=\"robots\" content=\"index, follow, max-snippet:-1, max-image-preview:large, max-video-preview:-1\" \/>\n<link rel=\"canonical\" href=\"https:\/\/glasmuseum-frauenau.de\/cz\/forschung\/bibliothek\/\" \/>\n<meta property=\"og:locale\" content=\"cs_CZ\" \/>\n<meta property=\"og:type\" content=\"article\" \/>\n<meta property=\"og:title\" content=\"Bibliothek - Glasmuseum Frauenau\" \/>\n<meta property=\"og:description\" content=\"Bibliothek Gl\u00e4sernes Wissen in B\u00fcchern Fach-bibliothek Das Glasmuseum Frauenau beherbergt eine umfangreiche Fachbibliothek zum Thema Glas. Die inhaltlichen Bereiche umfassen verschiedenste Themen von Glaskunst \u00fcber Glastechnik bis hin zu Glas aus verschiedenen L\u00e4ndern. Dargestellt ist dies in etwa 4.000 B\u00fcchern und 200 Zeitschriften. Eine besondere Rarit\u00e4t ist zum Beispiel die fast vollst\u00e4ndige Ausgabe der Bayerischen [&hellip;]\" \/>\n<meta property=\"og:url\" content=\"https:\/\/glasmuseum-frauenau.de\/cz\/forschung\/bibliothek\/\" \/>\n<meta property=\"og:site_name\" content=\"Glasmuseum Frauenau\" \/>\n<meta property=\"article:publisher\" content=\"https:\/\/www.facebook.com\/people\/Glasmuseum-Frauenau-Staatliches-Museum-zur-Geschichte-der-Glaskultur\/100057480098957\/\" \/>\n<meta property=\"article:modified_time\" content=\"2025-07-28T14:05:43+00:00\" \/>\n<meta name=\"twitter:card\" content=\"summary_large_image\" \/>\n<meta name=\"twitter:label1\" content=\"Odhadovan\u00e1 doba \u010dten\u00ed\" \/>\n\t<meta name=\"twitter:data1\" content=\"1 minuta\" \/>\n<script type=\"application\/ld+json\" class=\"yoast-schema-graph\">{\"@context\":\"https:\\\/\\\/schema.org\",\"@graph\":[{\"@type\":\"WebPage\",\"@id\":\"https:\\\/\\\/glasmuseum-frauenau.de\\\/forschung\\\/bibliothek\\\/\",\"url\":\"https:\\\/\\\/glasmuseum-frauenau.de\\\/forschung\\\/bibliothek\\\/\",\"name\":\"Bibliothek - Glasmuseum Frauenau\",\"isPartOf\":{\"@id\":\"https:\\\/\\\/glasmuseum-frauenau.de\\\/#website\"},\"datePublished\":\"2023-03-13T14:41:37+00:00\",\"dateModified\":\"2025-07-28T14:05:43+00:00\",\"breadcrumb\":{\"@id\":\"https:\\\/\\\/glasmuseum-frauenau.de\\\/forschung\\\/bibliothek\\\/#breadcrumb\"},\"inLanguage\":\"cs\",\"potentialAction\":[{\"@type\":\"ReadAction\",\"target\":[\"https:\\\/\\\/glasmuseum-frauenau.de\\\/forschung\\\/bibliothek\\\/\"]}]},{\"@type\":\"BreadcrumbList\",\"@id\":\"https:\\\/\\\/glasmuseum-frauenau.de\\\/forschung\\\/bibliothek\\\/#breadcrumb\",\"itemListElement\":[{\"@type\":\"ListItem\",\"position\":1,\"name\":\"Startseite\",\"item\":\"https:\\\/\\\/glasmuseum-frauenau.de\\\/\"},{\"@type\":\"ListItem\",\"position\":2,\"name\":\"Forschung\",\"item\":\"https:\\\/\\\/glasmuseum-frauenau.de\\\/?page_id=118\"},{\"@type\":\"ListItem\",\"position\":3,\"name\":\"Bibliothek\"}]},{\"@type\":\"WebSite\",\"@id\":\"https:\\\/\\\/glasmuseum-frauenau.de\\\/#website\",\"url\":\"https:\\\/\\\/glasmuseum-frauenau.de\\\/\",\"name\":\"Glasmuseum Frauenau\",\"description\":\"Entdecke - Erkunde - Erschaffe\",\"publisher\":{\"@id\":\"https:\\\/\\\/glasmuseum-frauenau.de\\\/#organization\"},\"potentialAction\":[{\"@type\":\"SearchAction\",\"target\":{\"@type\":\"EntryPoint\",\"urlTemplate\":\"https:\\\/\\\/glasmuseum-frauenau.de\\\/?s={search_term_string}\"},\"query-input\":{\"@type\":\"PropertyValueSpecification\",\"valueRequired\":true,\"valueName\":\"search_term_string\"}}],\"inLanguage\":\"cs\"},{\"@type\":\"Organization\",\"@id\":\"https:\\\/\\\/glasmuseum-frauenau.de\\\/#organization\",\"name\":\"Glasmuseum Frauenau\",\"url\":\"https:\\\/\\\/glasmuseum-frauenau.de\\\/\",\"logo\":{\"@type\":\"ImageObject\",\"inLanguage\":\"cs\",\"@id\":\"https:\\\/\\\/glasmuseum-frauenau.de\\\/#\\\/schema\\\/logo\\\/image\\\/\",\"url\":\"https:\\\/\\\/glasmuseum-frauenau.de\\\/wp-content\\\/uploads\\\/2022\\\/08\\\/glasmuseum-logo.svg\",\"contentUrl\":\"https:\\\/\\\/glasmuseum-frauenau.de\\\/wp-content\\\/uploads\\\/2022\\\/08\\\/glasmuseum-logo.svg\",\"width\":171,\"height\":91,\"caption\":\"Glasmuseum Frauenau\"},\"image\":{\"@id\":\"https:\\\/\\\/glasmuseum-frauenau.de\\\/#\\\/schema\\\/logo\\\/image\\\/\"},\"sameAs\":[\"https:\\\/\\\/www.facebook.com\\\/people\\\/Glasmuseum-Frauenau-Staatliches-Museum-zur-Geschichte-der-Glaskultur\\\/100057480098957\\\/\",\"https:\\\/\\\/www.instagram.com\\\/glasmuseum.frauenau\\\/?hl=de\"]}]}<\/script>\n<!-- \/ Yoast SEO plugin. -->","yoast_head_json":{"title":"Knihovna - Muzeum skla Frauenau","robots":{"index":"index","follow":"follow","max-snippet":"max-snippet:-1","max-image-preview":"max-image-preview:large","max-video-preview":"max-video-preview:-1"},"canonical":"https:\/\/glasmuseum-frauenau.de\/cz\/forschung\/bibliothek\/","og_locale":"cs_CZ","og_type":"article","og_title":"Bibliothek - Glasmuseum Frauenau","og_description":"Bibliothek Gl\u00e4sernes Wissen in B\u00fcchern Fach-bibliothek Das Glasmuseum Frauenau beherbergt eine umfangreiche Fachbibliothek zum Thema Glas. Die inhaltlichen Bereiche umfassen verschiedenste Themen von Glaskunst \u00fcber Glastechnik bis hin zu Glas aus verschiedenen L\u00e4ndern. Dargestellt ist dies in etwa 4.000 B\u00fcchern und 200 Zeitschriften. Eine besondere Rarit\u00e4t ist zum Beispiel die fast vollst\u00e4ndige Ausgabe der Bayerischen [&hellip;]","og_url":"https:\/\/glasmuseum-frauenau.de\/cz\/forschung\/bibliothek\/","og_site_name":"Glasmuseum Frauenau","article_publisher":"https:\/\/www.facebook.com\/people\/Glasmuseum-Frauenau-Staatliches-Museum-zur-Geschichte-der-Glaskultur\/100057480098957\/","article_modified_time":"2025-07-28T14:05:43+00:00","twitter_card":"summary_large_image","twitter_misc":{"Odhadovan\u00e1 doba \u010dten\u00ed":"1 minuta"},"schema":{"@context":"https:\/\/schema.org","@graph":[{"@type":"WebPage","@id":"https:\/\/glasmuseum-frauenau.de\/forschung\/bibliothek\/","url":"https:\/\/glasmuseum-frauenau.de\/forschung\/bibliothek\/","name":"Knihovna - Muzeum skla Frauenau","isPartOf":{"@id":"https:\/\/glasmuseum-frauenau.de\/#website"},"datePublished":"2023-03-13T14:41:37+00:00","dateModified":"2025-07-28T14:05:43+00:00","breadcrumb":{"@id":"https:\/\/glasmuseum-frauenau.de\/forschung\/bibliothek\/#breadcrumb"},"inLanguage":"cs","potentialAction":[{"@type":"ReadAction","target":["https:\/\/glasmuseum-frauenau.de\/forschung\/bibliothek\/"]}]},{"@type":"BreadcrumbList","@id":"https:\/\/glasmuseum-frauenau.de\/forschung\/bibliothek\/#breadcrumb","itemListElement":[{"@type":"ListItem","position":1,"name":"Startseite","item":"https:\/\/glasmuseum-frauenau.de\/"},{"@type":"ListItem","position":2,"name":"Forschung","item":"https:\/\/glasmuseum-frauenau.de\/?page_id=118"},{"@type":"ListItem","position":3,"name":"Bibliothek"}]},{"@type":"WebSite","@id":"https:\/\/glasmuseum-frauenau.de\/#website","url":"https:\/\/glasmuseum-frauenau.de\/","name":"Muzeum skla Frauenau","description":"Objevovat - zkoumat - tvo\u0159it","publisher":{"@id":"https:\/\/glasmuseum-frauenau.de\/#organization"},"potentialAction":[{"@type":"SearchAction","target":{"@type":"EntryPoint","urlTemplate":"https:\/\/glasmuseum-frauenau.de\/?s={search_term_string}"},"query-input":{"@type":"PropertyValueSpecification","valueRequired":true,"valueName":"search_term_string"}}],"inLanguage":"cs"},{"@type":"Organization","@id":"https:\/\/glasmuseum-frauenau.de\/#organization","name":"Muzeum skla Frauenau","url":"https:\/\/glasmuseum-frauenau.de\/","logo":{"@type":"ImageObject","inLanguage":"cs","@id":"https:\/\/glasmuseum-frauenau.de\/#\/schema\/logo\/image\/","url":"https:\/\/glasmuseum-frauenau.de\/wp-content\/uploads\/2022\/08\/glasmuseum-logo.svg","contentUrl":"https:\/\/glasmuseum-frauenau.de\/wp-content\/uploads\/2022\/08\/glasmuseum-logo.svg","width":171,"height":91,"caption":"Glasmuseum Frauenau"},"image":{"@id":"https:\/\/glasmuseum-frauenau.de\/#\/schema\/logo\/image\/"},"sameAs":["https:\/\/www.facebook.com\/people\/Glasmuseum-Frauenau-Staatliches-Museum-zur-Geschichte-der-Glaskultur\/100057480098957\/","https:\/\/www.instagram.com\/glasmuseum.frauenau\/?hl=de"]}]}},"_links":{"self":[{"href":"https:\/\/glasmuseum-frauenau.de\/cz\/wp-json\/wp\/v2\/pages\/1404","targetHints":{"allow":["GET"]}}],"collection":[{"href":"https:\/\/glasmuseum-frauenau.de\/cz\/wp-json\/wp\/v2\/pages"}],"about":[{"href":"https:\/\/glasmuseum-frauenau.de\/cz\/wp-json\/wp\/v2\/types\/page"}],"author":[{"embeddable":true,"href":"https:\/\/glasmuseum-frauenau.de\/cz\/wp-json\/wp\/v2\/users\/3"}],"replies":[{"embeddable":true,"href":"https:\/\/glasmuseum-frauenau.de\/cz\/wp-json\/wp\/v2\/comments?post=1404"}],"version-history":[{"count":79,"href":"https:\/\/glasmuseum-frauenau.de\/cz\/wp-json\/wp\/v2\/pages\/1404\/revisions"}],"predecessor-version":[{"id":4275,"href":"https:\/\/glasmuseum-frauenau.de\/cz\/wp-json\/wp\/v2\/pages\/1404\/revisions\/4275"}],"up":[{"embeddable":true,"href":"https:\/\/glasmuseum-frauenau.de\/cz\/wp-json\/wp\/v2\/pages\/118"}],"wp:attachment":[{"href":"https:\/\/glasmuseum-frauenau.de\/cz\/wp-json\/wp\/v2\/media?parent=1404"}],"wp:term":[{"taxonomy":"category","embeddable":true,"href":"https:\/\/glasmuseum-frauenau.de\/cz\/wp-json\/wp\/v2\/categories?post=1404"}],"curies":[{"name":"wp","href":"https:\/\/api.w.org\/{rel}","templated":true}]}}