{"id":1298,"date":"2023-03-09T16:54:58","date_gmt":"2023-03-09T16:54:58","guid":{"rendered":"https:\/\/glasmuseum.pixeltypen.de\/?page_id=1298"},"modified":"2023-04-24T07:54:13","modified_gmt":"2023-04-24T07:54:13","slug":"frauenau","status":"publish","type":"page","link":"https:\/\/glasmuseum-frauenau.de\/cz\/besuch\/frauenau\/","title":{"rendered":"Frauenau"},"content":{"rendered":"<div data-elementor-type=\"wp-page\" data-elementor-id=\"1298\" class=\"elementor elementor-1298\" data-elementor-post-type=\"page\">\n\t\t\t\t\t\t<section class=\"elementor-section elementor-top-section elementor-element elementor-element-1b686be elementor-section-full_width main-header elementor-section-height-default elementor-section-height-default\" data-id=\"1b686be\" data-element_type=\"section\" data-e-type=\"section\">\n\t\t\t\t\t\t<div class=\"elementor-container elementor-column-gap-default\">\n\t\t\t\t\t<div class=\"elementor-column elementor-col-100 elementor-top-column elementor-element elementor-element-3c145cf\" data-id=\"3c145cf\" data-element_type=\"column\" data-e-type=\"column\">\n\t\t\t<div class=\"elementor-widget-wrap elementor-element-populated\">\n\t\t\t\t\t\t<div class=\"elementor-element elementor-element-a246b70 elementor--h-position-center elementor--v-position-middle elementor-arrows-position-inside elementor-widget elementor-widget-slides\" data-id=\"a246b70\" data-element_type=\"widget\" data-e-type=\"widget\" data-settings=\"{&quot;navigation&quot;:&quot;arrows&quot;,&quot;autoplay&quot;:&quot;yes&quot;,&quot;pause_on_hover&quot;:&quot;yes&quot;,&quot;pause_on_interaction&quot;:&quot;yes&quot;,&quot;autoplay_speed&quot;:5000,&quot;infinite&quot;:&quot;yes&quot;,&quot;transition&quot;:&quot;slide&quot;,&quot;transition_speed&quot;:500}\" data-widget_type=\"slides.default\">\n\t\t\t\t<div class=\"elementor-widget-container\">\n\t\t\t\t\t\t\t\t\t<div class=\"elementor-swiper\">\n\t\t\t\t\t<div class=\"elementor-slides-wrapper elementor-main-swiper swiper\" role=\"region\" aria-roledescription=\"carousel\" aria-label=\"Posuvn\u00edk\" dir=\"ltr\" data-animation=\"fadeInUp\">\n\t\t\t\t<div class=\"swiper-wrapper elementor-slides\">\n\t\t\t\t\t\t\t\t\t\t<div class=\"elementor-repeater-item-3973127 swiper-slide\" role=\"group\" aria-roledescription=\"slide\"><div class=\"swiper-slide-bg\" role=\"img\" aria-label=\"Frauenau - Pohled na obec\"><\/div><div class=\"elementor-background-overlay\"><\/div><div class=\"swiper-slide-inner\" ><div class=\"swiper-slide-contents\"><div class=\"elementor-slide-heading\">V okol\u00ed<br> Frauenau<\/div><\/div><\/div><\/div>\t\t\t\t<\/div>\n\t\t\t\t\t\t\t<\/div>\n\t\t\t\t<\/div>\n\t\t\t\t\t\t\t\t<\/div>\n\t\t\t\t<\/div>\n\t\t\t\t\t<\/div>\n\t\t<\/div>\n\t\t\t\t\t<\/div>\n\t\t<\/section>\n\t\t\t\t<section class=\"elementor-section elementor-top-section elementor-element elementor-element-e1c6e86 elementor-section-boxed elementor-section-height-default elementor-section-height-default\" data-id=\"e1c6e86\" data-element_type=\"section\" data-e-type=\"section\">\n\t\t\t\t\t\t<div class=\"elementor-container elementor-column-gap-default\">\n\t\t\t\t\t<div class=\"elementor-column elementor-col-100 elementor-top-column elementor-element elementor-element-be1dd65\" data-id=\"be1dd65\" data-element_type=\"column\" data-e-type=\"column\">\n\t\t\t<div class=\"elementor-widget-wrap elementor-element-populated\">\n\t\t\t\t\t\t<section class=\"elementor-section elementor-inner-section elementor-element elementor-element-caeed52 elementor-section-boxed elementor-section-height-default elementor-section-height-default\" data-id=\"caeed52\" data-element_type=\"section\" data-e-type=\"section\">\n\t\t\t\t\t\t<div class=\"elementor-container elementor-column-gap-default\">\n\t\t\t\t\t<div class=\"elementor-column elementor-col-50 elementor-inner-column elementor-element elementor-element-919171c\" data-id=\"919171c\" data-element_type=\"column\" data-e-type=\"column\">\n\t\t\t<div class=\"elementor-widget-wrap elementor-element-populated\">\n\t\t\t\t\t\t<div class=\"elementor-element elementor-element-8ba8b5a elementor-widget elementor-widget-heading\" data-id=\"8ba8b5a\" data-element_type=\"widget\" data-e-type=\"widget\" data-widget_type=\"heading.default\">\n\t\t\t\t<div class=\"elementor-widget-container\">\n\t\t\t\t\t<h5 class=\"elementor-heading-title elementor-size-default\">SKLEN\u011aN\u00c9 SRDCE V BAVORSK\u00c9M LESE<\/h5>\t\t\t\t<\/div>\n\t\t\t\t<\/div>\n\t\t\t\t<div class=\"elementor-element elementor-element-5326fe9 elementor-widget elementor-widget-heading\" data-id=\"5326fe9\" data-element_type=\"widget\" data-e-type=\"widget\" data-widget_type=\"heading.default\">\n\t\t\t\t<div class=\"elementor-widget-container\">\n\t\t\t\t\t<h2 class=\"elementor-heading-title elementor-size-default\">KOMUNITA <br>FRAUENAU<\/h2>\t\t\t\t<\/div>\n\t\t\t\t<\/div>\n\t\t\t\t<div class=\"elementor-element elementor-element-06362bb elementor-widget elementor-widget-text-editor\" data-id=\"06362bb\" data-element_type=\"widget\" data-e-type=\"widget\" data-widget_type=\"text-editor.default\">\n\t\t\t\t<div class=\"elementor-widget-container\">\n\t\t\t\t\t\t\t\t\t<p>Frauenau se nach\u00e1z\u00ed uprost\u0159ed Bavorsk\u00e9ho lesa na \u00fapat\u00ed nejvy\u0161\u0161\u00ed hory n\u00e1rodn\u00edho parku Velk\u00fd Rachel (1 453 m). Obec je ide\u00e1ln\u00edm v\u00fdchoz\u00edm bodem\u00a0<span style=\"font-size: 18px; color: var( --e-global-color-text );\">za nejr\u016fzn\u011bj\u0161\u00edmi z\u00e1\u017eitky v p\u0159\u00edrod\u011b. Od nen\u00e1ro\u010dn\u00fdch proch\u00e1zek a\u017e po\u00a0<\/span><span style=\"font-size: 18px; color: var( --e-global-color-text );\">na n\u00e1ro\u010dn\u00e9 t\u00fary, cyklistiku, ly\u017eov\u00e1n\u00ed nebo v\u00fdlety na sn\u011b\u017enic\u00edch. Zde m\u016f\u017eete\u00a0<\/span><span style=\"font-size: 18px; color: var( --e-global-color-text );\">se m\u016f\u017eete po cel\u00fd rok pono\u0159it do p\u016fvodn\u00ed p\u0159\u00edrody Bavorsk\u00e9ho lesa. Ale\u00a0<\/span><span style=\"font-size: 18px; color: var( --e-global-color-text );\">Frauenau m\u00e1 co nab\u00eddnout i z kulturn\u00edho hlediska. Stalet\u00e1 skl\u00e1\u0159sk\u00e1 tradice\u00a0<\/span><span style=\"font-size: 18px; color: var( --e-global-color-text );\">z\u00edskalo m\u011bsto p\u0159ezd\u00edvku \"Sklen\u011bn\u00e9 srdce Bavorsk\u00e9ho lesa\". Na\u00a0<\/span><span style=\"font-size: 18px; color: var( --e-global-color-text );\">Muzeum skla Frauenau, Skl\u00e1\u0159sk\u00e9 zahrady, skl\u00e1rna Eisch, ateli\u00e9rov\u00e1 \u010dtvr\u0165 Moosau.<\/span><span style=\"font-size: 18px; color: var( --e-global-color-text );\">\u00a0a obchody s vysoce kvalitn\u00edm sklem nab\u00edzej\u00ed\u00a0<\/span><span style=\"font-size: 18px; color: var( --e-global-color-text );\">\"zku\u0161enosti se sklem\". Pravideln\u00e9 koncerty a festivaly jsou obohacen\u00edm v\u00fdstavy.\u00a0<\/span><span style=\"font-size: 18px; color: var( --e-global-color-text );\">Kulturn\u00ed kalend\u00e1\u0159.<\/span><\/p>\t\t\t\t\t\t\t\t<\/div>\n\t\t\t\t<\/div>\n\t\t\t\t\t<\/div>\n\t\t<\/div>\n\t\t\t\t<div class=\"elementor-column elementor-col-50 elementor-inner-column elementor-element elementor-element-672c286\" data-id=\"672c286\" data-element_type=\"column\" data-e-type=\"column\">\n\t\t\t<div class=\"elementor-widget-wrap\">\n\t\t\t\t\t\t\t<\/div>\n\t\t<\/div>\n\t\t\t\t\t<\/div>\n\t\t<\/section>\n\t\t\t\t\t<\/div>\n\t\t<\/div>\n\t\t\t\t\t<\/div>\n\t\t<\/section>\n\t\t\t\t<section class=\"elementor-section elementor-top-section elementor-element elementor-element-72a748b elementor-section-full_width elementor-section-height-default elementor-section-height-default\" data-id=\"72a748b\" data-element_type=\"section\" data-e-type=\"section\">\n\t\t\t\t\t\t<div class=\"elementor-container elementor-column-gap-no\">\n\t\t\t\t\t<div class=\"elementor-column elementor-col-33 elementor-top-column elementor-element elementor-element-acb05dc\" data-id=\"acb05dc\" data-element_type=\"column\" data-e-type=\"column\">\n\t\t\t<div class=\"elementor-widget-wrap\">\n\t\t\t\t\t\t\t<\/div>\n\t\t<\/div>\n\t\t\t\t<div class=\"elementor-column elementor-col-66 elementor-top-column elementor-element elementor-element-e1a6b07\" data-id=\"e1a6b07\" data-element_type=\"column\" data-e-type=\"column\">\n\t\t\t<div class=\"elementor-widget-wrap elementor-element-populated\">\n\t\t\t\t\t\t<div class=\"elementor-element elementor-element-0dc9fc8 elementor-widget elementor-widget-image\" data-id=\"0dc9fc8\" data-element_type=\"widget\" data-e-type=\"widget\" data-widget_type=\"image.default\">\n\t\t\t\t<div class=\"elementor-widget-container\">\n\t\t\t\t\t\t\t\t\t\t\t\t\t\t\t\t<a href=\"https:\/\/glasmuseum-frauenau.de\/wp-content\/uploads\/2023\/03\/Frauenau-Talsperre-mit-Blick-zum-Rachel-Foto-S.-Bauer.jpg\" data-elementor-open-lightbox=\"yes\" data-elementor-lightbox-title=\"Frauenau Talsperre mit Blick zum Rachel Foto S. Bauer\" data-e-action-hash=\"#elementor-action%3Aaction%3Dlightbox%26settings%3DeyJpZCI6MTcyMSwidXJsIjoiaHR0cHM6XC9cL2dsYXNtdXNldW0tZnJhdWVuYXUuZGVcL3dwLWNvbnRlbnRcL3VwbG9hZHNcLzIwMjNcLzAzXC9GcmF1ZW5hdS1UYWxzcGVycmUtbWl0LUJsaWNrLXp1bS1SYWNoZWwtRm90by1TLi1CYXVlci5qcGcifQ%3D%3D\">\n\t\t\t\t\t\t\t<img fetchpriority=\"high\" decoding=\"async\" width=\"2048\" height=\"1360\" src=\"https:\/\/glasmuseum-frauenau.de\/wp-content\/uploads\/2023\/03\/Frauenau-Talsperre-mit-Blick-zum-Rachel-Foto-S.-Bauer.jpg\" class=\"attachment-full size-full wp-image-1721\" alt=\"\" srcset=\"https:\/\/glasmuseum-frauenau.de\/wp-content\/uploads\/2023\/03\/Frauenau-Talsperre-mit-Blick-zum-Rachel-Foto-S.-Bauer.jpg 2048w, https:\/\/glasmuseum-frauenau.de\/wp-content\/uploads\/2023\/03\/Frauenau-Talsperre-mit-Blick-zum-Rachel-Foto-S.-Bauer-300x199.jpg 300w, https:\/\/glasmuseum-frauenau.de\/wp-content\/uploads\/2023\/03\/Frauenau-Talsperre-mit-Blick-zum-Rachel-Foto-S.-Bauer-1024x680.jpg 1024w, https:\/\/glasmuseum-frauenau.de\/wp-content\/uploads\/2023\/03\/Frauenau-Talsperre-mit-Blick-zum-Rachel-Foto-S.-Bauer-768x510.jpg 768w, https:\/\/glasmuseum-frauenau.de\/wp-content\/uploads\/2023\/03\/Frauenau-Talsperre-mit-Blick-zum-Rachel-Foto-S.-Bauer-1536x1020.jpg 1536w\" sizes=\"(max-width: 2048px) 100vw, 2048px\" \/>\t\t\t\t\t\t\t\t<\/a>\n\t\t\t\t\t\t\t\t\t\t\t\t\t\t\t<\/div>\n\t\t\t\t<\/div>\n\t\t\t\t\t<\/div>\n\t\t<\/div>\n\t\t\t\t\t<\/div>\n\t\t<\/section>\n\t\t\t\t<\/div>","protected":false},"excerpt":{"rendered":"<p>Rund um Frauenau DAS GL\u00c4SERNE HERZ Im BAYERISCHEN WALD GEMEINDE FRAUENAU Frauenau liegt inmitten des Bayerischen Waldes am Fu\u00dfe des Gro\u00dfen Rachel (1.453 Meter), dem h\u00f6chsten Berg des Nationalparks. Der Ort ist ein idealer Ausgangspunkt\u00a0f\u00fcr Naturerlebnisse der unterschiedlichsten Art. Von leichten Spazierg\u00e4ngen bis hin\u00a0zu anspruchsvollen Wanderungen, Rad-, Ski- oder Schneeschuhtouren. Hier k\u00f6nnen\u00a0Sie das ganze Jahr [&hellip;]<\/p>\n","protected":false},"author":3,"featured_media":0,"parent":110,"menu_order":0,"comment_status":"closed","ping_status":"closed","template":"","meta":{"_acf_changed":false,"footnotes":""},"categories":[],"class_list":["post-1298","page","type-page","status-publish","hentry","entry"],"acf":[],"yoast_head":"<!-- This site is optimized with the Yoast SEO plugin v27.3 - https:\/\/yoast.com\/product\/yoast-seo-wordpress\/ -->\n<title>Frauenau - Glasmuseum Frauenau<\/title>\n<meta name=\"robots\" content=\"index, follow, max-snippet:-1, max-image-preview:large, max-video-preview:-1\" \/>\n<link rel=\"canonical\" href=\"https:\/\/glasmuseum-frauenau.de\/cz\/besuch\/frauenau\/\" \/>\n<meta property=\"og:locale\" content=\"cs_CZ\" \/>\n<meta property=\"og:type\" content=\"article\" \/>\n<meta property=\"og:title\" content=\"Frauenau - Glasmuseum Frauenau\" \/>\n<meta property=\"og:description\" content=\"Rund um Frauenau DAS GL\u00c4SERNE HERZ Im BAYERISCHEN WALD GEMEINDE FRAUENAU Frauenau liegt inmitten des Bayerischen Waldes am Fu\u00dfe des Gro\u00dfen Rachel (1.453 Meter), dem h\u00f6chsten Berg des Nationalparks. Der Ort ist ein idealer Ausgangspunkt\u00a0f\u00fcr Naturerlebnisse der unterschiedlichsten Art. Von leichten Spazierg\u00e4ngen bis hin\u00a0zu anspruchsvollen Wanderungen, Rad-, Ski- oder Schneeschuhtouren. Hier k\u00f6nnen\u00a0Sie das ganze Jahr [&hellip;]\" \/>\n<meta property=\"og:url\" content=\"https:\/\/glasmuseum-frauenau.de\/cz\/besuch\/frauenau\/\" \/>\n<meta property=\"og:site_name\" content=\"Glasmuseum Frauenau\" \/>\n<meta property=\"article:publisher\" content=\"https:\/\/www.facebook.com\/people\/Glasmuseum-Frauenau-Staatliches-Museum-zur-Geschichte-der-Glaskultur\/100057480098957\/\" \/>\n<meta property=\"article:modified_time\" content=\"2023-04-24T07:54:13+00:00\" \/>\n<meta property=\"og:image\" content=\"https:\/\/glasmuseum-frauenau.de\/wp-content\/uploads\/2023\/03\/Frauenau-Talsperre-mit-Blick-zum-Rachel-Foto-S.-Bauer.jpg\" \/>\n<meta name=\"twitter:card\" content=\"summary_large_image\" \/>\n<meta name=\"twitter:label1\" content=\"Odhadovan\u00e1 doba \u010dten\u00ed\" \/>\n\t<meta name=\"twitter:data1\" content=\"1 minuta\" \/>\n<script type=\"application\/ld+json\" class=\"yoast-schema-graph\">{\"@context\":\"https:\\\/\\\/schema.org\",\"@graph\":[{\"@type\":\"WebPage\",\"@id\":\"https:\\\/\\\/glasmuseum-frauenau.de\\\/besuch\\\/frauenau\\\/\",\"url\":\"https:\\\/\\\/glasmuseum-frauenau.de\\\/besuch\\\/frauenau\\\/\",\"name\":\"Frauenau - Glasmuseum Frauenau\",\"isPartOf\":{\"@id\":\"https:\\\/\\\/glasmuseum-frauenau.de\\\/#website\"},\"primaryImageOfPage\":{\"@id\":\"https:\\\/\\\/glasmuseum-frauenau.de\\\/besuch\\\/frauenau\\\/#primaryimage\"},\"image\":{\"@id\":\"https:\\\/\\\/glasmuseum-frauenau.de\\\/besuch\\\/frauenau\\\/#primaryimage\"},\"thumbnailUrl\":\"https:\\\/\\\/glasmuseum-frauenau.de\\\/wp-content\\\/uploads\\\/2023\\\/03\\\/Frauenau-Talsperre-mit-Blick-zum-Rachel-Foto-S.-Bauer.jpg\",\"datePublished\":\"2023-03-09T16:54:58+00:00\",\"dateModified\":\"2023-04-24T07:54:13+00:00\",\"breadcrumb\":{\"@id\":\"https:\\\/\\\/glasmuseum-frauenau.de\\\/besuch\\\/frauenau\\\/#breadcrumb\"},\"inLanguage\":\"cs\",\"potentialAction\":[{\"@type\":\"ReadAction\",\"target\":[\"https:\\\/\\\/glasmuseum-frauenau.de\\\/besuch\\\/frauenau\\\/\"]}]},{\"@type\":\"ImageObject\",\"inLanguage\":\"cs\",\"@id\":\"https:\\\/\\\/glasmuseum-frauenau.de\\\/besuch\\\/frauenau\\\/#primaryimage\",\"url\":\"https:\\\/\\\/glasmuseum-frauenau.de\\\/wp-content\\\/uploads\\\/2023\\\/03\\\/Frauenau-Talsperre-mit-Blick-zum-Rachel-Foto-S.-Bauer.jpg\",\"contentUrl\":\"https:\\\/\\\/glasmuseum-frauenau.de\\\/wp-content\\\/uploads\\\/2023\\\/03\\\/Frauenau-Talsperre-mit-Blick-zum-Rachel-Foto-S.-Bauer.jpg\"},{\"@type\":\"BreadcrumbList\",\"@id\":\"https:\\\/\\\/glasmuseum-frauenau.de\\\/besuch\\\/frauenau\\\/#breadcrumb\",\"itemListElement\":[{\"@type\":\"ListItem\",\"position\":1,\"name\":\"Startseite\",\"item\":\"https:\\\/\\\/glasmuseum-frauenau.de\\\/\"},{\"@type\":\"ListItem\",\"position\":2,\"name\":\"Besuch\",\"item\":\"https:\\\/\\\/glasmuseum-frauenau.de\\\/besuch\\\/\"},{\"@type\":\"ListItem\",\"position\":3,\"name\":\"Frauenau\"}]},{\"@type\":\"WebSite\",\"@id\":\"https:\\\/\\\/glasmuseum-frauenau.de\\\/#website\",\"url\":\"https:\\\/\\\/glasmuseum-frauenau.de\\\/\",\"name\":\"Glasmuseum Frauenau\",\"description\":\"Entdecke - Erkunde - Erschaffe\",\"publisher\":{\"@id\":\"https:\\\/\\\/glasmuseum-frauenau.de\\\/#organization\"},\"potentialAction\":[{\"@type\":\"SearchAction\",\"target\":{\"@type\":\"EntryPoint\",\"urlTemplate\":\"https:\\\/\\\/glasmuseum-frauenau.de\\\/?s={search_term_string}\"},\"query-input\":{\"@type\":\"PropertyValueSpecification\",\"valueRequired\":true,\"valueName\":\"search_term_string\"}}],\"inLanguage\":\"cs\"},{\"@type\":\"Organization\",\"@id\":\"https:\\\/\\\/glasmuseum-frauenau.de\\\/#organization\",\"name\":\"Glasmuseum Frauenau\",\"url\":\"https:\\\/\\\/glasmuseum-frauenau.de\\\/\",\"logo\":{\"@type\":\"ImageObject\",\"inLanguage\":\"cs\",\"@id\":\"https:\\\/\\\/glasmuseum-frauenau.de\\\/#\\\/schema\\\/logo\\\/image\\\/\",\"url\":\"https:\\\/\\\/glasmuseum-frauenau.de\\\/wp-content\\\/uploads\\\/2022\\\/08\\\/glasmuseum-logo.svg\",\"contentUrl\":\"https:\\\/\\\/glasmuseum-frauenau.de\\\/wp-content\\\/uploads\\\/2022\\\/08\\\/glasmuseum-logo.svg\",\"width\":171,\"height\":91,\"caption\":\"Glasmuseum Frauenau\"},\"image\":{\"@id\":\"https:\\\/\\\/glasmuseum-frauenau.de\\\/#\\\/schema\\\/logo\\\/image\\\/\"},\"sameAs\":[\"https:\\\/\\\/www.facebook.com\\\/people\\\/Glasmuseum-Frauenau-Staatliches-Museum-zur-Geschichte-der-Glaskultur\\\/100057480098957\\\/\",\"https:\\\/\\\/www.instagram.com\\\/glasmuseum.frauenau\\\/?hl=de\"]}]}<\/script>\n<!-- \/ Yoast SEO plugin. -->","yoast_head_json":{"title":"Frauenau - Muzeum skla Frauenau","robots":{"index":"index","follow":"follow","max-snippet":"max-snippet:-1","max-image-preview":"max-image-preview:large","max-video-preview":"max-video-preview:-1"},"canonical":"https:\/\/glasmuseum-frauenau.de\/cz\/besuch\/frauenau\/","og_locale":"cs_CZ","og_type":"article","og_title":"Frauenau - Glasmuseum Frauenau","og_description":"Rund um Frauenau DAS GL\u00c4SERNE HERZ Im BAYERISCHEN WALD GEMEINDE FRAUENAU Frauenau liegt inmitten des Bayerischen Waldes am Fu\u00dfe des Gro\u00dfen Rachel (1.453 Meter), dem h\u00f6chsten Berg des Nationalparks. Der Ort ist ein idealer Ausgangspunkt\u00a0f\u00fcr Naturerlebnisse der unterschiedlichsten Art. Von leichten Spazierg\u00e4ngen bis hin\u00a0zu anspruchsvollen Wanderungen, Rad-, Ski- oder Schneeschuhtouren. Hier k\u00f6nnen\u00a0Sie das ganze Jahr [&hellip;]","og_url":"https:\/\/glasmuseum-frauenau.de\/cz\/besuch\/frauenau\/","og_site_name":"Glasmuseum Frauenau","article_publisher":"https:\/\/www.facebook.com\/people\/Glasmuseum-Frauenau-Staatliches-Museum-zur-Geschichte-der-Glaskultur\/100057480098957\/","article_modified_time":"2023-04-24T07:54:13+00:00","og_image":[{"url":"https:\/\/glasmuseum-frauenau.de\/wp-content\/uploads\/2023\/03\/Frauenau-Talsperre-mit-Blick-zum-Rachel-Foto-S.-Bauer.jpg","type":"","width":"","height":""}],"twitter_card":"summary_large_image","twitter_misc":{"Odhadovan\u00e1 doba \u010dten\u00ed":"1 minuta"},"schema":{"@context":"https:\/\/schema.org","@graph":[{"@type":"WebPage","@id":"https:\/\/glasmuseum-frauenau.de\/besuch\/frauenau\/","url":"https:\/\/glasmuseum-frauenau.de\/besuch\/frauenau\/","name":"Frauenau - Muzeum skla Frauenau","isPartOf":{"@id":"https:\/\/glasmuseum-frauenau.de\/#website"},"primaryImageOfPage":{"@id":"https:\/\/glasmuseum-frauenau.de\/besuch\/frauenau\/#primaryimage"},"image":{"@id":"https:\/\/glasmuseum-frauenau.de\/besuch\/frauenau\/#primaryimage"},"thumbnailUrl":"https:\/\/glasmuseum-frauenau.de\/wp-content\/uploads\/2023\/03\/Frauenau-Talsperre-mit-Blick-zum-Rachel-Foto-S.-Bauer.jpg","datePublished":"2023-03-09T16:54:58+00:00","dateModified":"2023-04-24T07:54:13+00:00","breadcrumb":{"@id":"https:\/\/glasmuseum-frauenau.de\/besuch\/frauenau\/#breadcrumb"},"inLanguage":"cs","potentialAction":[{"@type":"ReadAction","target":["https:\/\/glasmuseum-frauenau.de\/besuch\/frauenau\/"]}]},{"@type":"ImageObject","inLanguage":"cs","@id":"https:\/\/glasmuseum-frauenau.de\/besuch\/frauenau\/#primaryimage","url":"https:\/\/glasmuseum-frauenau.de\/wp-content\/uploads\/2023\/03\/Frauenau-Talsperre-mit-Blick-zum-Rachel-Foto-S.-Bauer.jpg","contentUrl":"https:\/\/glasmuseum-frauenau.de\/wp-content\/uploads\/2023\/03\/Frauenau-Talsperre-mit-Blick-zum-Rachel-Foto-S.-Bauer.jpg"},{"@type":"BreadcrumbList","@id":"https:\/\/glasmuseum-frauenau.de\/besuch\/frauenau\/#breadcrumb","itemListElement":[{"@type":"ListItem","position":1,"name":"Startseite","item":"https:\/\/glasmuseum-frauenau.de\/"},{"@type":"ListItem","position":2,"name":"Besuch","item":"https:\/\/glasmuseum-frauenau.de\/besuch\/"},{"@type":"ListItem","position":3,"name":"Frauenau"}]},{"@type":"WebSite","@id":"https:\/\/glasmuseum-frauenau.de\/#website","url":"https:\/\/glasmuseum-frauenau.de\/","name":"Muzeum skla Frauenau","description":"Objevovat - zkoumat - tvo\u0159it","publisher":{"@id":"https:\/\/glasmuseum-frauenau.de\/#organization"},"potentialAction":[{"@type":"SearchAction","target":{"@type":"EntryPoint","urlTemplate":"https:\/\/glasmuseum-frauenau.de\/?s={search_term_string}"},"query-input":{"@type":"PropertyValueSpecification","valueRequired":true,"valueName":"search_term_string"}}],"inLanguage":"cs"},{"@type":"Organization","@id":"https:\/\/glasmuseum-frauenau.de\/#organization","name":"Muzeum skla Frauenau","url":"https:\/\/glasmuseum-frauenau.de\/","logo":{"@type":"ImageObject","inLanguage":"cs","@id":"https:\/\/glasmuseum-frauenau.de\/#\/schema\/logo\/image\/","url":"https:\/\/glasmuseum-frauenau.de\/wp-content\/uploads\/2022\/08\/glasmuseum-logo.svg","contentUrl":"https:\/\/glasmuseum-frauenau.de\/wp-content\/uploads\/2022\/08\/glasmuseum-logo.svg","width":171,"height":91,"caption":"Glasmuseum Frauenau"},"image":{"@id":"https:\/\/glasmuseum-frauenau.de\/#\/schema\/logo\/image\/"},"sameAs":["https:\/\/www.facebook.com\/people\/Glasmuseum-Frauenau-Staatliches-Museum-zur-Geschichte-der-Glaskultur\/100057480098957\/","https:\/\/www.instagram.com\/glasmuseum.frauenau\/?hl=de"]}]}},"_links":{"self":[{"href":"https:\/\/glasmuseum-frauenau.de\/cz\/wp-json\/wp\/v2\/pages\/1298","targetHints":{"allow":["GET"]}}],"collection":[{"href":"https:\/\/glasmuseum-frauenau.de\/cz\/wp-json\/wp\/v2\/pages"}],"about":[{"href":"https:\/\/glasmuseum-frauenau.de\/cz\/wp-json\/wp\/v2\/types\/page"}],"author":[{"embeddable":true,"href":"https:\/\/glasmuseum-frauenau.de\/cz\/wp-json\/wp\/v2\/users\/3"}],"replies":[{"embeddable":true,"href":"https:\/\/glasmuseum-frauenau.de\/cz\/wp-json\/wp\/v2\/comments?post=1298"}],"version-history":[{"count":31,"href":"https:\/\/glasmuseum-frauenau.de\/cz\/wp-json\/wp\/v2\/pages\/1298\/revisions"}],"predecessor-version":[{"id":2798,"href":"https:\/\/glasmuseum-frauenau.de\/cz\/wp-json\/wp\/v2\/pages\/1298\/revisions\/2798"}],"up":[{"embeddable":true,"href":"https:\/\/glasmuseum-frauenau.de\/cz\/wp-json\/wp\/v2\/pages\/110"}],"wp:attachment":[{"href":"https:\/\/glasmuseum-frauenau.de\/cz\/wp-json\/wp\/v2\/media?parent=1298"}],"wp:term":[{"taxonomy":"category","embeddable":true,"href":"https:\/\/glasmuseum-frauenau.de\/cz\/wp-json\/wp\/v2\/categories?post=1298"}],"curies":[{"name":"wp","href":"https:\/\/api.w.org\/{rel}","templated":true}]}}