{"id":1006,"date":"2023-03-03T09:41:04","date_gmt":"2023-03-03T09:41:04","guid":{"rendered":"https:\/\/glasmuseum.pixeltypen.de\/?page_id=1006"},"modified":"2023-03-23T10:29:10","modified_gmt":"2023-03-23T10:29:10","slug":"virtuelles-museum","status":"publish","type":"page","link":"https:\/\/glasmuseum-frauenau.de\/cz\/kids\/virtuelles-museum\/","title":{"rendered":"Virtu\u00e1ln\u00ed muzeum"},"content":{"rendered":"<div data-elementor-type=\"wp-page\" data-elementor-id=\"1006\" class=\"elementor elementor-1006\" data-elementor-post-type=\"page\">\n\t\t\t\t\t\t<section class=\"elementor-section elementor-top-section elementor-element elementor-element-0714a8c elementor-section-boxed elementor-section-height-default elementor-section-height-default\" data-id=\"0714a8c\" data-element_type=\"section\" data-e-type=\"section\" data-settings=\"{&quot;background_background&quot;:&quot;classic&quot;}\">\n\t\t\t\t\t\t<div class=\"elementor-container elementor-column-gap-default\">\n\t\t\t\t\t<div class=\"elementor-column elementor-col-100 elementor-top-column elementor-element elementor-element-43c7359\" data-id=\"43c7359\" data-element_type=\"column\" data-e-type=\"column\">\n\t\t\t<div class=\"elementor-widget-wrap elementor-element-populated\">\n\t\t\t\t\t\t<div class=\"elementor-element elementor-element-2951c0d elementor-widget elementor-widget-heading\" data-id=\"2951c0d\" data-element_type=\"widget\" data-e-type=\"widget\" data-widget_type=\"heading.default\">\n\t\t\t\t<div class=\"elementor-widget-container\">\n\t\t\t\t\t<h2 class=\"elementor-heading-title elementor-size-default\">Virtu\u00e1ln\u00ed <br \/>\nMuzeum<\/h2>\t\t\t\t<\/div>\n\t\t\t\t<\/div>\n\t\t\t\t\t<\/div>\n\t\t<\/div>\n\t\t\t\t\t<\/div>\n\t\t<\/section>\n\t\t\t\t<section class=\"elementor-section elementor-top-section elementor-element elementor-element-44e2dad elementor-section-boxed elementor-section-height-default elementor-section-height-default\" data-id=\"44e2dad\" data-element_type=\"section\" data-e-type=\"section\">\n\t\t\t\t\t\t<div class=\"elementor-container elementor-column-gap-default\">\n\t\t\t\t\t<div class=\"elementor-column elementor-col-100 elementor-top-column elementor-element elementor-element-976603f\" data-id=\"976603f\" data-element_type=\"column\" data-e-type=\"column\">\n\t\t\t<div class=\"elementor-widget-wrap elementor-element-populated\">\n\t\t\t\t\t\t<section class=\"elementor-section elementor-inner-section elementor-element elementor-element-575f9b0 elementor-section-boxed elementor-section-height-default elementor-section-height-default\" data-id=\"575f9b0\" data-element_type=\"section\" data-e-type=\"section\">\n\t\t\t\t\t\t<div class=\"elementor-container elementor-column-gap-default\">\n\t\t\t\t\t<div class=\"elementor-column elementor-col-50 elementor-inner-column elementor-element elementor-element-9d1c72b\" data-id=\"9d1c72b\" data-element_type=\"column\" data-e-type=\"column\">\n\t\t\t<div class=\"elementor-widget-wrap elementor-element-populated\">\n\t\t\t\t\t\t<div class=\"elementor-element elementor-element-d6efce3 elementor-widget elementor-widget-heading\" data-id=\"d6efce3\" data-element_type=\"widget\" data-e-type=\"widget\" data-widget_type=\"heading.default\">\n\t\t\t\t<div class=\"elementor-widget-container\">\n\t\t\t\t\t<h5 class=\"elementor-heading-title elementor-size-default\">Vyzkou\u0161ejte si hrav\u011b sv\u011bt glassES<\/h5>\t\t\t\t<\/div>\n\t\t\t\t<\/div>\n\t\t\t\t<div class=\"elementor-element elementor-element-8317fb9 elementor-widget elementor-widget-heading\" data-id=\"8317fb9\" data-element_type=\"widget\" data-e-type=\"widget\" data-widget_type=\"heading.default\">\n\t\t\t\t<div class=\"elementor-widget-container\">\n\t\t\t\t\t<h2 class=\"elementor-heading-title elementor-size-default\">V\u0161echny body kliknut\u00ed<\/h2>\t\t\t\t<\/div>\n\t\t\t\t<\/div>\n\t\t\t\t\t<\/div>\n\t\t<\/div>\n\t\t\t\t<div class=\"elementor-column elementor-col-50 elementor-inner-column elementor-element elementor-element-f4cd5d4\" data-id=\"f4cd5d4\" data-element_type=\"column\" data-e-type=\"column\">\n\t\t\t<div class=\"elementor-widget-wrap\">\n\t\t\t\t\t\t\t<\/div>\n\t\t<\/div>\n\t\t\t\t\t<\/div>\n\t\t<\/section>\n\t\t\t\t<section class=\"elementor-section elementor-inner-section elementor-element elementor-element-2daf56b elementor-section-boxed elementor-section-height-default elementor-section-height-default\" data-id=\"2daf56b\" data-element_type=\"section\" data-e-type=\"section\">\n\t\t\t\t\t\t<div class=\"elementor-container elementor-column-gap-default\">\n\t\t\t\t\t<div class=\"elementor-column elementor-col-100 elementor-inner-column elementor-element elementor-element-4fee172\" data-id=\"4fee172\" data-element_type=\"column\" data-e-type=\"column\">\n\t\t\t<div class=\"elementor-widget-wrap elementor-element-populated\">\n\t\t\t\t\t\t<div class=\"elementor-element elementor-element-f8a6a33 elementor-widget elementor-widget-shortcode\" data-id=\"f8a6a33\" data-element_type=\"widget\" data-e-type=\"widget\" data-widget_type=\"shortcode.default\">\n\t\t\t\t<div class=\"elementor-widget-container\">\n\t\t\t\t\t\t\t<div class=\"elementor-shortcode\">    <div class=\"klickpunkt-feed current\">\n        \n<div class=\"klickpunkt-item\">\n            <a href=\"https:\/\/glasmuseum-frauenau.de\/cz\/klickpunkte\/wimmelbild-ofenszene\/\">\n            <div class=\"klickpunkt-image\">\n                <img decoding=\"async\" src=\"https:\/\/glasmuseum-frauenau.de\/wp-content\/uploads\/2023\/03\/Animation_Wimmelbild-300x212.jpeg\" srcset=\"https:\/\/glasmuseum-frauenau.de\/wp-content\/uploads\/2023\/03\/Animation_Wimmelbild-300x212.jpeg 300w, https:\/\/glasmuseum-frauenau.de\/wp-content\/uploads\/2023\/03\/Animation_Wimmelbild-1024x725.jpeg 1024w, https:\/\/glasmuseum-frauenau.de\/wp-content\/uploads\/2023\/03\/Animation_Wimmelbild-768x544.jpeg 768w, https:\/\/glasmuseum-frauenau.de\/wp-content\/uploads\/2023\/03\/Animation_Wimmelbild-1536x1088.jpeg 1536w, https:\/\/glasmuseum-frauenau.de\/wp-content\/uploads\/2023\/03\/Animation_Wimmelbild.jpeg 1600w\" \/>\n            <\/div>\n        <\/a>\n        <div class=\"klickpunkt-content\">\n        <a href=\"https:\/\/glasmuseum-frauenau.de\/cz\/klickpunkte\/wimmelbild-ofenszene\/\">\n            <h3>Sc\u00e9na se skryt\u00fdm objektem v peci<\/h3>\n        <\/a>\n        <div class=\"klickpunkt-button-wrapper elementor-widget-button arrow-button\">\n            <a href=\"https:\/\/glasmuseum-frauenau.de\/cz\/klickpunkte\/wimmelbild-ofenszene\/\" class=\"klickpunkt-button elementor-button-link elementor-button elementor-size-sm\" role=\"button\"><\/a>\n        <\/div>\n    <\/div>\n<\/div>\n<div class=\"klickpunkt-item\">\n            <a href=\"https:\/\/glasmuseum-frauenau.de\/cz\/klickpunkte\/narziss\/\">\n            <div class=\"klickpunkt-image\">\n                <img decoding=\"async\" src=\"https:\/\/glasmuseum-frauenau.de\/wp-content\/uploads\/2023\/02\/DSC_0738-web-300x200.jpg\" srcset=\"https:\/\/glasmuseum-frauenau.de\/wp-content\/uploads\/2023\/02\/DSC_0738-web-300x200.jpg 300w, https:\/\/glasmuseum-frauenau.de\/wp-content\/uploads\/2023\/02\/DSC_0738-web-1024x684.jpg 1024w, https:\/\/glasmuseum-frauenau.de\/wp-content\/uploads\/2023\/02\/DSC_0738-web-768x513.jpg 768w, https:\/\/glasmuseum-frauenau.de\/wp-content\/uploads\/2023\/02\/DSC_0738-web-1536x1025.jpg 1536w, https:\/\/glasmuseum-frauenau.de\/wp-content\/uploads\/2023\/02\/DSC_0738-web.jpg 1600w\" \/>\n            <\/div>\n        <\/a>\n        <div class=\"klickpunkt-content\">\n        <a href=\"https:\/\/glasmuseum-frauenau.de\/cz\/klickpunkte\/narziss\/\">\n            <h3>Narcis<\/h3>\n        <\/a>\n        <div class=\"klickpunkt-button-wrapper elementor-widget-button arrow-button\">\n            <a href=\"https:\/\/glasmuseum-frauenau.de\/cz\/klickpunkte\/narziss\/\" class=\"klickpunkt-button elementor-button-link elementor-button elementor-size-sm\" role=\"button\"><\/a>\n        <\/div>\n    <\/div>\n<\/div>\n<div class=\"klickpunkt-item\">\n            <a href=\"https:\/\/glasmuseum-frauenau.de\/cz\/klickpunkte\/uranglas\/\">\n            <div class=\"klickpunkt-image\">\n                <img decoding=\"async\" src=\"https:\/\/glasmuseum-frauenau.de\/wp-content\/uploads\/2023\/02\/Uranglas_0166_before-300x200.jpg\" srcset=\"https:\/\/glasmuseum-frauenau.de\/wp-content\/uploads\/2023\/02\/Uranglas_0166_before-300x200.jpg 300w, https:\/\/glasmuseum-frauenau.de\/wp-content\/uploads\/2023\/02\/Uranglas_0166_before-1024x683.jpg 1024w, https:\/\/glasmuseum-frauenau.de\/wp-content\/uploads\/2023\/02\/Uranglas_0166_before-768x512.jpg 768w, https:\/\/glasmuseum-frauenau.de\/wp-content\/uploads\/2023\/02\/Uranglas_0166_before-1536x1025.jpg 1536w, https:\/\/glasmuseum-frauenau.de\/wp-content\/uploads\/2023\/02\/Uranglas_0166_before.jpg 1920w\" \/>\n            <\/div>\n        <\/a>\n        <div class=\"klickpunkt-content\">\n        <a href=\"https:\/\/glasmuseum-frauenau.de\/cz\/klickpunkte\/uranglas\/\">\n            <h3>Uranov\u00e9 sklo<\/h3>\n        <\/a>\n        <div class=\"klickpunkt-button-wrapper elementor-widget-button arrow-button\">\n            <a href=\"https:\/\/glasmuseum-frauenau.de\/cz\/klickpunkte\/uranglas\/\" class=\"klickpunkt-button elementor-button-link elementor-button elementor-size-sm\" role=\"button\"><\/a>\n        <\/div>\n    <\/div>\n<\/div>\n<div class=\"klickpunkt-item\">\n            <a href=\"https:\/\/glasmuseum-frauenau.de\/cz\/klickpunkte\/mittelalter\/\">\n            <div class=\"klickpunkt-image\">\n                <img decoding=\"async\" src=\"https:\/\/glasmuseum-frauenau.de\/wp-content\/uploads\/2023\/03\/mittelalter-300x225.png\" srcset=\"https:\/\/glasmuseum-frauenau.de\/wp-content\/uploads\/2023\/03\/mittelalter-300x225.png 300w, https:\/\/glasmuseum-frauenau.de\/wp-content\/uploads\/2023\/03\/mittelalter-1024x767.png 1024w, https:\/\/glasmuseum-frauenau.de\/wp-content\/uploads\/2023\/03\/mittelalter-768x575.png 768w, https:\/\/glasmuseum-frauenau.de\/wp-content\/uploads\/2023\/03\/mittelalter-1536x1150.png 1536w, https:\/\/glasmuseum-frauenau.de\/wp-content\/uploads\/2023\/03\/mittelalter.png 1600w\" \/>\n            <\/div>\n        <\/a>\n        <div class=\"klickpunkt-content\">\n        <a href=\"https:\/\/glasmuseum-frauenau.de\/cz\/klickpunkte\/mittelalter\/\">\n            <h3>St\u0159edov\u011bk<\/h3>\n        <\/a>\n        <div class=\"klickpunkt-button-wrapper elementor-widget-button arrow-button\">\n            <a href=\"https:\/\/glasmuseum-frauenau.de\/cz\/klickpunkte\/mittelalter\/\" class=\"klickpunkt-button elementor-button-link elementor-button elementor-size-sm\" role=\"button\"><\/a>\n        <\/div>\n    <\/div>\n<\/div>\n<div class=\"klickpunkt-item\">\n            <a href=\"https:\/\/glasmuseum-frauenau.de\/cz\/klickpunkte\/schnupftabakbixl\/\">\n            <div class=\"klickpunkt-image\">\n                <img decoding=\"async\" src=\"https:\/\/glasmuseum-frauenau.de\/wp-content\/uploads\/2023\/03\/DSC_0901-web-300x200.jpg\" srcset=\"https:\/\/glasmuseum-frauenau.de\/wp-content\/uploads\/2023\/03\/DSC_0901-web-300x200.jpg 300w, https:\/\/glasmuseum-frauenau.de\/wp-content\/uploads\/2023\/03\/DSC_0901-web-1024x684.jpg 1024w, https:\/\/glasmuseum-frauenau.de\/wp-content\/uploads\/2023\/03\/DSC_0901-web-768x513.jpg 768w, https:\/\/glasmuseum-frauenau.de\/wp-content\/uploads\/2023\/03\/DSC_0901-web-1536x1025.jpg 1536w, https:\/\/glasmuseum-frauenau.de\/wp-content\/uploads\/2023\/03\/DSC_0901-web.jpg 1600w\" \/>\n            <\/div>\n        <\/a>\n        <div class=\"klickpunkt-content\">\n        <a href=\"https:\/\/glasmuseum-frauenau.de\/cz\/klickpunkte\/schnupftabakbixl\/\">\n            <h3>Snuffbixl<\/h3>\n        <\/a>\n        <div class=\"klickpunkt-button-wrapper elementor-widget-button arrow-button\">\n            <a href=\"https:\/\/glasmuseum-frauenau.de\/cz\/klickpunkte\/schnupftabakbixl\/\" class=\"klickpunkt-button elementor-button-link elementor-button elementor-size-sm\" role=\"button\"><\/a>\n        <\/div>\n    <\/div>\n<\/div>\n<div class=\"klickpunkt-item\">\n            <a href=\"https:\/\/glasmuseum-frauenau.de\/cz\/klickpunkte\/maschinenglas\/\">\n            <div class=\"klickpunkt-image\">\n                <img decoding=\"async\" src=\"https:\/\/glasmuseum-frauenau.de\/wp-content\/uploads\/2023\/02\/maschinenglas_teaser-300x200.jpg\" srcset=\"https:\/\/glasmuseum-frauenau.de\/wp-content\/uploads\/2023\/02\/maschinenglas_teaser-300x200.jpg 300w, https:\/\/glasmuseum-frauenau.de\/wp-content\/uploads\/2023\/02\/maschinenglas_teaser-1024x683.jpg 1024w, https:\/\/glasmuseum-frauenau.de\/wp-content\/uploads\/2023\/02\/maschinenglas_teaser-768x512.jpg 768w, https:\/\/glasmuseum-frauenau.de\/wp-content\/uploads\/2023\/02\/maschinenglas_teaser-1536x1025.jpg 1536w, https:\/\/glasmuseum-frauenau.de\/wp-content\/uploads\/2023\/02\/maschinenglas_teaser.jpg 1920w\" \/>\n            <\/div>\n        <\/a>\n        <div class=\"klickpunkt-content\">\n        <a href=\"https:\/\/glasmuseum-frauenau.de\/cz\/klickpunkte\/maschinenglas\/\">\n            <h3>Strojov\u00e9 sklo<\/h3>\n        <\/a>\n        <div class=\"klickpunkt-button-wrapper elementor-widget-button arrow-button\">\n            <a href=\"https:\/\/glasmuseum-frauenau.de\/cz\/klickpunkte\/maschinenglas\/\" class=\"klickpunkt-button elementor-button-link elementor-button elementor-size-sm\" role=\"button\"><\/a>\n        <\/div>\n    <\/div>\n<\/div>\n<div class=\"klickpunkt-item\">\n            <a href=\"https:\/\/glasmuseum-frauenau.de\/cz\/klickpunkte\/natuerliche-glaeser\/\">\n            <div class=\"klickpunkt-image\">\n                <img decoding=\"async\" src=\"https:\/\/glasmuseum-frauenau.de\/wp-content\/uploads\/2023\/02\/1-Obsidian-3-300x200.jpg\" srcset=\"https:\/\/glasmuseum-frauenau.de\/wp-content\/uploads\/2023\/02\/1-Obsidian-3-300x200.jpg 300w, https:\/\/glasmuseum-frauenau.de\/wp-content\/uploads\/2023\/02\/1-Obsidian-3-1024x684.jpg 1024w, https:\/\/glasmuseum-frauenau.de\/wp-content\/uploads\/2023\/02\/1-Obsidian-3-768x513.jpg 768w, https:\/\/glasmuseum-frauenau.de\/wp-content\/uploads\/2023\/02\/1-Obsidian-3.jpg 1200w\" \/>\n            <\/div>\n        <\/a>\n        <div class=\"klickpunkt-content\">\n        <a href=\"https:\/\/glasmuseum-frauenau.de\/cz\/klickpunkte\/natuerliche-glaeser\/\">\n            <h3>P\u0159\u00edrodn\u00ed br\u00fdle<\/h3>\n        <\/a>\n        <div class=\"klickpunkt-button-wrapper elementor-widget-button arrow-button\">\n            <a href=\"https:\/\/glasmuseum-frauenau.de\/cz\/klickpunkte\/natuerliche-glaeser\/\" class=\"klickpunkt-button elementor-button-link elementor-button elementor-size-sm\" role=\"button\"><\/a>\n        <\/div>\n    <\/div>\n<\/div>    <\/div>\n<\/div>\n\t\t\t\t\t\t<\/div>\n\t\t\t\t<\/div>\n\t\t\t\t\t<\/div>\n\t\t<\/div>\n\t\t\t\t\t<\/div>\n\t\t<\/section>\n\t\t\t\t\t<\/div>\n\t\t<\/div>\n\t\t\t\t\t<\/div>\n\t\t<\/section>\n\t\t\t\t<\/div>","protected":false},"excerpt":{"rendered":"<p>Virtu\u00e1ln\u00ed muzeum Hrav\u011b si vyzkou\u0161ejte sv\u011bt sklaES V\u0161echny klikac\u00ed body<\/p>","protected":false},"author":1,"featured_media":0,"parent":120,"menu_order":0,"comment_status":"closed","ping_status":"closed","template":"","meta":{"_acf_changed":false,"footnotes":""},"categories":[12],"class_list":["post-1006","page","type-page","status-publish","hentry","category-kids","entry","has-media"],"acf":[],"yoast_head":"<!-- This site is optimized with the Yoast SEO plugin v27.3 - https:\/\/yoast.com\/product\/yoast-seo-wordpress\/ -->\n<title>Virtuelles Museum - Glasmuseum Frauenau<\/title>\n<meta name=\"robots\" content=\"index, follow, max-snippet:-1, max-image-preview:large, max-video-preview:-1\" \/>\n<link rel=\"canonical\" href=\"https:\/\/glasmuseum-frauenau.de\/cz\/kids\/virtuelles-museum\/\" \/>\n<meta property=\"og:locale\" content=\"cs_CZ\" \/>\n<meta property=\"og:type\" content=\"article\" \/>\n<meta property=\"og:title\" content=\"Virtuelles Museum - Glasmuseum Frauenau\" \/>\n<meta property=\"og:description\" content=\"Virtuelles Museum Erlebe Spielerisch die Welt des GlasES Alle Klickpunkte\" \/>\n<meta property=\"og:url\" content=\"https:\/\/glasmuseum-frauenau.de\/cz\/kids\/virtuelles-museum\/\" \/>\n<meta property=\"og:site_name\" content=\"Glasmuseum Frauenau\" \/>\n<meta property=\"article:publisher\" content=\"https:\/\/www.facebook.com\/people\/Glasmuseum-Frauenau-Staatliches-Museum-zur-Geschichte-der-Glaskultur\/100057480098957\/\" \/>\n<meta property=\"article:modified_time\" content=\"2023-03-23T10:29:10+00:00\" \/>\n<meta name=\"twitter:card\" content=\"summary_large_image\" \/>\n<script type=\"application\/ld+json\" class=\"yoast-schema-graph\">{\"@context\":\"https:\\\/\\\/schema.org\",\"@graph\":[{\"@type\":\"WebPage\",\"@id\":\"https:\\\/\\\/glasmuseum-frauenau.de\\\/kids\\\/virtuelles-museum\\\/\",\"url\":\"https:\\\/\\\/glasmuseum-frauenau.de\\\/kids\\\/virtuelles-museum\\\/\",\"name\":\"Virtuelles Museum - Glasmuseum Frauenau\",\"isPartOf\":{\"@id\":\"https:\\\/\\\/glasmuseum-frauenau.de\\\/#website\"},\"datePublished\":\"2023-03-03T09:41:04+00:00\",\"dateModified\":\"2023-03-23T10:29:10+00:00\",\"breadcrumb\":{\"@id\":\"https:\\\/\\\/glasmuseum-frauenau.de\\\/kids\\\/virtuelles-museum\\\/#breadcrumb\"},\"inLanguage\":\"cs\",\"potentialAction\":[{\"@type\":\"ReadAction\",\"target\":[\"https:\\\/\\\/glasmuseum-frauenau.de\\\/kids\\\/virtuelles-museum\\\/\"]}]},{\"@type\":\"BreadcrumbList\",\"@id\":\"https:\\\/\\\/glasmuseum-frauenau.de\\\/kids\\\/virtuelles-museum\\\/#breadcrumb\",\"itemListElement\":[{\"@type\":\"ListItem\",\"position\":1,\"name\":\"Startseite\",\"item\":\"https:\\\/\\\/glasmuseum-frauenau.de\\\/\"},{\"@type\":\"ListItem\",\"position\":2,\"name\":\"Kids\",\"item\":\"https:\\\/\\\/glasmuseum-frauenau.de\\\/kids\\\/\"},{\"@type\":\"ListItem\",\"position\":3,\"name\":\"Virtuelles Museum\"}]},{\"@type\":\"WebSite\",\"@id\":\"https:\\\/\\\/glasmuseum-frauenau.de\\\/#website\",\"url\":\"https:\\\/\\\/glasmuseum-frauenau.de\\\/\",\"name\":\"Glasmuseum Frauenau\",\"description\":\"Entdecke - Erkunde - Erschaffe\",\"publisher\":{\"@id\":\"https:\\\/\\\/glasmuseum-frauenau.de\\\/#organization\"},\"potentialAction\":[{\"@type\":\"SearchAction\",\"target\":{\"@type\":\"EntryPoint\",\"urlTemplate\":\"https:\\\/\\\/glasmuseum-frauenau.de\\\/?s={search_term_string}\"},\"query-input\":{\"@type\":\"PropertyValueSpecification\",\"valueRequired\":true,\"valueName\":\"search_term_string\"}}],\"inLanguage\":\"cs\"},{\"@type\":\"Organization\",\"@id\":\"https:\\\/\\\/glasmuseum-frauenau.de\\\/#organization\",\"name\":\"Glasmuseum Frauenau\",\"url\":\"https:\\\/\\\/glasmuseum-frauenau.de\\\/\",\"logo\":{\"@type\":\"ImageObject\",\"inLanguage\":\"cs\",\"@id\":\"https:\\\/\\\/glasmuseum-frauenau.de\\\/#\\\/schema\\\/logo\\\/image\\\/\",\"url\":\"https:\\\/\\\/glasmuseum-frauenau.de\\\/wp-content\\\/uploads\\\/2022\\\/08\\\/glasmuseum-logo.svg\",\"contentUrl\":\"https:\\\/\\\/glasmuseum-frauenau.de\\\/wp-content\\\/uploads\\\/2022\\\/08\\\/glasmuseum-logo.svg\",\"width\":171,\"height\":91,\"caption\":\"Glasmuseum Frauenau\"},\"image\":{\"@id\":\"https:\\\/\\\/glasmuseum-frauenau.de\\\/#\\\/schema\\\/logo\\\/image\\\/\"},\"sameAs\":[\"https:\\\/\\\/www.facebook.com\\\/people\\\/Glasmuseum-Frauenau-Staatliches-Museum-zur-Geschichte-der-Glaskultur\\\/100057480098957\\\/\",\"https:\\\/\\\/www.instagram.com\\\/glasmuseum.frauenau\\\/?hl=de\"]}]}<\/script>\n<!-- \/ Yoast SEO plugin. -->","yoast_head_json":{"title":"Virtu\u00e1ln\u00ed muzeum - Frauenau Glass Museum","robots":{"index":"index","follow":"follow","max-snippet":"max-snippet:-1","max-image-preview":"max-image-preview:large","max-video-preview":"max-video-preview:-1"},"canonical":"https:\/\/glasmuseum-frauenau.de\/cz\/kids\/virtuelles-museum\/","og_locale":"cs_CZ","og_type":"article","og_title":"Virtuelles Museum - Glasmuseum Frauenau","og_description":"Virtuelles Museum Erlebe Spielerisch die Welt des GlasES Alle Klickpunkte","og_url":"https:\/\/glasmuseum-frauenau.de\/cz\/kids\/virtuelles-museum\/","og_site_name":"Glasmuseum Frauenau","article_publisher":"https:\/\/www.facebook.com\/people\/Glasmuseum-Frauenau-Staatliches-Museum-zur-Geschichte-der-Glaskultur\/100057480098957\/","article_modified_time":"2023-03-23T10:29:10+00:00","twitter_card":"summary_large_image","schema":{"@context":"https:\/\/schema.org","@graph":[{"@type":"WebPage","@id":"https:\/\/glasmuseum-frauenau.de\/kids\/virtuelles-museum\/","url":"https:\/\/glasmuseum-frauenau.de\/kids\/virtuelles-museum\/","name":"Virtu\u00e1ln\u00ed muzeum - Frauenau Glass Museum","isPartOf":{"@id":"https:\/\/glasmuseum-frauenau.de\/#website"},"datePublished":"2023-03-03T09:41:04+00:00","dateModified":"2023-03-23T10:29:10+00:00","breadcrumb":{"@id":"https:\/\/glasmuseum-frauenau.de\/kids\/virtuelles-museum\/#breadcrumb"},"inLanguage":"cs","potentialAction":[{"@type":"ReadAction","target":["https:\/\/glasmuseum-frauenau.de\/kids\/virtuelles-museum\/"]}]},{"@type":"BreadcrumbList","@id":"https:\/\/glasmuseum-frauenau.de\/kids\/virtuelles-museum\/#breadcrumb","itemListElement":[{"@type":"ListItem","position":1,"name":"Startseite","item":"https:\/\/glasmuseum-frauenau.de\/"},{"@type":"ListItem","position":2,"name":"Kids","item":"https:\/\/glasmuseum-frauenau.de\/kids\/"},{"@type":"ListItem","position":3,"name":"Virtuelles Museum"}]},{"@type":"WebSite","@id":"https:\/\/glasmuseum-frauenau.de\/#website","url":"https:\/\/glasmuseum-frauenau.de\/","name":"Muzeum skla Frauenau","description":"Objevovat - zkoumat - tvo\u0159it","publisher":{"@id":"https:\/\/glasmuseum-frauenau.de\/#organization"},"potentialAction":[{"@type":"SearchAction","target":{"@type":"EntryPoint","urlTemplate":"https:\/\/glasmuseum-frauenau.de\/?s={search_term_string}"},"query-input":{"@type":"PropertyValueSpecification","valueRequired":true,"valueName":"search_term_string"}}],"inLanguage":"cs"},{"@type":"Organization","@id":"https:\/\/glasmuseum-frauenau.de\/#organization","name":"Muzeum skla Frauenau","url":"https:\/\/glasmuseum-frauenau.de\/","logo":{"@type":"ImageObject","inLanguage":"cs","@id":"https:\/\/glasmuseum-frauenau.de\/#\/schema\/logo\/image\/","url":"https:\/\/glasmuseum-frauenau.de\/wp-content\/uploads\/2022\/08\/glasmuseum-logo.svg","contentUrl":"https:\/\/glasmuseum-frauenau.de\/wp-content\/uploads\/2022\/08\/glasmuseum-logo.svg","width":171,"height":91,"caption":"Glasmuseum Frauenau"},"image":{"@id":"https:\/\/glasmuseum-frauenau.de\/#\/schema\/logo\/image\/"},"sameAs":["https:\/\/www.facebook.com\/people\/Glasmuseum-Frauenau-Staatliches-Museum-zur-Geschichte-der-Glaskultur\/100057480098957\/","https:\/\/www.instagram.com\/glasmuseum.frauenau\/?hl=de"]}]}},"_links":{"self":[{"href":"https:\/\/glasmuseum-frauenau.de\/cz\/wp-json\/wp\/v2\/pages\/1006","targetHints":{"allow":["GET"]}}],"collection":[{"href":"https:\/\/glasmuseum-frauenau.de\/cz\/wp-json\/wp\/v2\/pages"}],"about":[{"href":"https:\/\/glasmuseum-frauenau.de\/cz\/wp-json\/wp\/v2\/types\/page"}],"author":[{"embeddable":true,"href":"https:\/\/glasmuseum-frauenau.de\/cz\/wp-json\/wp\/v2\/users\/1"}],"replies":[{"embeddable":true,"href":"https:\/\/glasmuseum-frauenau.de\/cz\/wp-json\/wp\/v2\/comments?post=1006"}],"version-history":[{"count":23,"href":"https:\/\/glasmuseum-frauenau.de\/cz\/wp-json\/wp\/v2\/pages\/1006\/revisions"}],"predecessor-version":[{"id":1997,"href":"https:\/\/glasmuseum-frauenau.de\/cz\/wp-json\/wp\/v2\/pages\/1006\/revisions\/1997"}],"up":[{"embeddable":true,"href":"https:\/\/glasmuseum-frauenau.de\/cz\/wp-json\/wp\/v2\/pages\/120"}],"wp:attachment":[{"href":"https:\/\/glasmuseum-frauenau.de\/cz\/wp-json\/wp\/v2\/media?parent=1006"}],"wp:term":[{"taxonomy":"category","embeddable":true,"href":"https:\/\/glasmuseum-frauenau.de\/cz\/wp-json\/wp\/v2\/categories?post=1006"}],"curies":[{"name":"wp","href":"https:\/\/api.w.org\/{rel}","templated":true}]}}